{"id":13,"date":"2022-10-18T10:54:12","date_gmt":"2022-10-18T10:54:12","guid":{"rendered":"https:\/\/postalfly.com\/?page_id=13"},"modified":"2024-06-07T09:21:23","modified_gmt":"2024-06-07T09:21:23","slug":"he-complete-guide-to-lost-and-found-what-to-do-and-how-to-recover-them","status":"publish","type":"page","link":"https:\/\/postalfly.com\/it\/recuperate-i-vostri-oggetti-smarriti-negli-aeroporti-con-goenvio\/","title":{"rendered":"La guida completa agli oggetti smarriti: Cosa fare e come recuperarli"},"content":{"rendered":"<div data-elementor-type=\"wp-page\" data-elementor-id=\"13\" class=\"elementor elementor-13\" data-elementor-post-type=\"page\">\n\t\t\t\t\t\t<section class=\"has_ae_slider elementor-section elementor-top-section elementor-element elementor-element-d676a70 elementor-section-full_width elementor-section-stretched elementor-section-height-default elementor-section-height-default ae-bg-gallery-type-default\" data-id=\"d676a70\" data-element_type=\"section\" data-settings=\"{&quot;stretch_section&quot;:&quot;section-stretched&quot;}\">\n\t\t\t\t\t\t<div class=\"elementor-container elementor-column-gap-wider\">\n\t\t\t\t\t<div class=\"has_ae_slider elementor-column elementor-col-100 elementor-top-column elementor-element elementor-element-d57ed04 ae-bg-gallery-type-default\" data-id=\"d57ed04\" data-element_type=\"column\" data-settings=\"{&quot;background_background&quot;:&quot;classic&quot;}\">\n\t\t\t<div class=\"elementor-widget-wrap elementor-element-populated\">\n\t\t\t\t\t\t<section class=\"has_ae_slider elementor-section elementor-inner-section elementor-element elementor-element-d3a90e6 elementor-section-boxed elementor-section-height-default elementor-section-height-default ae-bg-gallery-type-default\" data-id=\"d3a90e6\" data-element_type=\"section\">\n\t\t\t\t\t\t<div class=\"elementor-container elementor-column-gap-default\">\n\t\t\t\t\t<div class=\"has_ae_slider elementor-column elementor-col-100 elementor-inner-column elementor-element elementor-element-bd5e915 ae-bg-gallery-type-default\" data-id=\"bd5e915\" data-element_type=\"column\">\n\t\t\t<div class=\"elementor-widget-wrap elementor-element-populated\">\n\t\t\t\t\t\t<section class=\"has_ae_slider elementor-section elementor-inner-section elementor-element elementor-element-c100ef7 elementor-section-boxed elementor-section-height-default elementor-section-height-default ae-bg-gallery-type-default\" data-id=\"c100ef7\" data-element_type=\"section\">\n\t\t\t\t\t\t<div class=\"elementor-container elementor-column-gap-default\">\n\t\t\t\t\t<div class=\"has_ae_slider elementor-column elementor-col-25 elementor-inner-column elementor-element elementor-element-8cbaae0 ae-bg-gallery-type-default\" data-id=\"8cbaae0\" data-element_type=\"column\">\n\t\t\t<div class=\"elementor-widget-wrap\">\n\t\t\t\t\t\t\t<\/div>\n\t\t<\/div>\n\t\t\t\t<div class=\"has_ae_slider elementor-column elementor-col-50 elementor-inner-column elementor-element elementor-element-f71378a ae-bg-gallery-type-default\" data-id=\"f71378a\" data-element_type=\"column\">\n\t\t\t<div class=\"elementor-widget-wrap elementor-element-populated\">\n\t\t\t\t\t\t<div class=\"elementor-element elementor-element-598cb93 elementor-widget elementor-widget-heading\" data-id=\"598cb93\" data-element_type=\"widget\" data-widget_type=\"heading.default\">\n\t\t\t\t<div class=\"elementor-widget-container\">\n\t\t\t\t\t<h3 class=\"elementor-heading-title elementor-size-default\">La guida completa agli oggetti smarriti: Cosa fare e come recuperarli<\/h3>\t\t\t\t<\/div>\n\t\t\t\t<\/div>\n\t\t\t\t<div class=\"elementor-element elementor-element-563c703 elementor-widget-tablet__width-initial elementor-widget elementor-widget-heading\" data-id=\"563c703\" data-element_type=\"widget\" data-widget_type=\"heading.default\">\n\t\t\t\t<div class=\"elementor-widget-container\">\n\t\t\t\t\t<h5 class=\"elementor-heading-title elementor-size-default\">Perdere un oggetto personale pu\u00f2 essere un'esperienza frustrante e stressante. Che abbiate smarrito le chiavi, il cellulare o qualcosa di importante come il portafoglio, la sensazione di perdita pu\u00f2 essere opprimente. Tuttavia, con le giuste informazioni e strategie, recuperare gli oggetti smarriti pu\u00f2 essere pi\u00f9 facile di quanto si pensi. In questo articolo vi offriamo una guida completa su cosa fare quando si perde un oggetto e su come aumentare le possibilit\u00e0 di recuperarlo.\n\n\n\n\n\n\n\n\n\n\n\n\n\n\n<\/h5>\t\t\t\t<\/div>\n\t\t\t\t<\/div>\n\t\t\t\t\t<\/div>\n\t\t<\/div>\n\t\t\t\t<div class=\"has_ae_slider elementor-column elementor-col-25 elementor-inner-column elementor-element elementor-element-50c51bc ae-bg-gallery-type-default\" data-id=\"50c51bc\" data-element_type=\"column\">\n\t\t\t<div class=\"elementor-widget-wrap\">\n\t\t\t\t\t\t\t<\/div>\n\t\t<\/div>\n\t\t\t\t\t<\/div>\n\t\t<\/section>\n\t\t\t\t\t<\/div>\n\t\t<\/div>\n\t\t\t\t\t<\/div>\n\t\t<\/section>\n\t\t\t\t\t<\/div>\n\t\t<\/div>\n\t\t\t\t\t<\/div>\n\t\t<\/section>\n\t\t\t\t<section class=\"has_ae_slider elementor-section elementor-top-section elementor-element elementor-element-0d58ce0 elementor-section-full_width elementor-section-stretched elementor-section-height-default elementor-section-height-default ae-bg-gallery-type-default\" data-id=\"0d58ce0\" data-element_type=\"section\" data-settings=\"{&quot;stretch_section&quot;:&quot;section-stretched&quot;,&quot;background_background&quot;:&quot;classic&quot;}\">\n\t\t\t\t\t\t<div class=\"elementor-container elementor-column-gap-default\">\n\t\t\t\t\t<div class=\"has_ae_slider elementor-column elementor-col-100 elementor-top-column elementor-element elementor-element-16d11c8 ae-bg-gallery-type-default\" data-id=\"16d11c8\" data-element_type=\"column\" data-settings=\"{&quot;background_background&quot;:&quot;classic&quot;}\">\n\t\t\t<div class=\"elementor-widget-wrap elementor-element-populated\">\n\t\t\t\t\t\t<section class=\"has_ae_slider elementor-section elementor-inner-section elementor-element elementor-element-4a1e55a elementor-reverse-tablet elementor-reverse-mobile elementor-section-boxed elementor-section-height-default elementor-section-height-default ae-bg-gallery-type-default\" data-id=\"4a1e55a\" data-element_type=\"section\" id=\"dental\">\n\t\t\t\t\t\t<div class=\"elementor-container elementor-column-gap-default\">\n\t\t\t\t\t<div class=\"has_ae_slider elementor-column elementor-col-50 elementor-inner-column elementor-element elementor-element-6a6be8d ae-bg-gallery-type-default\" data-id=\"6a6be8d\" data-element_type=\"column\" data-settings=\"{&quot;background_background&quot;:&quot;classic&quot;}\">\n\t\t\t<div class=\"elementor-widget-wrap elementor-element-populated\">\n\t\t\t\t\t\t<div class=\"elementor-element elementor-element-3774c39 elementor-widget elementor-widget-text-editor\" data-id=\"3774c39\" data-element_type=\"widget\" data-widget_type=\"text-editor.default\">\n\t\t\t\t<div class=\"elementor-widget-container\">\n\t\t\t\t\t\t\t\t\t<h4>Cosa fare quando si perde un oggetto<\/h4><h5>1. Mantenere la calma<\/h5><p>La prima e pi\u00f9 importante cosa da fare \u00e8 mantenere la calma. L'ansia pu\u00f2 offuscare il giudizio e rendere pi\u00f9 difficile il recupero dell'oggetto. Prendetevi un momento per respirare profondamente e pensare con chiarezza.<\/p><h5>2. Richiamo<\/h5><p>Cercate di ricordare quando e dove avete visto per l'ultima volta l'oggetto smarrito. Cosa stavate facendo in quel momento? Con chi eravate? Fare un elenco mentale degli ultimi luoghi in cui siete stati pu\u00f2 essere molto utile.<\/p><h5>3. Ripercorrere i propri passi<\/h5><p>Tornate nei luoghi in cui pensate di aver perso l'oggetto. Controllate attentamente le aree e chiedete alle persone vicine se hanno visto l'oggetto. Non esitate a chiedere, perch\u00e9 molte volte gli oggetti smarriti vengono raccolti da persone oneste che cercano di restituirli ai loro proprietari.<\/p><h5>4. Avvisare le autorit\u00e0<\/h5><p>Se avete perso qualcosa in un luogo pubblico come un parco, un centro commerciale o un mezzo di trasporto pubblico, assicuratevi di informare le autorit\u00e0 competenti. Spesso gli oggetti smarriti vengono consegnati all'amministrazione del luogo o all'ufficio oggetti smarriti.<\/p>\t\t\t\t\t\t\t\t<\/div>\n\t\t\t\t<\/div>\n\t\t\t\t\t<\/div>\n\t\t<\/div>\n\t\t\t\t<div class=\"has_ae_slider elementor-column elementor-col-50 elementor-inner-column elementor-element elementor-element-5eb845c ae-bg-gallery-type-default\" data-id=\"5eb845c\" data-element_type=\"column\" data-settings=\"{&quot;background_background&quot;:&quot;classic&quot;}\">\n\t\t\t<div class=\"elementor-widget-wrap elementor-element-populated\">\n\t\t\t\t\t\t<div class=\"elementor-element elementor-element-fe8aa1c elementor-widget elementor-widget-spacer\" data-id=\"fe8aa1c\" data-element_type=\"widget\" data-widget_type=\"spacer.default\">\n\t\t\t\t<div class=\"elementor-widget-container\">\n\t\t\t\t\t\t\t<div class=\"elementor-spacer\">\n\t\t\t<div class=\"elementor-spacer-inner\"><\/div>\n\t\t<\/div>\n\t\t\t\t\t\t<\/div>\n\t\t\t\t<\/div>\n\t\t\t\t\t<\/div>\n\t\t<\/div>\n\t\t\t\t\t<\/div>\n\t\t<\/section>\n\t\t\t\t<section class=\"has_ae_slider elementor-section elementor-inner-section elementor-element elementor-element-9f13e75 elementor-section-boxed elementor-section-height-default elementor-section-height-default ae-bg-gallery-type-default\" data-id=\"9f13e75\" data-element_type=\"section\" id=\"xray\">\n\t\t\t\t\t\t<div class=\"elementor-container elementor-column-gap-default\">\n\t\t\t\t\t<div class=\"has_ae_slider elementor-column elementor-col-100 elementor-inner-column elementor-element elementor-element-a864368 ae-bg-gallery-type-default\" data-id=\"a864368\" data-element_type=\"column\" data-settings=\"{&quot;background_background&quot;:&quot;classic&quot;}\">\n\t\t\t<div class=\"elementor-widget-wrap elementor-element-populated\">\n\t\t\t\t\t\t<div class=\"elementor-element elementor-element-ac07bb3 elementor-widget elementor-widget-heading\" data-id=\"ac07bb3\" data-element_type=\"widget\" data-widget_type=\"heading.default\">\n\t\t\t\t<div class=\"elementor-widget-container\">\n\t\t\t\t\t<h5 class=\"elementor-heading-title elementor-size-default\">Oggi esistono molte applicazioni e dispositivi che possono aiutarvi a ritrovare gli oggetti smarriti. Applicazioni come Trova il mio iPhone per i dispositivi Apple e tracker Bluetooth come Tile possono essere estremamente utili.<\/h5>\t\t\t\t<\/div>\n\t\t\t\t<\/div>\n\t\t\t\t<div class=\"elementor-element elementor-element-1565d5c elementor-widget elementor-widget-text-editor\" data-id=\"1565d5c\" data-element_type=\"widget\" data-widget_type=\"text-editor.default\">\n\t\t\t\t<div class=\"elementor-widget-container\">\n\t\t\t\t\t\t\t\t\t<h4>Come funziona PostalFly?<\/h4>\nPostalFly opera in tutto il mondo, coprendo una vasta rete che comprende i principali punti di traffico aereo globali. Il nostro servizio di ritiro e consegna gestisce l'intero processo, dalla localizzazione dell'oggetto smarrito alla consegna all'indirizzo da voi indicato, sia in Spagna che in qualsiasi altra parte del mondo.\n<h4>Richiedere facilmente il servizio<\/h4>\nPer utilizzare il nostro servizio, \u00e8 sufficiente visitare il seguente link: <a href=\"https:\/\/postalfly.com\/it\/preventivo-per-la-spedizione-di-oggetti-smarriti\/\" target=\"_new\" rel=\"noreferrer\">Richiedi il servizio di spedizione degli oggetti smarriti<\/a>. La nostra piattaforma \u00e8 facile da usare e vi guider\u00e0 attraverso il processo di richiesta. Una volta ricevuta la richiesta, il nostro team si metter\u00e0 al lavoro per garantire che il vostro articolo smarrito venga recuperato e rispedito al pi\u00f9 presto.\t\t\t\t\t\t\t\t<\/div>\n\t\t\t\t<\/div>\n\t\t\t\t\t<\/div>\n\t\t<\/div>\n\t\t\t\t\t<\/div>\n\t\t<\/section>\n\t\t\t\t\t<\/div>\n\t\t<\/div>\n\t\t\t\t\t<\/div>\n\t\t<\/section>\n\t\t\t\t<section class=\"has_ae_slider elementor-section elementor-top-section elementor-element elementor-element-64e0935 elementor-section-full_width elementor-section-stretched elementor-section-height-default elementor-section-height-default ae-bg-gallery-type-default\" data-id=\"64e0935\" data-element_type=\"section\" data-settings=\"{&quot;stretch_section&quot;:&quot;section-stretched&quot;}\">\n\t\t\t\t\t\t<div class=\"elementor-container elementor-column-gap-wider\">\n\t\t\t\t\t<div class=\"has_ae_slider elementor-column elementor-col-100 elementor-top-column elementor-element elementor-element-3718854 ae-bg-gallery-type-default\" data-id=\"3718854\" data-element_type=\"column\">\n\t\t\t<div class=\"elementor-widget-wrap elementor-element-populated\">\n\t\t\t\t\t\t<section class=\"has_ae_slider elementor-section elementor-inner-section elementor-element elementor-element-6462d46 elementor-section-boxed elementor-section-height-default elementor-section-height-default ae-bg-gallery-type-default\" data-id=\"6462d46\" data-element_type=\"section\" data-settings=\"{&quot;background_background&quot;:&quot;classic&quot;}\">\n\t\t\t\t\t\t<div class=\"elementor-container elementor-column-gap-default\">\n\t\t\t\t\t<div class=\"has_ae_slider elementor-column elementor-col-100 elementor-inner-column elementor-element elementor-element-cac5a93 ae-bg-gallery-type-default\" data-id=\"cac5a93\" data-element_type=\"column\" data-settings=\"{&quot;background_background&quot;:&quot;classic&quot;}\">\n\t\t\t<div class=\"elementor-widget-wrap elementor-element-populated\">\n\t\t\t\t\t\t<div class=\"elementor-element elementor-element-96d16a7 elementor-widget__width-initial elementor-widget elementor-widget-heading\" data-id=\"96d16a7\" data-element_type=\"widget\" data-widget_type=\"heading.default\">\n\t\t\t\t<div class=\"elementor-widget-container\">\n\t\t\t\t\t<h3 class=\"elementor-heading-title elementor-size-default\"><p><span style=\"color: #2b6cf5\">Richiedi il tuo<\/span> preventivo non vincolante<\/p>\n<\/h3>\t\t\t\t<\/div>\n\t\t\t\t<\/div>\n\t\t\t\t<div class=\"elementor-element elementor-element-3f554ac elementor-mobile-align-center elementor-widget-tablet__width-inherit elementor-align-center elementor-widget elementor-widget-button\" data-id=\"3f554ac\" data-element_type=\"widget\" data-widget_type=\"button.default\">\n\t\t\t\t<div class=\"elementor-widget-container\">\n\t\t\t\t\t\t\t\t\t<div class=\"elementor-button-wrapper\">\n\t\t\t\t\t<a class=\"elementor-button elementor-button-link elementor-size-sm\" href=\"https:\/\/postalfly.com\/it\/preventivo-per-la-spedizione-di-oggetti-smarriti\/\">\n\t\t\t\t\t\t<span class=\"elementor-button-content-wrapper\">\n\t\t\t\t\t\t\t\t\t<span class=\"elementor-button-text\">Clicca qui<\/span>\n\t\t\t\t\t<\/span>\n\t\t\t\t\t<\/a>\n\t\t\t\t<\/div>\n\t\t\t\t\t\t\t\t<\/div>\n\t\t\t\t<\/div>\n\t\t\t\t\t<\/div>\n\t\t<\/div>\n\t\t\t\t\t<\/div>\n\t\t<\/section>\n\t\t\t\t\t<\/div>\n\t\t<\/div>\n\t\t\t\t\t<\/div>\n\t\t<\/section>\n\t\t\t\t<\/div>","protected":false},"excerpt":{"rendered":"<p>La guida completa agli oggetti smarriti: Cosa fare e come recuperarli Perdere un oggetto personale pu\u00f2 essere un'esperienza frustrante e stressante.<span class=\"excerpt-hellip\"> [...]<\/span><\/p>","protected":false},"author":1,"featured_media":0,"parent":0,"menu_order":0,"comment_status":"open","ping_status":"closed","template":"","meta":{"footnotes":""},"class_list":["post-13","page","type-page","status-publish","hentry"],"yoast_head":"<!-- This site is optimized with the Yoast SEO Premium plugin v21.7 (Yoast SEO v26.3) - https:\/\/yoast.com\/wordpress\/plugins\/seo\/ -->\n<title>The complete guide to lost and found: What to do and how to recover them - postalfly<\/title>\n<meta name=\"robots\" content=\"index, follow, max-snippet:-1, max-image-preview:large, max-video-preview:-1\" \/>\n<link rel=\"canonical\" href=\"https:\/\/postalfly.com\/it\/recuperate-i-vostri-oggetti-smarriti-negli-aeroporti-con-goenvio\/\" \/>\n<meta property=\"og:locale\" content=\"it_IT\" \/>\n<meta property=\"og:type\" content=\"article\" \/>\n<meta property=\"og:title\" content=\"The complete guide to lost and found: What to do and how to recover them\" \/>\n<meta property=\"og:description\" content=\"The complete guide to lost an found: What to do and how to recover Them Losing a personal item can be a frustrating and stressful experience. [\u2026]\" \/>\n<meta property=\"og:url\" content=\"https:\/\/postalfly.com\/it\/recuperate-i-vostri-oggetti-smarriti-negli-aeroporti-con-goenvio\/\" \/>\n<meta property=\"og:site_name\" content=\"postalfly\" \/>\n<meta property=\"article:modified_time\" content=\"2024-06-07T09:21:23+00:00\" \/>\n<meta name=\"twitter:card\" content=\"summary_large_image\" \/>\n<meta name=\"twitter:label1\" content=\"Tempo di lettura stimato\" \/>\n\t<meta name=\"twitter:data1\" content=\"2 minuti\" \/>\n<script type=\"application\/ld+json\" class=\"yoast-schema-graph\">{\"@context\":\"https:\/\/schema.org\",\"@graph\":[{\"@type\":\"WebPage\",\"@id\":\"https:\/\/postalfly.com\/he-complete-guide-to-lost-and-found-what-to-do-and-how-to-recover-them\/\",\"url\":\"https:\/\/postalfly.com\/he-complete-guide-to-lost-and-found-what-to-do-and-how-to-recover-them\/\",\"name\":\"The complete guide to lost and found: What to do and how to recover them - postalfly\",\"isPartOf\":{\"@id\":\"https:\/\/postalfly.com\/#website\"},\"datePublished\":\"2022-10-18T10:54:12+00:00\",\"dateModified\":\"2024-06-07T09:21:23+00:00\",\"breadcrumb\":{\"@id\":\"https:\/\/postalfly.com\/he-complete-guide-to-lost-and-found-what-to-do-and-how-to-recover-them\/#breadcrumb\"},\"inLanguage\":\"it-IT\",\"potentialAction\":[{\"@type\":\"ReadAction\",\"target\":[\"https:\/\/postalfly.com\/he-complete-guide-to-lost-and-found-what-to-do-and-how-to-recover-them\/\"]}]},{\"@type\":\"BreadcrumbList\",\"@id\":\"https:\/\/postalfly.com\/he-complete-guide-to-lost-and-found-what-to-do-and-how-to-recover-them\/#breadcrumb\",\"itemListElement\":[{\"@type\":\"ListItem\",\"position\":1,\"name\":\"Home\",\"item\":\"https:\/\/postalfly.com\/\"},{\"@type\":\"ListItem\",\"position\":2,\"name\":\"The complete guide to lost and found: What to do and how to recover them\"}]},{\"@type\":\"WebSite\",\"@id\":\"https:\/\/postalfly.com\/#website\",\"url\":\"https:\/\/postalfly.com\/\",\"name\":\"PostalFly\",\"description\":\"Lost Items Shipping: Airports - Retrieve Your Belongings\",\"publisher\":{\"@id\":\"https:\/\/postalfly.com\/#organization\"},\"potentialAction\":[{\"@type\":\"SearchAction\",\"target\":{\"@type\":\"EntryPoint\",\"urlTemplate\":\"https:\/\/postalfly.com\/?s={search_term_string}\"},\"query-input\":{\"@type\":\"PropertyValueSpecification\",\"valueRequired\":true,\"valueName\":\"search_term_string\"}}],\"inLanguage\":\"it-IT\"},{\"@type\":\"Organization\",\"@id\":\"https:\/\/postalfly.com\/#organization\",\"name\":\"PostalFly\",\"url\":\"https:\/\/postalfly.com\/\",\"logo\":{\"@type\":\"ImageObject\",\"inLanguage\":\"it-IT\",\"@id\":\"https:\/\/postalfly.com\/#\/schema\/logo\/image\/\",\"url\":\"\",\"contentUrl\":\"\",\"caption\":\"PostalFly\"},\"image\":{\"@id\":\"https:\/\/postalfly.com\/#\/schema\/logo\/image\/\"}}]}<\/script>\n<!-- \/ Yoast SEO Premium plugin. -->","yoast_head_json":{"title":"La guida completa agli oggetti smarriti: Cosa fare e come recuperarli - postalfly","robots":{"index":"index","follow":"follow","max-snippet":"max-snippet:-1","max-image-preview":"max-image-preview:large","max-video-preview":"max-video-preview:-1"},"canonical":"https:\/\/postalfly.com\/it\/recuperate-i-vostri-oggetti-smarriti-negli-aeroporti-con-goenvio\/","og_locale":"it_IT","og_type":"article","og_title":"The complete guide to lost and found: What to do and how to recover them","og_description":"The complete guide to lost an found: What to do and how to recover Them Losing a personal item can be a frustrating and stressful experience. [\u2026]","og_url":"https:\/\/postalfly.com\/it\/recuperate-i-vostri-oggetti-smarriti-negli-aeroporti-con-goenvio\/","og_site_name":"postalfly","article_modified_time":"2024-06-07T09:21:23+00:00","twitter_card":"summary_large_image","twitter_misc":{"Tempo di lettura stimato":"2 minuti"},"schema":{"@context":"https:\/\/schema.org","@graph":[{"@type":"WebPage","@id":"https:\/\/postalfly.com\/he-complete-guide-to-lost-and-found-what-to-do-and-how-to-recover-them\/","url":"https:\/\/postalfly.com\/he-complete-guide-to-lost-and-found-what-to-do-and-how-to-recover-them\/","name":"La guida completa agli oggetti smarriti: Cosa fare e come recuperarli - postalfly","isPartOf":{"@id":"https:\/\/postalfly.com\/#website"},"datePublished":"2022-10-18T10:54:12+00:00","dateModified":"2024-06-07T09:21:23+00:00","breadcrumb":{"@id":"https:\/\/postalfly.com\/he-complete-guide-to-lost-and-found-what-to-do-and-how-to-recover-them\/#breadcrumb"},"inLanguage":"it-IT","potentialAction":[{"@type":"ReadAction","target":["https:\/\/postalfly.com\/he-complete-guide-to-lost-and-found-what-to-do-and-how-to-recover-them\/"]}]},{"@type":"BreadcrumbList","@id":"https:\/\/postalfly.com\/he-complete-guide-to-lost-and-found-what-to-do-and-how-to-recover-them\/#breadcrumb","itemListElement":[{"@type":"ListItem","position":1,"name":"Home","item":"https:\/\/postalfly.com\/"},{"@type":"ListItem","position":2,"name":"The complete guide to lost and found: What to do and how to recover them"}]},{"@type":"WebSite","@id":"https:\/\/postalfly.com\/#website","url":"https:\/\/postalfly.com\/","name":"PostalFly","description":"Spedizione di oggetti smarriti: Aeroporti - Recuperare i propri effetti personali","publisher":{"@id":"https:\/\/postalfly.com\/#organization"},"potentialAction":[{"@type":"SearchAction","target":{"@type":"EntryPoint","urlTemplate":"https:\/\/postalfly.com\/?s={search_term_string}"},"query-input":{"@type":"PropertyValueSpecification","valueRequired":true,"valueName":"search_term_string"}}],"inLanguage":"it-IT"},{"@type":"Organization","@id":"https:\/\/postalfly.com\/#organization","name":"PostalFly","url":"https:\/\/postalfly.com\/","logo":{"@type":"ImageObject","inLanguage":"it-IT","@id":"https:\/\/postalfly.com\/#\/schema\/logo\/image\/","url":"","contentUrl":"","caption":"PostalFly"},"image":{"@id":"https:\/\/postalfly.com\/#\/schema\/logo\/image\/"}}]}},"_links":{"self":[{"href":"https:\/\/postalfly.com\/it\/wp-json\/wp\/v2\/pages\/13","targetHints":{"allow":["GET"]}}],"collection":[{"href":"https:\/\/postalfly.com\/it\/wp-json\/wp\/v2\/pages"}],"about":[{"href":"https:\/\/postalfly.com\/it\/wp-json\/wp\/v2\/types\/page"}],"author":[{"embeddable":true,"href":"https:\/\/postalfly.com\/it\/wp-json\/wp\/v2\/users\/1"}],"replies":[{"embeddable":true,"href":"https:\/\/postalfly.com\/it\/wp-json\/wp\/v2\/comments?post=13"}],"version-history":[{"count":0,"href":"https:\/\/postalfly.com\/it\/wp-json\/wp\/v2\/pages\/13\/revisions"}],"wp:attachment":[{"href":"https:\/\/postalfly.com\/it\/wp-json\/wp\/v2\/media?parent=13"}],"curies":[{"name":"wp","href":"https:\/\/api.w.org\/{rel}","templated":true}]}}