{"id":13,"date":"2022-10-18T10:54:12","date_gmt":"2022-10-18T10:54:12","guid":{"rendered":"https:\/\/postalfly.com\/?page_id=13"},"modified":"2024-06-07T09:21:23","modified_gmt":"2024-06-07T09:21:23","slug":"he-complete-guide-to-lost-and-found-what-to-do-and-how-to-recover-them","status":"publish","type":"page","link":"https:\/\/postalfly.com\/nb\/finn-igjen-tapte-eiendeler-pa-flyplasser-med-goenvio\/","title":{"rendered":"Den komplette guiden til hittegods: Hva du skal gj\u00f8re og hvordan du finner dem igjen"},"content":{"rendered":"<div data-elementor-type=\"wp-page\" data-elementor-id=\"13\" class=\"elementor elementor-13\" data-elementor-post-type=\"page\">\n\t\t\t\t\t\t<section class=\"has_ae_slider elementor-section elementor-top-section elementor-element elementor-element-d676a70 elementor-section-full_width elementor-section-stretched elementor-section-height-default elementor-section-height-default ae-bg-gallery-type-default\" data-id=\"d676a70\" data-element_type=\"section\" data-settings=\"{&quot;stretch_section&quot;:&quot;section-stretched&quot;}\">\n\t\t\t\t\t\t<div class=\"elementor-container elementor-column-gap-wider\">\n\t\t\t\t\t<div class=\"has_ae_slider elementor-column elementor-col-100 elementor-top-column elementor-element elementor-element-d57ed04 ae-bg-gallery-type-default\" data-id=\"d57ed04\" data-element_type=\"column\" data-settings=\"{&quot;background_background&quot;:&quot;classic&quot;}\">\n\t\t\t<div class=\"elementor-widget-wrap elementor-element-populated\">\n\t\t\t\t\t\t<section class=\"has_ae_slider elementor-section elementor-inner-section elementor-element elementor-element-d3a90e6 elementor-section-boxed elementor-section-height-default elementor-section-height-default ae-bg-gallery-type-default\" data-id=\"d3a90e6\" data-element_type=\"section\">\n\t\t\t\t\t\t<div class=\"elementor-container elementor-column-gap-default\">\n\t\t\t\t\t<div class=\"has_ae_slider elementor-column elementor-col-100 elementor-inner-column elementor-element elementor-element-bd5e915 ae-bg-gallery-type-default\" data-id=\"bd5e915\" data-element_type=\"column\">\n\t\t\t<div class=\"elementor-widget-wrap elementor-element-populated\">\n\t\t\t\t\t\t<section class=\"has_ae_slider elementor-section elementor-inner-section elementor-element elementor-element-c100ef7 elementor-section-boxed elementor-section-height-default elementor-section-height-default ae-bg-gallery-type-default\" data-id=\"c100ef7\" data-element_type=\"section\">\n\t\t\t\t\t\t<div class=\"elementor-container elementor-column-gap-default\">\n\t\t\t\t\t<div class=\"has_ae_slider elementor-column elementor-col-25 elementor-inner-column elementor-element elementor-element-8cbaae0 ae-bg-gallery-type-default\" data-id=\"8cbaae0\" data-element_type=\"column\">\n\t\t\t<div class=\"elementor-widget-wrap\">\n\t\t\t\t\t\t\t<\/div>\n\t\t<\/div>\n\t\t\t\t<div class=\"has_ae_slider elementor-column elementor-col-50 elementor-inner-column elementor-element elementor-element-f71378a ae-bg-gallery-type-default\" data-id=\"f71378a\" data-element_type=\"column\">\n\t\t\t<div class=\"elementor-widget-wrap elementor-element-populated\">\n\t\t\t\t\t\t<div class=\"elementor-element elementor-element-598cb93 elementor-widget elementor-widget-heading\" data-id=\"598cb93\" data-element_type=\"widget\" data-widget_type=\"heading.default\">\n\t\t\t\t<div class=\"elementor-widget-container\">\n\t\t\t\t\t<h3 class=\"elementor-heading-title elementor-size-default\">Den komplette guiden til tapt og funnet: Hva du skal gj\u00f8re og hvordan du finner dem igjen<\/h3>\t\t\t\t<\/div>\n\t\t\t\t<\/div>\n\t\t\t\t<div class=\"elementor-element elementor-element-563c703 elementor-widget-tablet__width-initial elementor-widget elementor-widget-heading\" data-id=\"563c703\" data-element_type=\"widget\" data-widget_type=\"heading.default\">\n\t\t\t\t<div class=\"elementor-widget-container\">\n\t\t\t\t\t<h5 class=\"elementor-heading-title elementor-size-default\">\u00c5 miste en personlig gjenstand kan v\u00e6re en frustrerende og stressende opplevelse. Enten du har mistet n\u00f8klene, mobiltelefonen eller noe s\u00e5 viktig som lommeboken, kan f\u00f8lelsen av \u00e5 ha mistet noe v\u00e6re overveldende. Men med riktig informasjon og strategier kan det v\u00e6re enklere enn du tror \u00e5 gjenfinne tapte gjenstander. I denne artikkelen gir vi deg en komplett guide til hva du skal gj\u00f8re n\u00e5r du mister en gjenstand, og hvordan du kan \u00f8ke sjansene dine for \u00e5 finne den igjen.\n\n\n\n\n\n\n\n\n\n\n\n\n\n\n<\/h5>\t\t\t\t<\/div>\n\t\t\t\t<\/div>\n\t\t\t\t\t<\/div>\n\t\t<\/div>\n\t\t\t\t<div class=\"has_ae_slider elementor-column elementor-col-25 elementor-inner-column elementor-element elementor-element-50c51bc ae-bg-gallery-type-default\" data-id=\"50c51bc\" data-element_type=\"column\">\n\t\t\t<div class=\"elementor-widget-wrap\">\n\t\t\t\t\t\t\t<\/div>\n\t\t<\/div>\n\t\t\t\t\t<\/div>\n\t\t<\/section>\n\t\t\t\t\t<\/div>\n\t\t<\/div>\n\t\t\t\t\t<\/div>\n\t\t<\/section>\n\t\t\t\t\t<\/div>\n\t\t<\/div>\n\t\t\t\t\t<\/div>\n\t\t<\/section>\n\t\t\t\t<section class=\"has_ae_slider elementor-section elementor-top-section elementor-element elementor-element-0d58ce0 elementor-section-full_width elementor-section-stretched elementor-section-height-default elementor-section-height-default ae-bg-gallery-type-default\" data-id=\"0d58ce0\" data-element_type=\"section\" data-settings=\"{&quot;stretch_section&quot;:&quot;section-stretched&quot;,&quot;background_background&quot;:&quot;classic&quot;}\">\n\t\t\t\t\t\t<div class=\"elementor-container elementor-column-gap-default\">\n\t\t\t\t\t<div class=\"has_ae_slider elementor-column elementor-col-100 elementor-top-column elementor-element elementor-element-16d11c8 ae-bg-gallery-type-default\" data-id=\"16d11c8\" data-element_type=\"column\" data-settings=\"{&quot;background_background&quot;:&quot;classic&quot;}\">\n\t\t\t<div class=\"elementor-widget-wrap elementor-element-populated\">\n\t\t\t\t\t\t<section class=\"has_ae_slider elementor-section elementor-inner-section elementor-element elementor-element-4a1e55a elementor-reverse-tablet elementor-reverse-mobile elementor-section-boxed elementor-section-height-default elementor-section-height-default ae-bg-gallery-type-default\" data-id=\"4a1e55a\" data-element_type=\"section\" id=\"dental\">\n\t\t\t\t\t\t<div class=\"elementor-container elementor-column-gap-default\">\n\t\t\t\t\t<div class=\"has_ae_slider elementor-column elementor-col-50 elementor-inner-column elementor-element elementor-element-6a6be8d ae-bg-gallery-type-default\" data-id=\"6a6be8d\" data-element_type=\"column\" data-settings=\"{&quot;background_background&quot;:&quot;classic&quot;}\">\n\t\t\t<div class=\"elementor-widget-wrap elementor-element-populated\">\n\t\t\t\t\t\t<div class=\"elementor-element elementor-element-3774c39 elementor-widget elementor-widget-text-editor\" data-id=\"3774c39\" data-element_type=\"widget\" data-widget_type=\"text-editor.default\">\n\t\t\t\t<div class=\"elementor-widget-container\">\n\t\t\t\t\t\t\t\t\t<h4>Hva du skal gj\u00f8re n\u00e5r du mister en gjenstand<\/h4><h5>1. Behold roen<\/h5><p>Det f\u00f8rste og viktigste er \u00e5 holde seg rolig. Angst kan svekke d\u00f8mmekraften din og gj\u00f8re det vanskeligere \u00e5 finne gjenstanden. Ta deg tid til \u00e5 puste dypt og tenke klart.<\/p><h5>2. Tilbakekalling<\/h5><p>Pr\u00f8v \u00e5 huske n\u00e5r og hvor du sist s\u00e5 den tapte gjenstanden. Hva gjorde du p\u00e5 det tidspunktet? Hvem var du sammen med? Det kan v\u00e6re til stor hjelp \u00e5 lage en mental liste over de siste stedene du var.<\/p><h5>3. F\u00f8lg trinnene dine p\u00e5 nytt<\/h5><p>G\u00e5 tilbake til de stedene der du tror du kan ha mistet gjenstanden. Unders\u00f8k omr\u00e5det n\u00f8ye, og sp\u00f8r folk i n\u00e6rheten om de har sett gjenstanden. Ikke n\u00f8l med \u00e5 sp\u00f8rre, for mange ganger blir tapte gjenstander plukket opp av \u00e6rlige mennesker som pr\u00f8ver \u00e5 levere dem tilbake til eierne sine.<\/p><h5>4. Varsle myndighetene<\/h5><p>Hvis du har mistet noe p\u00e5 et offentlig sted, for eksempel i en park, p\u00e5 et kj\u00f8pesenter eller i offentlige transportmidler, m\u00e5 du s\u00f8rge for \u00e5 varsle de relevante myndighetene. Ofte blir tapte gjenstander innlevert til administrasjonen p\u00e5 stedet eller til hittegodskontoret.<\/p>\t\t\t\t\t\t\t\t<\/div>\n\t\t\t\t<\/div>\n\t\t\t\t\t<\/div>\n\t\t<\/div>\n\t\t\t\t<div class=\"has_ae_slider elementor-column elementor-col-50 elementor-inner-column elementor-element elementor-element-5eb845c ae-bg-gallery-type-default\" data-id=\"5eb845c\" data-element_type=\"column\" data-settings=\"{&quot;background_background&quot;:&quot;classic&quot;}\">\n\t\t\t<div class=\"elementor-widget-wrap elementor-element-populated\">\n\t\t\t\t\t\t<div class=\"elementor-element elementor-element-fe8aa1c elementor-widget elementor-widget-spacer\" data-id=\"fe8aa1c\" data-element_type=\"widget\" data-widget_type=\"spacer.default\">\n\t\t\t\t<div class=\"elementor-widget-container\">\n\t\t\t\t\t\t\t<div class=\"elementor-spacer\">\n\t\t\t<div class=\"elementor-spacer-inner\"><\/div>\n\t\t<\/div>\n\t\t\t\t\t\t<\/div>\n\t\t\t\t<\/div>\n\t\t\t\t\t<\/div>\n\t\t<\/div>\n\t\t\t\t\t<\/div>\n\t\t<\/section>\n\t\t\t\t<section class=\"has_ae_slider elementor-section elementor-inner-section elementor-element elementor-element-9f13e75 elementor-section-boxed elementor-section-height-default elementor-section-height-default ae-bg-gallery-type-default\" data-id=\"9f13e75\" data-element_type=\"section\" id=\"xray\">\n\t\t\t\t\t\t<div class=\"elementor-container elementor-column-gap-default\">\n\t\t\t\t\t<div class=\"has_ae_slider elementor-column elementor-col-100 elementor-inner-column elementor-element elementor-element-a864368 ae-bg-gallery-type-default\" data-id=\"a864368\" data-element_type=\"column\" data-settings=\"{&quot;background_background&quot;:&quot;classic&quot;}\">\n\t\t\t<div class=\"elementor-widget-wrap elementor-element-populated\">\n\t\t\t\t\t\t<div class=\"elementor-element elementor-element-ac07bb3 elementor-widget elementor-widget-heading\" data-id=\"ac07bb3\" data-element_type=\"widget\" data-widget_type=\"heading.default\">\n\t\t\t\t<div class=\"elementor-widget-container\">\n\t\t\t\t\t<h5 class=\"elementor-heading-title elementor-size-default\">I dag finnes det mange apper og enheter som kan hjelpe deg med \u00e5 finne gjenstander du har mistet. Apper som Find My iPhone for Apple-enheter og Bluetooth-trackere som Tile kan v\u00e6re sv\u00e6rt nyttige.<\/h5>\t\t\t\t<\/div>\n\t\t\t\t<\/div>\n\t\t\t\t<div class=\"elementor-element elementor-element-1565d5c elementor-widget elementor-widget-text-editor\" data-id=\"1565d5c\" data-element_type=\"widget\" data-widget_type=\"text-editor.default\">\n\t\t\t\t<div class=\"elementor-widget-container\">\n\t\t\t\t\t\t\t\t\t<h4>Hvordan fungerer PostalFly?<\/h4>\nPostalFly opererer over hele verden og dekker et stort nettverk som inkluderer de viktigste globale flytrafikkpunktene. V\u00e5r hente- og leveringstjeneste h\u00e5ndterer hele prosessen, fra \u00e5 lokalisere den tapte gjenstanden til \u00e5 levere den til adressen du oppgir, enten det er i Spania eller andre steder i verden.\n<h4>Be om tjenesten p\u00e5 en enkel m\u00e5te<\/h4>\nFor \u00e5 bruke tjenesten v\u00e5r, g\u00e5 til f\u00f8lgende lenke: <a href=\"https:\/\/postalfly.com\/nb\/estimat-for-frakt-av-hittegods\/\" target=\"_new\" rel=\"noreferrer\">Be om forsendelsestjeneste for tapte gjenstander<\/a>. Plattformen v\u00e5r er enkel \u00e5 bruke og veileder deg gjennom s\u00f8knadsprosessen. N\u00e5r foresp\u00f8rselen er mottatt, vil teamet v\u00e5rt sette i gang med arbeidet for \u00e5 sikre at den tapte gjenstanden din blir funnet og sendt tilbake til deg s\u00e5 snart som mulig.\t\t\t\t\t\t\t\t<\/div>\n\t\t\t\t<\/div>\n\t\t\t\t\t<\/div>\n\t\t<\/div>\n\t\t\t\t\t<\/div>\n\t\t<\/section>\n\t\t\t\t\t<\/div>\n\t\t<\/div>\n\t\t\t\t\t<\/div>\n\t\t<\/section>\n\t\t\t\t<section class=\"has_ae_slider elementor-section elementor-top-section elementor-element elementor-element-64e0935 elementor-section-full_width elementor-section-stretched elementor-section-height-default elementor-section-height-default ae-bg-gallery-type-default\" data-id=\"64e0935\" data-element_type=\"section\" data-settings=\"{&quot;stretch_section&quot;:&quot;section-stretched&quot;}\">\n\t\t\t\t\t\t<div class=\"elementor-container elementor-column-gap-wider\">\n\t\t\t\t\t<div class=\"has_ae_slider elementor-column elementor-col-100 elementor-top-column elementor-element elementor-element-3718854 ae-bg-gallery-type-default\" data-id=\"3718854\" data-element_type=\"column\">\n\t\t\t<div class=\"elementor-widget-wrap elementor-element-populated\">\n\t\t\t\t\t\t<section class=\"has_ae_slider elementor-section elementor-inner-section elementor-element elementor-element-6462d46 elementor-section-boxed elementor-section-height-default elementor-section-height-default ae-bg-gallery-type-default\" data-id=\"6462d46\" data-element_type=\"section\" data-settings=\"{&quot;background_background&quot;:&quot;classic&quot;}\">\n\t\t\t\t\t\t<div class=\"elementor-container elementor-column-gap-default\">\n\t\t\t\t\t<div class=\"has_ae_slider elementor-column elementor-col-100 elementor-inner-column elementor-element elementor-element-cac5a93 ae-bg-gallery-type-default\" data-id=\"cac5a93\" data-element_type=\"column\" data-settings=\"{&quot;background_background&quot;:&quot;classic&quot;}\">\n\t\t\t<div class=\"elementor-widget-wrap elementor-element-populated\">\n\t\t\t\t\t\t<div class=\"elementor-element elementor-element-96d16a7 elementor-widget__width-initial elementor-widget elementor-widget-heading\" data-id=\"96d16a7\" data-element_type=\"widget\" data-widget_type=\"heading.default\">\n\t\t\t\t<div class=\"elementor-widget-container\">\n\t\t\t\t\t<h3 class=\"elementor-heading-title elementor-size-default\"><p><span style=\"color: #2b6cf5\">Be om din<\/span> uforpliktende tilbud<\/p>\n<\/h3>\t\t\t\t<\/div>\n\t\t\t\t<\/div>\n\t\t\t\t<div class=\"elementor-element elementor-element-3f554ac elementor-mobile-align-center elementor-widget-tablet__width-inherit elementor-align-center elementor-widget elementor-widget-button\" data-id=\"3f554ac\" data-element_type=\"widget\" data-widget_type=\"button.default\">\n\t\t\t\t<div class=\"elementor-widget-container\">\n\t\t\t\t\t\t\t\t\t<div class=\"elementor-button-wrapper\">\n\t\t\t\t\t<a class=\"elementor-button elementor-button-link elementor-size-sm\" href=\"https:\/\/postalfly.com\/nb\/estimat-for-frakt-av-hittegods\/\">\n\t\t\t\t\t\t<span class=\"elementor-button-content-wrapper\">\n\t\t\t\t\t\t\t\t\t<span class=\"elementor-button-text\">Klikk her<\/span>\n\t\t\t\t\t<\/span>\n\t\t\t\t\t<\/a>\n\t\t\t\t<\/div>\n\t\t\t\t\t\t\t\t<\/div>\n\t\t\t\t<\/div>\n\t\t\t\t\t<\/div>\n\t\t<\/div>\n\t\t\t\t\t<\/div>\n\t\t<\/section>\n\t\t\t\t\t<\/div>\n\t\t<\/div>\n\t\t\t\t\t<\/div>\n\t\t<\/section>\n\t\t\t\t<\/div>","protected":false},"excerpt":{"rendered":"<p>Den komplette guiden til hittegods: Hva du skal gj\u00f8re og hvordan du finner dem igjen \u00c5 miste en personlig gjenstand kan v\u00e6re en frustrerende og stressende opplevelse.<span class=\"excerpt-hellip\"> [...]<\/span><\/p>","protected":false},"author":1,"featured_media":0,"parent":0,"menu_order":0,"comment_status":"open","ping_status":"closed","template":"","meta":{"footnotes":""},"class_list":["post-13","page","type-page","status-publish","hentry"],"yoast_head":"<!-- This site is optimized with the Yoast SEO Premium plugin v21.7 (Yoast SEO v26.3) - https:\/\/yoast.com\/wordpress\/plugins\/seo\/ -->\n<title>The complete guide to lost and found: What to do and how to recover them - postalfly<\/title>\n<meta name=\"robots\" content=\"index, follow, max-snippet:-1, max-image-preview:large, max-video-preview:-1\" \/>\n<link rel=\"canonical\" href=\"https:\/\/postalfly.com\/nb\/finn-igjen-tapte-eiendeler-pa-flyplasser-med-goenvio\/\" \/>\n<meta property=\"og:locale\" content=\"nb_NO\" \/>\n<meta property=\"og:type\" content=\"article\" \/>\n<meta property=\"og:title\" content=\"The complete guide to lost and found: What to do and how to recover them\" \/>\n<meta property=\"og:description\" content=\"The complete guide to lost an found: What to do and how to recover Them Losing a personal item can be a frustrating and stressful experience. [\u2026]\" \/>\n<meta property=\"og:url\" content=\"https:\/\/postalfly.com\/nb\/finn-igjen-tapte-eiendeler-pa-flyplasser-med-goenvio\/\" \/>\n<meta property=\"og:site_name\" content=\"postalfly\" \/>\n<meta property=\"article:modified_time\" content=\"2024-06-07T09:21:23+00:00\" \/>\n<meta name=\"twitter:card\" content=\"summary_large_image\" \/>\n<meta name=\"twitter:label1\" content=\"Ansl. lesetid\" \/>\n\t<meta name=\"twitter:data1\" content=\"2 minutter\" \/>\n<script type=\"application\/ld+json\" class=\"yoast-schema-graph\">{\"@context\":\"https:\/\/schema.org\",\"@graph\":[{\"@type\":\"WebPage\",\"@id\":\"https:\/\/postalfly.com\/he-complete-guide-to-lost-and-found-what-to-do-and-how-to-recover-them\/\",\"url\":\"https:\/\/postalfly.com\/he-complete-guide-to-lost-and-found-what-to-do-and-how-to-recover-them\/\",\"name\":\"The complete guide to lost and found: What to do and how to recover them - postalfly\",\"isPartOf\":{\"@id\":\"https:\/\/postalfly.com\/#website\"},\"datePublished\":\"2022-10-18T10:54:12+00:00\",\"dateModified\":\"2024-06-07T09:21:23+00:00\",\"breadcrumb\":{\"@id\":\"https:\/\/postalfly.com\/he-complete-guide-to-lost-and-found-what-to-do-and-how-to-recover-them\/#breadcrumb\"},\"inLanguage\":\"nb-NO\",\"potentialAction\":[{\"@type\":\"ReadAction\",\"target\":[\"https:\/\/postalfly.com\/he-complete-guide-to-lost-and-found-what-to-do-and-how-to-recover-them\/\"]}]},{\"@type\":\"BreadcrumbList\",\"@id\":\"https:\/\/postalfly.com\/he-complete-guide-to-lost-and-found-what-to-do-and-how-to-recover-them\/#breadcrumb\",\"itemListElement\":[{\"@type\":\"ListItem\",\"position\":1,\"name\":\"Home\",\"item\":\"https:\/\/postalfly.com\/\"},{\"@type\":\"ListItem\",\"position\":2,\"name\":\"The complete guide to lost and found: What to do and how to recover them\"}]},{\"@type\":\"WebSite\",\"@id\":\"https:\/\/postalfly.com\/#website\",\"url\":\"https:\/\/postalfly.com\/\",\"name\":\"PostalFly\",\"description\":\"Lost Items Shipping: Airports - Retrieve Your Belongings\",\"publisher\":{\"@id\":\"https:\/\/postalfly.com\/#organization\"},\"potentialAction\":[{\"@type\":\"SearchAction\",\"target\":{\"@type\":\"EntryPoint\",\"urlTemplate\":\"https:\/\/postalfly.com\/?s={search_term_string}\"},\"query-input\":{\"@type\":\"PropertyValueSpecification\",\"valueRequired\":true,\"valueName\":\"search_term_string\"}}],\"inLanguage\":\"nb-NO\"},{\"@type\":\"Organization\",\"@id\":\"https:\/\/postalfly.com\/#organization\",\"name\":\"PostalFly\",\"url\":\"https:\/\/postalfly.com\/\",\"logo\":{\"@type\":\"ImageObject\",\"inLanguage\":\"nb-NO\",\"@id\":\"https:\/\/postalfly.com\/#\/schema\/logo\/image\/\",\"url\":\"\",\"contentUrl\":\"\",\"caption\":\"PostalFly\"},\"image\":{\"@id\":\"https:\/\/postalfly.com\/#\/schema\/logo\/image\/\"}}]}<\/script>\n<!-- \/ Yoast SEO Premium plugin. -->","yoast_head_json":{"title":"Den komplette guiden til hittegods: Hva du skal gj\u00f8re og hvordan du finner dem igjen - postalfly","robots":{"index":"index","follow":"follow","max-snippet":"max-snippet:-1","max-image-preview":"max-image-preview:large","max-video-preview":"max-video-preview:-1"},"canonical":"https:\/\/postalfly.com\/nb\/finn-igjen-tapte-eiendeler-pa-flyplasser-med-goenvio\/","og_locale":"nb_NO","og_type":"article","og_title":"The complete guide to lost and found: What to do and how to recover them","og_description":"The complete guide to lost an found: What to do and how to recover Them Losing a personal item can be a frustrating and stressful experience. [\u2026]","og_url":"https:\/\/postalfly.com\/nb\/finn-igjen-tapte-eiendeler-pa-flyplasser-med-goenvio\/","og_site_name":"postalfly","article_modified_time":"2024-06-07T09:21:23+00:00","twitter_card":"summary_large_image","twitter_misc":{"Ansl. lesetid":"2 minutter"},"schema":{"@context":"https:\/\/schema.org","@graph":[{"@type":"WebPage","@id":"https:\/\/postalfly.com\/he-complete-guide-to-lost-and-found-what-to-do-and-how-to-recover-them\/","url":"https:\/\/postalfly.com\/he-complete-guide-to-lost-and-found-what-to-do-and-how-to-recover-them\/","name":"Den komplette guiden til hittegods: Hva du skal gj\u00f8re og hvordan du finner dem igjen - postalfly","isPartOf":{"@id":"https:\/\/postalfly.com\/#website"},"datePublished":"2022-10-18T10:54:12+00:00","dateModified":"2024-06-07T09:21:23+00:00","breadcrumb":{"@id":"https:\/\/postalfly.com\/he-complete-guide-to-lost-and-found-what-to-do-and-how-to-recover-them\/#breadcrumb"},"inLanguage":"nb-NO","potentialAction":[{"@type":"ReadAction","target":["https:\/\/postalfly.com\/he-complete-guide-to-lost-and-found-what-to-do-and-how-to-recover-them\/"]}]},{"@type":"BreadcrumbList","@id":"https:\/\/postalfly.com\/he-complete-guide-to-lost-and-found-what-to-do-and-how-to-recover-them\/#breadcrumb","itemListElement":[{"@type":"ListItem","position":1,"name":"Home","item":"https:\/\/postalfly.com\/"},{"@type":"ListItem","position":2,"name":"The complete guide to lost and found: What to do and how to recover them"}]},{"@type":"WebSite","@id":"https:\/\/postalfly.com\/#website","url":"https:\/\/postalfly.com\/","name":"PostalFly","description":"Frakt av gjenglemte gjenstander: Flyplasser - F\u00e5 tilbake eiendelene dine","publisher":{"@id":"https:\/\/postalfly.com\/#organization"},"potentialAction":[{"@type":"SearchAction","target":{"@type":"EntryPoint","urlTemplate":"https:\/\/postalfly.com\/?s={search_term_string}"},"query-input":{"@type":"PropertyValueSpecification","valueRequired":true,"valueName":"search_term_string"}}],"inLanguage":"nb-NO"},{"@type":"Organization","@id":"https:\/\/postalfly.com\/#organization","name":"PostalFly","url":"https:\/\/postalfly.com\/","logo":{"@type":"ImageObject","inLanguage":"nb-NO","@id":"https:\/\/postalfly.com\/#\/schema\/logo\/image\/","url":"","contentUrl":"","caption":"PostalFly"},"image":{"@id":"https:\/\/postalfly.com\/#\/schema\/logo\/image\/"}}]}},"_links":{"self":[{"href":"https:\/\/postalfly.com\/nb\/wp-json\/wp\/v2\/pages\/13","targetHints":{"allow":["GET"]}}],"collection":[{"href":"https:\/\/postalfly.com\/nb\/wp-json\/wp\/v2\/pages"}],"about":[{"href":"https:\/\/postalfly.com\/nb\/wp-json\/wp\/v2\/types\/page"}],"author":[{"embeddable":true,"href":"https:\/\/postalfly.com\/nb\/wp-json\/wp\/v2\/users\/1"}],"replies":[{"embeddable":true,"href":"https:\/\/postalfly.com\/nb\/wp-json\/wp\/v2\/comments?post=13"}],"version-history":[{"count":0,"href":"https:\/\/postalfly.com\/nb\/wp-json\/wp\/v2\/pages\/13\/revisions"}],"wp:attachment":[{"href":"https:\/\/postalfly.com\/nb\/wp-json\/wp\/v2\/media?parent=13"}],"curies":[{"name":"wp","href":"https:\/\/api.w.org\/{rel}","templated":true}]}}