{"id":587,"date":"2024-05-11T07:28:58","date_gmt":"2024-05-11T07:28:58","guid":{"rendered":"https:\/\/postalfly.com\/?page_id=587"},"modified":"2025-02-20T14:42:01","modified_gmt":"2025-02-20T14:42:01","slug":"data-protection","status":"publish","type":"page","link":"https:\/\/postalfly.com\/nb\/databeskyttelse\/","title":{"rendered":"BEHANDLING AV KUNDEDATA"},"content":{"rendered":"<div data-elementor-type=\"wp-page\" data-elementor-id=\"587\" class=\"elementor elementor-587\" data-elementor-post-type=\"page\">\n\t\t\t\t\t\t<section class=\"has_ae_slider elementor-section elementor-top-section elementor-element elementor-element-20c92f7 elementor-section-full_width elementor-section-stretched elementor-section-height-default elementor-section-height-default ae-bg-gallery-type-default\" data-id=\"20c92f7\" data-element_type=\"section\" data-e-type=\"section\" data-settings=\"{&quot;stretch_section&quot;:&quot;section-stretched&quot;}\">\n\t\t\t\t\t\t<div class=\"elementor-container elementor-column-gap-wider\">\n\t\t\t\t\t<div class=\"has_ae_slider elementor-column elementor-col-100 elementor-top-column elementor-element elementor-element-0c45c5b ae-bg-gallery-type-default\" data-id=\"0c45c5b\" data-element_type=\"column\" data-e-type=\"column\">\n\t\t\t<div class=\"elementor-widget-wrap elementor-element-populated\">\n\t\t\t\t\t\t<section class=\"has_ae_slider elementor-section elementor-inner-section elementor-element elementor-element-3868c9a elementor-section-boxed elementor-section-height-default elementor-section-height-default ae-bg-gallery-type-default\" data-id=\"3868c9a\" data-element_type=\"section\" data-e-type=\"section\" data-settings=\"{&quot;background_background&quot;:&quot;classic&quot;}\">\n\t\t\t\t\t\t<div class=\"elementor-container elementor-column-gap-default\">\n\t\t\t\t\t<div class=\"has_ae_slider elementor-column elementor-col-100 elementor-inner-column elementor-element elementor-element-d33c264 ae-bg-gallery-type-default\" data-id=\"d33c264\" data-element_type=\"column\" data-e-type=\"column\" data-settings=\"{&quot;background_background&quot;:&quot;classic&quot;}\">\n\t\t\t<div class=\"elementor-widget-wrap elementor-element-populated\">\n\t\t\t\t\t\t<div class=\"elementor-element elementor-element-dc8a8cd elementor-widget elementor-widget-spacer\" data-id=\"dc8a8cd\" data-element_type=\"widget\" data-e-type=\"widget\" data-widget_type=\"spacer.default\">\n\t\t\t\t<div class=\"elementor-widget-container\">\n\t\t\t\t\t\t\t<div class=\"elementor-spacer\">\n\t\t\t<div class=\"elementor-spacer-inner\"><\/div>\n\t\t<\/div>\n\t\t\t\t\t\t<\/div>\n\t\t\t\t<\/div>\n\t\t\t\t<div class=\"elementor-element elementor-element-a20e3cf elementor-widget elementor-widget-heading\" data-id=\"a20e3cf\" data-element_type=\"widget\" data-e-type=\"widget\" data-widget_type=\"heading.default\">\n\t\t\t\t<div class=\"elementor-widget-container\">\n\t\t\t\t\t<h1 class=\"elementor-heading-title elementor-size-default\">BEHANDLING AV KUNDEDATA<\/h1>\t\t\t\t<\/div>\n\t\t\t\t<\/div>\n\t\t\t\t<div class=\"elementor-element elementor-element-70d466d elementor-widget elementor-widget-text-editor\" data-id=\"70d466d\" data-element_type=\"widget\" data-e-type=\"widget\" data-widget_type=\"text-editor.default\">\n\t\t\t\t<div class=\"elementor-widget-container\">\n\t\t\t\t\t\t\t\t\t<p>INFORMASJON OM BEHANDLINGSANSVARLIG:<\/p><p>Identitet: AEROSAFE SL - NIF: B05417399<\/p><p>Telefon: 654712208 - E-post: info@postalfly.com<\/p><p>\"Hos AEROSAFE SL behandler vi opplysningene du gir oss for \u00e5 kunne levere den forespurte tjenesten og utf\u00f8re fakturering. Opplysningene vil bli oppbevart s\u00e5 lenge det kommersielle forholdet opprettholdes eller s\u00e5 lenge det er n\u00f8dvendig for \u00e5 overholde juridiske forpliktelser og h\u00e5ndtere eventuelle forpliktelser som kan oppst\u00e5 ved \u00e5 oppfylle form\u00e5let som opplysningene ble samlet inn for. Opplysningene vil ikke bli overf\u00f8rt til tredjeparter, unntatt i tilfeller der det foreligger en juridisk forpliktelse. Du har rett til \u00e5 f\u00e5 informasjon om hvorvidt AEROSAFE SL behandler personopplysningene dine, slik at du kan ut\u00f8ve dine rettigheter til innsyn, retting, sletting og dataportabilitet, samt til \u00e5 motsette deg og begrense behandlingen ved \u00e5 kontakte AEROSAFE SL, CALLE PRECIADOS, 3 URBANIZACION URLISA II. 03599, ALTEA, ALICANTE, eller via e-post p\u00e5 info@postalfly.com, ved \u00e5 legge ved en kopi av DNI eller tilsvarende dokument. Hvis du mener at du ikke har f\u00e5tt fullt ut oppfylt dine rettigheter, kan du dessuten sende inn en klage til den nasjonale kontrollmyndigheten ved \u00e5 kontakte det spanske databeskyttelsesbyr\u00e5et, C\/ Jorge Juan, 6 - 28001 Madrid.<\/p><p>Vi ber ogs\u00e5 om din tillatelse til \u00e5 tilby deg produkter og tjenester som er relatert til disse avtalene, og til \u00e5 beholde deg som kunde.\"<\/p>\t\t\t\t\t\t\t\t<\/div>\n\t\t\t\t<\/div>\n\t\t\t\t\t<\/div>\n\t\t<\/div>\n\t\t\t\t\t<\/div>\n\t\t<\/section>\n\t\t\t\t\t<\/div>\n\t\t<\/div>\n\t\t\t\t\t<\/div>\n\t\t<\/section>\n\t\t\t\t<\/div>","protected":false},"excerpt":{"rendered":"<p>CUSTOMER DATA PROCESSING DATA CONTROLLER INFORMATION: Identity: AEROSAFE SL \u2013 NIF: B05417399 Phone: 654712208 \u2013 Email: info@postalfly.com \u201cAt AEROSAFE SL, we process the information you provide<span class=\"excerpt-hellip\"> [\u2026]<\/span><\/p>\n","protected":false},"author":1,"featured_media":0,"parent":0,"menu_order":0,"comment_status":"open","ping_status":"closed","template":"","meta":{"footnotes":""},"class_list":["post-587","page","type-page","status-publish","hentry"],"yoast_head":"<!-- This site is optimized with the Yoast SEO Premium plugin v21.7 (Yoast SEO v27.5) - https:\/\/yoast.com\/product\/yoast-seo-premium-wordpress\/ -->\n<title>CUSTOMER DATA PROCESSING - postalfly<\/title>\n<meta name=\"robots\" content=\"index, follow, max-snippet:-1, max-image-preview:large, max-video-preview:-1\" \/>\n<link rel=\"canonical\" href=\"https:\/\/postalfly.com\/nb\/databeskyttelse\/\" \/>\n<meta property=\"og:locale\" content=\"nb_NO\" \/>\n<meta property=\"og:type\" content=\"article\" \/>\n<meta property=\"og:title\" content=\"CUSTOMER DATA PROCESSING\" \/>\n<meta property=\"og:description\" content=\"CUSTOMER DATA PROCESSING DATA CONTROLLER INFORMATION: Identity: AEROSAFE SL \u2013 NIF: B05417399 Phone: 654712208 \u2013 Email: info@postalfly.com \u201cAt AEROSAFE SL, we process the information you provide [\u2026]\" \/>\n<meta property=\"og:url\" content=\"https:\/\/postalfly.com\/nb\/databeskyttelse\/\" \/>\n<meta property=\"og:site_name\" content=\"postalfly\" \/>\n<meta property=\"article:modified_time\" content=\"2025-02-20T14:42:01+00:00\" \/>\n<meta name=\"twitter:card\" content=\"summary_large_image\" \/>\n<meta name=\"twitter:label1\" content=\"Ansl. lesetid\" \/>\n\t<meta name=\"twitter:data1\" content=\"1 minutt\" \/>\n<script type=\"application\/ld+json\" class=\"yoast-schema-graph\">{\"@context\":\"https:\\\/\\\/schema.org\",\"@graph\":[{\"@type\":\"WebPage\",\"@id\":\"https:\\\/\\\/postalfly.com\\\/data-protection\\\/\",\"url\":\"https:\\\/\\\/postalfly.com\\\/data-protection\\\/\",\"name\":\"CUSTOMER DATA PROCESSING - postalfly\",\"isPartOf\":{\"@id\":\"https:\\\/\\\/postalfly.com\\\/#website\"},\"datePublished\":\"2024-05-11T07:28:58+00:00\",\"dateModified\":\"2025-02-20T14:42:01+00:00\",\"breadcrumb\":{\"@id\":\"https:\\\/\\\/postalfly.com\\\/data-protection\\\/#breadcrumb\"},\"inLanguage\":\"nb-NO\",\"potentialAction\":[{\"@type\":\"ReadAction\",\"target\":[\"https:\\\/\\\/postalfly.com\\\/data-protection\\\/\"]}]},{\"@type\":\"BreadcrumbList\",\"@id\":\"https:\\\/\\\/postalfly.com\\\/data-protection\\\/#breadcrumb\",\"itemListElement\":[{\"@type\":\"ListItem\",\"position\":1,\"name\":\"Home\",\"item\":\"https:\\\/\\\/postalfly.com\\\/\"},{\"@type\":\"ListItem\",\"position\":2,\"name\":\"CUSTOMER DATA PROCESSING\"}]},{\"@type\":\"WebSite\",\"@id\":\"https:\\\/\\\/postalfly.com\\\/#website\",\"url\":\"https:\\\/\\\/postalfly.com\\\/\",\"name\":\"PostalFly\",\"description\":\"Lost Items Shipping: Airports - Retrieve Your Belongings\",\"publisher\":{\"@id\":\"https:\\\/\\\/postalfly.com\\\/#organization\"},\"potentialAction\":[{\"@type\":\"SearchAction\",\"target\":{\"@type\":\"EntryPoint\",\"urlTemplate\":\"https:\\\/\\\/postalfly.com\\\/?s={search_term_string}\"},\"query-input\":{\"@type\":\"PropertyValueSpecification\",\"valueRequired\":true,\"valueName\":\"search_term_string\"}}],\"inLanguage\":\"nb-NO\"},{\"@type\":\"Organization\",\"@id\":\"https:\\\/\\\/postalfly.com\\\/#organization\",\"name\":\"PostalFly\",\"url\":\"https:\\\/\\\/postalfly.com\\\/\",\"logo\":{\"@type\":\"ImageObject\",\"inLanguage\":\"nb-NO\",\"@id\":\"https:\\\/\\\/postalfly.com\\\/#\\\/schema\\\/logo\\\/image\\\/\",\"url\":\"\",\"contentUrl\":\"\",\"caption\":\"PostalFly\"},\"image\":{\"@id\":\"https:\\\/\\\/postalfly.com\\\/#\\\/schema\\\/logo\\\/image\\\/\"}}]}<\/script>\n<!-- \/ Yoast SEO Premium plugin. -->","yoast_head_json":{"title":"BEHANDLING AV KUNDEDATA - postalfly","robots":{"index":"index","follow":"follow","max-snippet":"max-snippet:-1","max-image-preview":"max-image-preview:large","max-video-preview":"max-video-preview:-1"},"canonical":"https:\/\/postalfly.com\/nb\/databeskyttelse\/","og_locale":"nb_NO","og_type":"article","og_title":"CUSTOMER DATA PROCESSING","og_description":"CUSTOMER DATA PROCESSING DATA CONTROLLER INFORMATION: Identity: AEROSAFE SL \u2013 NIF: B05417399 Phone: 654712208 \u2013 Email: info@postalfly.com \u201cAt AEROSAFE SL, we process the information you provide [\u2026]","og_url":"https:\/\/postalfly.com\/nb\/databeskyttelse\/","og_site_name":"postalfly","article_modified_time":"2025-02-20T14:42:01+00:00","twitter_card":"summary_large_image","twitter_misc":{"Ansl. lesetid":"1 minutt"},"schema":{"@context":"https:\/\/schema.org","@graph":[{"@type":"WebPage","@id":"https:\/\/postalfly.com\/data-protection\/","url":"https:\/\/postalfly.com\/data-protection\/","name":"BEHANDLING AV KUNDEDATA - postalfly","isPartOf":{"@id":"https:\/\/postalfly.com\/#website"},"datePublished":"2024-05-11T07:28:58+00:00","dateModified":"2025-02-20T14:42:01+00:00","breadcrumb":{"@id":"https:\/\/postalfly.com\/data-protection\/#breadcrumb"},"inLanguage":"nb-NO","potentialAction":[{"@type":"ReadAction","target":["https:\/\/postalfly.com\/data-protection\/"]}]},{"@type":"BreadcrumbList","@id":"https:\/\/postalfly.com\/data-protection\/#breadcrumb","itemListElement":[{"@type":"ListItem","position":1,"name":"Home","item":"https:\/\/postalfly.com\/"},{"@type":"ListItem","position":2,"name":"CUSTOMER DATA PROCESSING"}]},{"@type":"WebSite","@id":"https:\/\/postalfly.com\/#website","url":"https:\/\/postalfly.com\/","name":"PostalFly","description":"Frakt av gjenglemte gjenstander: Flyplasser - F\u00e5 tilbake eiendelene dine","publisher":{"@id":"https:\/\/postalfly.com\/#organization"},"potentialAction":[{"@type":"SearchAction","target":{"@type":"EntryPoint","urlTemplate":"https:\/\/postalfly.com\/?s={search_term_string}"},"query-input":{"@type":"PropertyValueSpecification","valueRequired":true,"valueName":"search_term_string"}}],"inLanguage":"nb-NO"},{"@type":"Organization","@id":"https:\/\/postalfly.com\/#organization","name":"PostalFly","url":"https:\/\/postalfly.com\/","logo":{"@type":"ImageObject","inLanguage":"nb-NO","@id":"https:\/\/postalfly.com\/#\/schema\/logo\/image\/","url":"","contentUrl":"","caption":"PostalFly"},"image":{"@id":"https:\/\/postalfly.com\/#\/schema\/logo\/image\/"}}]}},"_links":{"self":[{"href":"https:\/\/postalfly.com\/nb\/wp-json\/wp\/v2\/pages\/587","targetHints":{"allow":["GET"]}}],"collection":[{"href":"https:\/\/postalfly.com\/nb\/wp-json\/wp\/v2\/pages"}],"about":[{"href":"https:\/\/postalfly.com\/nb\/wp-json\/wp\/v2\/types\/page"}],"author":[{"embeddable":true,"href":"https:\/\/postalfly.com\/nb\/wp-json\/wp\/v2\/users\/1"}],"replies":[{"embeddable":true,"href":"https:\/\/postalfly.com\/nb\/wp-json\/wp\/v2\/comments?post=587"}],"version-history":[{"count":0,"href":"https:\/\/postalfly.com\/nb\/wp-json\/wp\/v2\/pages\/587\/revisions"}],"wp:attachment":[{"href":"https:\/\/postalfly.com\/nb\/wp-json\/wp\/v2\/media?parent=587"}],"curies":[{"name":"wp","href":"https:\/\/api.w.org\/{rel}","templated":true}]}}