{"id":13,"date":"2022-10-18T10:54:12","date_gmt":"2022-10-18T10:54:12","guid":{"rendered":"https:\/\/postalfly.com\/?page_id=13"},"modified":"2024-06-07T09:21:23","modified_gmt":"2024-06-07T09:21:23","slug":"he-complete-guide-to-lost-and-found-what-to-do-and-how-to-recover-them","status":"publish","type":"page","link":"https:\/\/postalfly.com\/pl\/odzyskaj-utracona-wlasnosc-na-lotniskach-z-goenvio\/","title":{"rendered":"Kompletny przewodnik po zgubionych i znalezionych przedmiotach: Co zrobi\u0107 i jak je odzyska\u0107"},"content":{"rendered":"<div data-elementor-type=\"wp-page\" data-elementor-id=\"13\" class=\"elementor elementor-13\" data-elementor-post-type=\"page\">\n\t\t\t\t\t\t<section class=\"has_ae_slider elementor-section elementor-top-section elementor-element elementor-element-d676a70 elementor-section-full_width elementor-section-stretched elementor-section-height-default elementor-section-height-default ae-bg-gallery-type-default\" data-id=\"d676a70\" data-element_type=\"section\" data-settings=\"{&quot;stretch_section&quot;:&quot;section-stretched&quot;}\">\n\t\t\t\t\t\t<div class=\"elementor-container elementor-column-gap-wider\">\n\t\t\t\t\t<div class=\"has_ae_slider elementor-column elementor-col-100 elementor-top-column elementor-element elementor-element-d57ed04 ae-bg-gallery-type-default\" data-id=\"d57ed04\" data-element_type=\"column\" data-settings=\"{&quot;background_background&quot;:&quot;classic&quot;}\">\n\t\t\t<div class=\"elementor-widget-wrap elementor-element-populated\">\n\t\t\t\t\t\t<section class=\"has_ae_slider elementor-section elementor-inner-section elementor-element elementor-element-d3a90e6 elementor-section-boxed elementor-section-height-default elementor-section-height-default ae-bg-gallery-type-default\" data-id=\"d3a90e6\" data-element_type=\"section\">\n\t\t\t\t\t\t<div class=\"elementor-container elementor-column-gap-default\">\n\t\t\t\t\t<div class=\"has_ae_slider elementor-column elementor-col-100 elementor-inner-column elementor-element elementor-element-bd5e915 ae-bg-gallery-type-default\" data-id=\"bd5e915\" data-element_type=\"column\">\n\t\t\t<div class=\"elementor-widget-wrap elementor-element-populated\">\n\t\t\t\t\t\t<section class=\"has_ae_slider elementor-section elementor-inner-section elementor-element elementor-element-c100ef7 elementor-section-boxed elementor-section-height-default elementor-section-height-default ae-bg-gallery-type-default\" data-id=\"c100ef7\" data-element_type=\"section\">\n\t\t\t\t\t\t<div class=\"elementor-container elementor-column-gap-default\">\n\t\t\t\t\t<div class=\"has_ae_slider elementor-column elementor-col-25 elementor-inner-column elementor-element elementor-element-8cbaae0 ae-bg-gallery-type-default\" data-id=\"8cbaae0\" data-element_type=\"column\">\n\t\t\t<div class=\"elementor-widget-wrap\">\n\t\t\t\t\t\t\t<\/div>\n\t\t<\/div>\n\t\t\t\t<div class=\"has_ae_slider elementor-column elementor-col-50 elementor-inner-column elementor-element elementor-element-f71378a ae-bg-gallery-type-default\" data-id=\"f71378a\" data-element_type=\"column\">\n\t\t\t<div class=\"elementor-widget-wrap elementor-element-populated\">\n\t\t\t\t\t\t<div class=\"elementor-element elementor-element-598cb93 elementor-widget elementor-widget-heading\" data-id=\"598cb93\" data-element_type=\"widget\" data-widget_type=\"heading.default\">\n\t\t\t\t<div class=\"elementor-widget-container\">\n\t\t\t\t\t<h3 class=\"elementor-heading-title elementor-size-default\">Kompletny przewodnik po zgubionych i znalezionych: Co zrobi\u0107 i jak je odzyska\u0107<\/h3>\t\t\t\t<\/div>\n\t\t\t\t<\/div>\n\t\t\t\t<div class=\"elementor-element elementor-element-563c703 elementor-widget-tablet__width-initial elementor-widget elementor-widget-heading\" data-id=\"563c703\" data-element_type=\"widget\" data-widget_type=\"heading.default\">\n\t\t\t\t<div class=\"elementor-widget-container\">\n\t\t\t\t\t<h5 class=\"elementor-heading-title elementor-size-default\">Utrata rzeczy osobistej mo\u017ce by\u0107 frustruj\u0105cym i stresuj\u0105cym do\u015bwiadczeniem. Niezale\u017cnie od tego, czy zgubi\u0142e\u015b klucze, telefon kom\u00f3rkowy, czy co\u015b tak wa\u017cnego jak portfel, poczucie straty mo\u017ce by\u0107 przyt\u0142aczaj\u0105ce. Jednak dzi\u0119ki odpowiednim informacjom i strategiom odzyskiwanie utraconych przedmiot\u00f3w mo\u017ce by\u0107 \u0142atwiejsze ni\u017c my\u015blisz. W tym artykule oferujemy kompletny przewodnik na temat tego, co zrobi\u0107, gdy zgubisz przedmiot i jak zwi\u0119kszy\u0107 swoje szanse na jego odzyskanie.\n\n\n\n\n\n\n\n\n\n\n\n\n\n\n<\/h5>\t\t\t\t<\/div>\n\t\t\t\t<\/div>\n\t\t\t\t\t<\/div>\n\t\t<\/div>\n\t\t\t\t<div class=\"has_ae_slider elementor-column elementor-col-25 elementor-inner-column elementor-element elementor-element-50c51bc ae-bg-gallery-type-default\" data-id=\"50c51bc\" data-element_type=\"column\">\n\t\t\t<div class=\"elementor-widget-wrap\">\n\t\t\t\t\t\t\t<\/div>\n\t\t<\/div>\n\t\t\t\t\t<\/div>\n\t\t<\/section>\n\t\t\t\t\t<\/div>\n\t\t<\/div>\n\t\t\t\t\t<\/div>\n\t\t<\/section>\n\t\t\t\t\t<\/div>\n\t\t<\/div>\n\t\t\t\t\t<\/div>\n\t\t<\/section>\n\t\t\t\t<section class=\"has_ae_slider elementor-section elementor-top-section elementor-element elementor-element-0d58ce0 elementor-section-full_width elementor-section-stretched elementor-section-height-default elementor-section-height-default ae-bg-gallery-type-default\" data-id=\"0d58ce0\" data-element_type=\"section\" data-settings=\"{&quot;stretch_section&quot;:&quot;section-stretched&quot;,&quot;background_background&quot;:&quot;classic&quot;}\">\n\t\t\t\t\t\t<div class=\"elementor-container elementor-column-gap-default\">\n\t\t\t\t\t<div class=\"has_ae_slider elementor-column elementor-col-100 elementor-top-column elementor-element elementor-element-16d11c8 ae-bg-gallery-type-default\" data-id=\"16d11c8\" data-element_type=\"column\" data-settings=\"{&quot;background_background&quot;:&quot;classic&quot;}\">\n\t\t\t<div class=\"elementor-widget-wrap elementor-element-populated\">\n\t\t\t\t\t\t<section class=\"has_ae_slider elementor-section elementor-inner-section elementor-element elementor-element-4a1e55a elementor-reverse-tablet elementor-reverse-mobile elementor-section-boxed elementor-section-height-default elementor-section-height-default ae-bg-gallery-type-default\" data-id=\"4a1e55a\" data-element_type=\"section\" id=\"dental\">\n\t\t\t\t\t\t<div class=\"elementor-container elementor-column-gap-default\">\n\t\t\t\t\t<div class=\"has_ae_slider elementor-column elementor-col-50 elementor-inner-column elementor-element elementor-element-6a6be8d ae-bg-gallery-type-default\" data-id=\"6a6be8d\" data-element_type=\"column\" data-settings=\"{&quot;background_background&quot;:&quot;classic&quot;}\">\n\t\t\t<div class=\"elementor-widget-wrap elementor-element-populated\">\n\t\t\t\t\t\t<div class=\"elementor-element elementor-element-3774c39 elementor-widget elementor-widget-text-editor\" data-id=\"3774c39\" data-element_type=\"widget\" data-widget_type=\"text-editor.default\">\n\t\t\t\t<div class=\"elementor-widget-container\">\n\t\t\t\t\t\t\t\t\t<h4>Co zrobi\u0107, gdy zgubisz przedmiot<\/h4><h5>1. Zachowaj spok\u00f3j<\/h5><p>Pierwsz\u0105 i najwa\u017cniejsz\u0105 rzecz\u0105 jest zachowanie spokoju. Niepok\u00f3j mo\u017ce zm\u0105ci\u0107 ocen\u0119 sytuacji i utrudni\u0107 odzyskanie przedmiotu. Po\u015bwi\u0119\u0107 chwil\u0119 na g\u0142\u0119boki oddech i jasne my\u015blenie.<\/p><h5>2. Przypomnienie<\/h5><p>Spr\u00f3buj przypomnie\u0107 sobie, kiedy i gdzie ostatnio widzia\u0142e\u015b zagubiony przedmiot. Co wtedy robi\u0142e\u015b? Z kim by\u0142e\u015b? Sporz\u0105dzenie mentalnej listy ostatnich miejsc, w kt\u00f3rych by\u0142e\u015b, mo\u017ce by\u0107 bardzo pomocne.<\/p><h5>3. Prze\u015bled\u017a swoje kroki<\/h5><p>Wr\u00f3\u0107 do miejsc, w kt\u00f3rych podejrzewasz, \u017ce mog\u0142e\u015b zgubi\u0107 przedmiot. Dok\u0142adnie sprawd\u017a obszar i zapytaj ludzi w pobli\u017cu, czy widzieli przedmiot. Nie wahaj si\u0119 pyta\u0107, poniewa\u017c cz\u0119sto zagubione przedmioty s\u0105 odbierane przez uczciwych ludzi, kt\u00f3rzy pr\u00f3buj\u0105 zwr\u00f3ci\u0107 je w\u0142a\u015bcicielom.<\/p><h5>4. Powiadomi\u0107 w\u0142adze<\/h5><p>Je\u015bli zgubi\u0142e\u015b co\u015b w miejscu publicznym, takim jak park, centrum handlowe lub transport publiczny, pami\u0119taj, aby powiadomi\u0107 odpowiednie w\u0142adze. Cz\u0119sto zgubione przedmioty s\u0105 zg\u0142aszane do administracji danego miejsca lub do biura rzeczy znalezionych.<\/p>\t\t\t\t\t\t\t\t<\/div>\n\t\t\t\t<\/div>\n\t\t\t\t\t<\/div>\n\t\t<\/div>\n\t\t\t\t<div class=\"has_ae_slider elementor-column elementor-col-50 elementor-inner-column elementor-element elementor-element-5eb845c ae-bg-gallery-type-default\" data-id=\"5eb845c\" data-element_type=\"column\" data-settings=\"{&quot;background_background&quot;:&quot;classic&quot;}\">\n\t\t\t<div class=\"elementor-widget-wrap elementor-element-populated\">\n\t\t\t\t\t\t<div class=\"elementor-element elementor-element-fe8aa1c elementor-widget elementor-widget-spacer\" data-id=\"fe8aa1c\" data-element_type=\"widget\" data-widget_type=\"spacer.default\">\n\t\t\t\t<div class=\"elementor-widget-container\">\n\t\t\t\t\t\t\t<div class=\"elementor-spacer\">\n\t\t\t<div class=\"elementor-spacer-inner\"><\/div>\n\t\t<\/div>\n\t\t\t\t\t\t<\/div>\n\t\t\t\t<\/div>\n\t\t\t\t\t<\/div>\n\t\t<\/div>\n\t\t\t\t\t<\/div>\n\t\t<\/section>\n\t\t\t\t<section class=\"has_ae_slider elementor-section elementor-inner-section elementor-element elementor-element-9f13e75 elementor-section-boxed elementor-section-height-default elementor-section-height-default ae-bg-gallery-type-default\" data-id=\"9f13e75\" data-element_type=\"section\" id=\"xray\">\n\t\t\t\t\t\t<div class=\"elementor-container elementor-column-gap-default\">\n\t\t\t\t\t<div class=\"has_ae_slider elementor-column elementor-col-100 elementor-inner-column elementor-element elementor-element-a864368 ae-bg-gallery-type-default\" data-id=\"a864368\" data-element_type=\"column\" data-settings=\"{&quot;background_background&quot;:&quot;classic&quot;}\">\n\t\t\t<div class=\"elementor-widget-wrap elementor-element-populated\">\n\t\t\t\t\t\t<div class=\"elementor-element elementor-element-ac07bb3 elementor-widget elementor-widget-heading\" data-id=\"ac07bb3\" data-element_type=\"widget\" data-widget_type=\"heading.default\">\n\t\t\t\t<div class=\"elementor-widget-container\">\n\t\t\t\t\t<h5 class=\"elementor-heading-title elementor-size-default\">W dzisiejszych czasach istnieje wiele aplikacji i urz\u0105dze\u0144, kt\u00f3re mog\u0105 pom\u00f3c w odnalezieniu zagubionych przedmiot\u00f3w. Aplikacje takie jak Find My iPhone dla urz\u0105dze\u0144 Apple i trackery Bluetooth, takie jak Tile, mog\u0105 by\u0107 niezwykle przydatne.<\/h5>\t\t\t\t<\/div>\n\t\t\t\t<\/div>\n\t\t\t\t<div class=\"elementor-element elementor-element-1565d5c elementor-widget elementor-widget-text-editor\" data-id=\"1565d5c\" data-element_type=\"widget\" data-widget_type=\"text-editor.default\">\n\t\t\t\t<div class=\"elementor-widget-container\">\n\t\t\t\t\t\t\t\t\t<h4>Jak dzia\u0142a PostalFly?<\/h4>\nPostalFly dzia\u0142a na ca\u0142ym \u015bwiecie, obejmuj\u0105c rozleg\u0142\u0105 sie\u0107, kt\u00f3ra obejmuje g\u0142\u00f3wne globalne punkty ruchu lotniczego. Nasza us\u0142uga odbioru i dostawy obs\u0142uguje ca\u0142y proces, od zlokalizowania zagubionego przedmiotu po dostarczenie go pod wskazany adres, czy to w Hiszpanii, czy w dowolnym innym miejscu na \u015bwiecie.\n<h4>\u0141atwe zamawianie us\u0142ugi<\/h4>\nAby skorzysta\u0107 z naszej us\u0142ugi, wystarczy odwiedzi\u0107 poni\u017cszy link: <a href=\"https:\/\/postalfly.com\/pl\/oszacowanie-kosztow-wysylki-utraconego-mienia\/\" target=\"_new\" rel=\"noreferrer\">Zam\u00f3w us\u0142ug\u0119 wysy\u0142ki zagubionego przedmiotu<\/a>. Nasza platforma jest \u0142atwa w u\u017cyciu i poprowadzi Ci\u0119 przez proces sk\u0142adania wniosku. Po otrzymaniu wniosku nasz zesp\u00f3\u0142 rozpocznie prac\u0119, aby zapewni\u0107 odzyskanie utraconego przedmiotu i odes\u0142anie go z powrotem tak szybko, jak to mo\u017cliwe.\t\t\t\t\t\t\t\t<\/div>\n\t\t\t\t<\/div>\n\t\t\t\t\t<\/div>\n\t\t<\/div>\n\t\t\t\t\t<\/div>\n\t\t<\/section>\n\t\t\t\t\t<\/div>\n\t\t<\/div>\n\t\t\t\t\t<\/div>\n\t\t<\/section>\n\t\t\t\t<section class=\"has_ae_slider elementor-section elementor-top-section elementor-element elementor-element-64e0935 elementor-section-full_width elementor-section-stretched elementor-section-height-default elementor-section-height-default ae-bg-gallery-type-default\" data-id=\"64e0935\" data-element_type=\"section\" data-settings=\"{&quot;stretch_section&quot;:&quot;section-stretched&quot;}\">\n\t\t\t\t\t\t<div class=\"elementor-container elementor-column-gap-wider\">\n\t\t\t\t\t<div class=\"has_ae_slider elementor-column elementor-col-100 elementor-top-column elementor-element elementor-element-3718854 ae-bg-gallery-type-default\" data-id=\"3718854\" data-element_type=\"column\">\n\t\t\t<div class=\"elementor-widget-wrap elementor-element-populated\">\n\t\t\t\t\t\t<section class=\"has_ae_slider elementor-section elementor-inner-section elementor-element elementor-element-6462d46 elementor-section-boxed elementor-section-height-default elementor-section-height-default ae-bg-gallery-type-default\" data-id=\"6462d46\" data-element_type=\"section\" data-settings=\"{&quot;background_background&quot;:&quot;classic&quot;}\">\n\t\t\t\t\t\t<div class=\"elementor-container elementor-column-gap-default\">\n\t\t\t\t\t<div class=\"has_ae_slider elementor-column elementor-col-100 elementor-inner-column elementor-element elementor-element-cac5a93 ae-bg-gallery-type-default\" data-id=\"cac5a93\" data-element_type=\"column\" data-settings=\"{&quot;background_background&quot;:&quot;classic&quot;}\">\n\t\t\t<div class=\"elementor-widget-wrap elementor-element-populated\">\n\t\t\t\t\t\t<div class=\"elementor-element elementor-element-96d16a7 elementor-widget__width-initial elementor-widget elementor-widget-heading\" data-id=\"96d16a7\" data-element_type=\"widget\" data-widget_type=\"heading.default\">\n\t\t\t\t<div class=\"elementor-widget-container\">\n\t\t\t\t\t<h3 class=\"elementor-heading-title elementor-size-default\"><p><span style=\"color: #2b6cf5\">Popro\u015b o<\/span> Niezobowi\u0105zuj\u0105ca wycena<\/p>\n<\/h3>\t\t\t\t<\/div>\n\t\t\t\t<\/div>\n\t\t\t\t<div class=\"elementor-element elementor-element-3f554ac elementor-mobile-align-center elementor-widget-tablet__width-inherit elementor-align-center elementor-widget elementor-widget-button\" data-id=\"3f554ac\" data-element_type=\"widget\" data-widget_type=\"button.default\">\n\t\t\t\t<div class=\"elementor-widget-container\">\n\t\t\t\t\t\t\t\t\t<div class=\"elementor-button-wrapper\">\n\t\t\t\t\t<a class=\"elementor-button elementor-button-link elementor-size-sm\" href=\"https:\/\/postalfly.com\/pl\/oszacowanie-kosztow-wysylki-utraconego-mienia\/\">\n\t\t\t\t\t\t<span class=\"elementor-button-content-wrapper\">\n\t\t\t\t\t\t\t\t\t<span class=\"elementor-button-text\">Kliknij tutaj<\/span>\n\t\t\t\t\t<\/span>\n\t\t\t\t\t<\/a>\n\t\t\t\t<\/div>\n\t\t\t\t\t\t\t\t<\/div>\n\t\t\t\t<\/div>\n\t\t\t\t\t<\/div>\n\t\t<\/div>\n\t\t\t\t\t<\/div>\n\t\t<\/section>\n\t\t\t\t\t<\/div>\n\t\t<\/div>\n\t\t\t\t\t<\/div>\n\t\t<\/section>\n\t\t\t\t<\/div>","protected":false},"excerpt":{"rendered":"<p>Kompletny przewodnik po zgubionych i znalezionych przedmiotach: Co zrobi\u0107 i jak je odzyska\u0107 Utrata rzeczy osobistej mo\u017ce by\u0107 frustruj\u0105cym i stresuj\u0105cym do\u015bwiadczeniem.<span class=\"excerpt-hellip\"> [...]<\/span><\/p>","protected":false},"author":1,"featured_media":0,"parent":0,"menu_order":0,"comment_status":"open","ping_status":"closed","template":"","meta":{"footnotes":""},"class_list":["post-13","page","type-page","status-publish","hentry"],"yoast_head":"<!-- This site is optimized with the Yoast SEO Premium plugin v21.7 (Yoast SEO v26.3) - https:\/\/yoast.com\/wordpress\/plugins\/seo\/ -->\n<title>The complete guide to lost and found: What to do and how to recover them - postalfly<\/title>\n<meta name=\"robots\" content=\"index, follow, max-snippet:-1, max-image-preview:large, max-video-preview:-1\" \/>\n<link rel=\"canonical\" href=\"https:\/\/postalfly.com\/pl\/odzyskaj-utracona-wlasnosc-na-lotniskach-z-goenvio\/\" \/>\n<meta property=\"og:locale\" content=\"pl_PL\" \/>\n<meta property=\"og:type\" content=\"article\" \/>\n<meta property=\"og:title\" content=\"The complete guide to lost and found: What to do and how to recover them\" \/>\n<meta property=\"og:description\" content=\"The complete guide to lost an found: What to do and how to recover Them Losing a personal item can be a frustrating and stressful experience. [\u2026]\" \/>\n<meta property=\"og:url\" content=\"https:\/\/postalfly.com\/pl\/odzyskaj-utracona-wlasnosc-na-lotniskach-z-goenvio\/\" \/>\n<meta property=\"og:site_name\" content=\"postalfly\" \/>\n<meta property=\"article:modified_time\" content=\"2024-06-07T09:21:23+00:00\" \/>\n<meta name=\"twitter:card\" content=\"summary_large_image\" \/>\n<meta name=\"twitter:label1\" content=\"Szacowany czas czytania\" \/>\n\t<meta name=\"twitter:data1\" content=\"2 minuty\" \/>\n<script type=\"application\/ld+json\" class=\"yoast-schema-graph\">{\"@context\":\"https:\/\/schema.org\",\"@graph\":[{\"@type\":\"WebPage\",\"@id\":\"https:\/\/postalfly.com\/he-complete-guide-to-lost-and-found-what-to-do-and-how-to-recover-them\/\",\"url\":\"https:\/\/postalfly.com\/he-complete-guide-to-lost-and-found-what-to-do-and-how-to-recover-them\/\",\"name\":\"The complete guide to lost and found: What to do and how to recover them - postalfly\",\"isPartOf\":{\"@id\":\"https:\/\/postalfly.com\/#website\"},\"datePublished\":\"2022-10-18T10:54:12+00:00\",\"dateModified\":\"2024-06-07T09:21:23+00:00\",\"breadcrumb\":{\"@id\":\"https:\/\/postalfly.com\/he-complete-guide-to-lost-and-found-what-to-do-and-how-to-recover-them\/#breadcrumb\"},\"inLanguage\":\"pl-PL\",\"potentialAction\":[{\"@type\":\"ReadAction\",\"target\":[\"https:\/\/postalfly.com\/he-complete-guide-to-lost-and-found-what-to-do-and-how-to-recover-them\/\"]}]},{\"@type\":\"BreadcrumbList\",\"@id\":\"https:\/\/postalfly.com\/he-complete-guide-to-lost-and-found-what-to-do-and-how-to-recover-them\/#breadcrumb\",\"itemListElement\":[{\"@type\":\"ListItem\",\"position\":1,\"name\":\"Home\",\"item\":\"https:\/\/postalfly.com\/\"},{\"@type\":\"ListItem\",\"position\":2,\"name\":\"The complete guide to lost and found: What to do and how to recover them\"}]},{\"@type\":\"WebSite\",\"@id\":\"https:\/\/postalfly.com\/#website\",\"url\":\"https:\/\/postalfly.com\/\",\"name\":\"PostalFly\",\"description\":\"Lost Items Shipping: Airports - Retrieve Your Belongings\",\"publisher\":{\"@id\":\"https:\/\/postalfly.com\/#organization\"},\"potentialAction\":[{\"@type\":\"SearchAction\",\"target\":{\"@type\":\"EntryPoint\",\"urlTemplate\":\"https:\/\/postalfly.com\/?s={search_term_string}\"},\"query-input\":{\"@type\":\"PropertyValueSpecification\",\"valueRequired\":true,\"valueName\":\"search_term_string\"}}],\"inLanguage\":\"pl-PL\"},{\"@type\":\"Organization\",\"@id\":\"https:\/\/postalfly.com\/#organization\",\"name\":\"PostalFly\",\"url\":\"https:\/\/postalfly.com\/\",\"logo\":{\"@type\":\"ImageObject\",\"inLanguage\":\"pl-PL\",\"@id\":\"https:\/\/postalfly.com\/#\/schema\/logo\/image\/\",\"url\":\"\",\"contentUrl\":\"\",\"caption\":\"PostalFly\"},\"image\":{\"@id\":\"https:\/\/postalfly.com\/#\/schema\/logo\/image\/\"}}]}<\/script>\n<!-- \/ Yoast SEO Premium plugin. -->","yoast_head_json":{"title":"Kompletny przewodnik po zgubionych i znalezionych przedmiotach: Co zrobi\u0107 i jak je odzyska\u0107 - postalfly","robots":{"index":"index","follow":"follow","max-snippet":"max-snippet:-1","max-image-preview":"max-image-preview:large","max-video-preview":"max-video-preview:-1"},"canonical":"https:\/\/postalfly.com\/pl\/odzyskaj-utracona-wlasnosc-na-lotniskach-z-goenvio\/","og_locale":"pl_PL","og_type":"article","og_title":"The complete guide to lost and found: What to do and how to recover them","og_description":"The complete guide to lost an found: What to do and how to recover Them Losing a personal item can be a frustrating and stressful experience. [\u2026]","og_url":"https:\/\/postalfly.com\/pl\/odzyskaj-utracona-wlasnosc-na-lotniskach-z-goenvio\/","og_site_name":"postalfly","article_modified_time":"2024-06-07T09:21:23+00:00","twitter_card":"summary_large_image","twitter_misc":{"Szacowany czas czytania":"2 minuty"},"schema":{"@context":"https:\/\/schema.org","@graph":[{"@type":"WebPage","@id":"https:\/\/postalfly.com\/he-complete-guide-to-lost-and-found-what-to-do-and-how-to-recover-them\/","url":"https:\/\/postalfly.com\/he-complete-guide-to-lost-and-found-what-to-do-and-how-to-recover-them\/","name":"Kompletny przewodnik po zgubionych i znalezionych przedmiotach: Co zrobi\u0107 i jak je odzyska\u0107 - postalfly","isPartOf":{"@id":"https:\/\/postalfly.com\/#website"},"datePublished":"2022-10-18T10:54:12+00:00","dateModified":"2024-06-07T09:21:23+00:00","breadcrumb":{"@id":"https:\/\/postalfly.com\/he-complete-guide-to-lost-and-found-what-to-do-and-how-to-recover-them\/#breadcrumb"},"inLanguage":"pl-PL","potentialAction":[{"@type":"ReadAction","target":["https:\/\/postalfly.com\/he-complete-guide-to-lost-and-found-what-to-do-and-how-to-recover-them\/"]}]},{"@type":"BreadcrumbList","@id":"https:\/\/postalfly.com\/he-complete-guide-to-lost-and-found-what-to-do-and-how-to-recover-them\/#breadcrumb","itemListElement":[{"@type":"ListItem","position":1,"name":"Home","item":"https:\/\/postalfly.com\/"},{"@type":"ListItem","position":2,"name":"The complete guide to lost and found: What to do and how to recover them"}]},{"@type":"WebSite","@id":"https:\/\/postalfly.com\/#website","url":"https:\/\/postalfly.com\/","name":"PostalFly","description":"Wysy\u0142ka zagubionych przedmiot\u00f3w: Lotniska - Odzyskaj swoje rzeczy","publisher":{"@id":"https:\/\/postalfly.com\/#organization"},"potentialAction":[{"@type":"SearchAction","target":{"@type":"EntryPoint","urlTemplate":"https:\/\/postalfly.com\/?s={search_term_string}"},"query-input":{"@type":"PropertyValueSpecification","valueRequired":true,"valueName":"search_term_string"}}],"inLanguage":"pl-PL"},{"@type":"Organization","@id":"https:\/\/postalfly.com\/#organization","name":"PostalFly","url":"https:\/\/postalfly.com\/","logo":{"@type":"ImageObject","inLanguage":"pl-PL","@id":"https:\/\/postalfly.com\/#\/schema\/logo\/image\/","url":"","contentUrl":"","caption":"PostalFly"},"image":{"@id":"https:\/\/postalfly.com\/#\/schema\/logo\/image\/"}}]}},"_links":{"self":[{"href":"https:\/\/postalfly.com\/pl\/wp-json\/wp\/v2\/pages\/13","targetHints":{"allow":["GET"]}}],"collection":[{"href":"https:\/\/postalfly.com\/pl\/wp-json\/wp\/v2\/pages"}],"about":[{"href":"https:\/\/postalfly.com\/pl\/wp-json\/wp\/v2\/types\/page"}],"author":[{"embeddable":true,"href":"https:\/\/postalfly.com\/pl\/wp-json\/wp\/v2\/users\/1"}],"replies":[{"embeddable":true,"href":"https:\/\/postalfly.com\/pl\/wp-json\/wp\/v2\/comments?post=13"}],"version-history":[{"count":0,"href":"https:\/\/postalfly.com\/pl\/wp-json\/wp\/v2\/pages\/13\/revisions"}],"wp:attachment":[{"href":"https:\/\/postalfly.com\/pl\/wp-json\/wp\/v2\/media?parent=13"}],"curies":[{"name":"wp","href":"https:\/\/api.w.org\/{rel}","templated":true}]}}