{"id":600,"date":"2024-05-11T07:35:45","date_gmt":"2024-05-11T07:35:45","guid":{"rendered":"https:\/\/postalfly.com\/?page_id=600"},"modified":"2024-06-14T10:01:01","modified_gmt":"2024-06-14T10:01:01","slug":"cookies-policy","status":"publish","type":"page","link":"https:\/\/postalfly.com\/pl\/ta-strona-uzywa-plikow-cookie\/","title":{"rendered":"Ta strona wykorzystuje pliki cookie"},"content":{"rendered":"<div data-elementor-type=\"wp-page\" data-elementor-id=\"600\" class=\"elementor elementor-600\" data-elementor-post-type=\"page\">\n\t\t\t\t\t\t<section class=\"has_ae_slider elementor-section elementor-top-section elementor-element elementor-element-20c92f7 elementor-section-full_width elementor-section-stretched elementor-section-height-default elementor-section-height-default ae-bg-gallery-type-default\" data-id=\"20c92f7\" data-element_type=\"section\" data-e-type=\"section\" data-settings=\"{&quot;stretch_section&quot;:&quot;section-stretched&quot;}\">\n\t\t\t\t\t\t<div class=\"elementor-container elementor-column-gap-wider\">\n\t\t\t\t\t<div class=\"has_ae_slider elementor-column elementor-col-100 elementor-top-column elementor-element elementor-element-0c45c5b ae-bg-gallery-type-default\" data-id=\"0c45c5b\" data-element_type=\"column\" data-e-type=\"column\">\n\t\t\t<div class=\"elementor-widget-wrap elementor-element-populated\">\n\t\t\t\t\t\t<section class=\"has_ae_slider elementor-section elementor-inner-section elementor-element elementor-element-3868c9a elementor-section-boxed elementor-section-height-default elementor-section-height-default ae-bg-gallery-type-default\" data-id=\"3868c9a\" data-element_type=\"section\" data-e-type=\"section\" data-settings=\"{&quot;background_background&quot;:&quot;classic&quot;}\">\n\t\t\t\t\t\t<div class=\"elementor-container elementor-column-gap-default\">\n\t\t\t\t\t<div class=\"has_ae_slider elementor-column elementor-col-100 elementor-inner-column elementor-element elementor-element-d33c264 ae-bg-gallery-type-default\" data-id=\"d33c264\" data-element_type=\"column\" data-e-type=\"column\" data-settings=\"{&quot;background_background&quot;:&quot;classic&quot;}\">\n\t\t\t<div class=\"elementor-widget-wrap elementor-element-populated\">\n\t\t\t\t\t\t<div class=\"elementor-element elementor-element-dc8a8cd elementor-widget elementor-widget-spacer\" data-id=\"dc8a8cd\" data-element_type=\"widget\" data-e-type=\"widget\" data-widget_type=\"spacer.default\">\n\t\t\t\t<div class=\"elementor-widget-container\">\n\t\t\t\t\t\t\t<div class=\"elementor-spacer\">\n\t\t\t<div class=\"elementor-spacer-inner\"><\/div>\n\t\t<\/div>\n\t\t\t\t\t\t<\/div>\n\t\t\t\t<\/div>\n\t\t\t\t<div class=\"elementor-element elementor-element-a20e3cf elementor-widget elementor-widget-heading\" data-id=\"a20e3cf\" data-element_type=\"widget\" data-e-type=\"widget\" data-widget_type=\"heading.default\">\n\t\t\t\t<div class=\"elementor-widget-container\">\n\t\t\t\t\t<h1 class=\"elementor-heading-title elementor-size-default\">Ta strona u\u017cywa plik\u00f3w cookie<\/h1>\t\t\t\t<\/div>\n\t\t\t\t<\/div>\n\t\t\t\t<div class=\"elementor-element elementor-element-70d466d elementor-widget elementor-widget-text-editor\" data-id=\"70d466d\" data-element_type=\"widget\" data-e-type=\"widget\" data-widget_type=\"text-editor.default\">\n\t\t\t\t<div class=\"elementor-widget-container\">\n\t\t\t\t\t\t\t\t\t<p>Zgodnie z ustaw\u0105 34\/2002 z dnia 11 lipca o us\u0142ugach spo\u0142ecze\u0144stwa informacyjnego i handlu elektronicznym (LSSICE) informujemy, \u017ce niniejsza strona internetowa Goenvio wykorzystuje pliki cookie.<\/p><p>LSSICE ma zastosowanie do ka\u017cdego rodzaju pliku lub urz\u0105dzenia, kt\u00f3re jest pobierane na urz\u0105dzenie ko\u0144cowe u\u017cytkownika w celu przechowywania danych, kt\u00f3re mog\u0105 by\u0107 aktualizowane i pobierane przez podmiot odpowiedzialny za ich instalacj\u0119. Plik cookie jest jednym z tych powszechnie u\u017cywanych plik\u00f3w, kt\u00f3re b\u0119dziemy og\u00f3lnie nazywa\u0107 plikami cookie.<\/p><p>Pliki cookie to ma\u0142e pliki tekstowe wysy\u0142ane do przegl\u0105darki z serwera internetowego w celu zarejestrowania aktywno\u015bci u\u017cytkownika na stronie internetowej, dzi\u0119ki czemu informacje te mo\u017cna p\u00f3\u017aniej odzyska\u0107 podczas nawigacji po r\u00f3\u017cnych stronach po\u0142\u0105czonych z serwerem, kt\u00f3ry je zainstalowa\u0142.<\/p><p>Pliki cookie zazwyczaj przechowuj\u0105 informacje techniczne, osobiste preferencje, personalizacj\u0119 tre\u015bci, statystyki u\u017cytkowania, linki do sieci spo\u0142eczno\u015bciowych, dost\u0119p do kont u\u017cytkownik\u00f3w itp.<\/p><h3>Rodzaje plik\u00f3w cookie<\/h3><p>Poni\u017cej znajduje si\u0119 klasyfikacja plik\u00f3w cookie oparta na szeregu kategorii. Nale\u017cy jednak wzi\u0105\u0107 pod uwag\u0119, \u017ce ten sam plik cookie mo\u017ce nale\u017ce\u0107 do wi\u0119cej ni\u017c jednej kategorii.<\/p><h4>Wed\u0142ug podmiotu, kt\u00f3ry nimi zarz\u0105dza<\/h4><ul><li style=\"list-style-type: none;\"><ul><li><b>W\u0142asne pliki cookie:<\/b> S\u0105 one wysy\u0142ane do urz\u0105dzenia ko\u0144cowego u\u017cytkownika z urz\u0105dzenia lub domeny zarz\u0105dzanej przez wydawc\u0119, z kt\u00f3rej \u015bwiadczona jest us\u0142uga \u017c\u0105dana przez u\u017cytkownika.<\/li><li><b>Pliki cookie stron trzecich:<\/b> S\u0105 one wysy\u0142ane do urz\u0105dzenia ko\u0144cowego u\u017cytkownika z urz\u0105dzenia lub domeny nie zarz\u0105dzanej przez wydawc\u0119, ale przez inny podmiot, kt\u00f3ry przetwarza dane uzyskane za po\u015brednictwem plik\u00f3w cookie.<\/li><\/ul><\/li><\/ul><p>Je\u015bli pliki cookie s\u0105 instalowane z urz\u0105dzenia lub domeny zarz\u0105dzanej przez wydawc\u0119, ale informacje gromadzone za ich po\u015brednictwem s\u0105 zarz\u0105dzane przez stron\u0119 trzeci\u0105, nie s\u0105 one uwa\u017cane za w\u0142asne pliki cookie.<\/p><h4>W zale\u017cno\u015bci od czasu, przez jaki pozostaj\u0105 aktywne<\/h4><p>Na podstawie czasu, przez jaki pozostaj\u0105 one aktywne na urz\u0105dzeniu ko\u0144cowym, mo\u017cemy je rozr\u00f3\u017cni\u0107:<\/p><ul><li><b>Pliki cookie sesji:<\/b> Rodzaj pliku cookie przeznaczonego do gromadzenia i przechowywania danych, gdy u\u017cytkownik uzyskuje dost\u0119p do strony internetowej. S\u0105 one zwykle u\u017cywane do przechowywania informacji, kt\u00f3re musz\u0105 by\u0107 przechowywane tylko w celu \u015bwiadczenia us\u0142ugi \u017c\u0105danej przez u\u017cytkownika przy jednej okazji (np. lista zakupionych produkt\u00f3w).<\/li><li><b>Trwa\u0142e pliki cookie:<\/b> Rodzaj pliku cookie, w kt\u00f3rym dane pozostaj\u0105 przechowywane na terminalu i mog\u0105 by\u0107 dost\u0119pne i przetwarzane przez okres okre\u015blony przez podmiot odpowiedzialny za plik cookie, kt\u00f3ry mo\u017ce wynosi\u0107 od kilku minut do kilku lat.<\/li><\/ul><h4>Zgodnie z ich przeznaczeniem<\/h4><p>W zale\u017cno\u015bci od celu przetwarzania danych uzyskanych za po\u015brednictwem plik\u00f3w cookie, mo\u017cemy wyr\u00f3\u017cni\u0107:<\/p><ul><li><b>Techniczne pliki cookie:<\/b> Umo\u017cliwiaj\u0105 one u\u017cytkownikowi poruszanie si\u0119 po stronie internetowej, platformie lub aplikacji i korzystanie z r\u00f3\u017cnych dost\u0119pnych opcji lub us\u0142ug, takich jak kontrolowanie ruchu i transmisji danych, identyfikowanie sesji, uzyskiwanie dost\u0119pu do obszar\u00f3w o ograniczonym dost\u0119pie, zapami\u0119tywanie element\u00f3w sk\u0142adaj\u0105cych si\u0119 na zam\u00f3wienie, przeprowadzanie procesu zakupu zam\u00f3wienia, ubieganie si\u0119 o rejestracj\u0119 lub udzia\u0142 w wydarzeniu, korzystanie z funkcji bezpiecze\u0144stwa podczas nawigacji, przechowywanie tre\u015bci do rozpowszechniania wideo lub d\u017awi\u0119ku lub udost\u0119pnianie tre\u015bci za po\u015brednictwem sieci spo\u0142eczno\u015bciowych.<\/li><li><b>Personalizacyjne pliki cookie:<\/b> Umo\u017cliwiaj\u0105 one u\u017cytkownikowi dost\u0119p do us\u0142ugi z pewnymi predefiniowanymi og\u00f3lnymi funkcjami opartymi na szeregu kryteri\u00f3w w terminalu u\u017cytkownika, takich jak j\u0119zyk, typ przegl\u0105darki, za po\u015brednictwem kt\u00f3rej uzyskuje si\u0119 dost\u0119p do us\u0142ugi, konfiguracja regionalna, z kt\u00f3rej uzyskuje si\u0119 dost\u0119p do us\u0142ugi itp.<\/li><li><b>Analiza plik\u00f3w cookie:<\/b> Pozwalaj\u0105 one podmiotowi za nie odpowiedzialnemu monitorowa\u0107 i analizowa\u0107 zachowanie u\u017cytkownik\u00f3w stron internetowych, z kt\u00f3rymi s\u0105 powi\u0105zane. Informacje zebrane za pomoc\u0105 tego typu plik\u00f3w cookie s\u0105 wykorzystywane do pomiaru aktywno\u015bci stron internetowych, aplikacji lub platform oraz do tworzenia profili przegl\u0105dania u\u017cytkownik\u00f3w tych stron, aplikacji i platform w celu wprowadzenia ulepsze\u0144 w oparciu o analiz\u0119 danych dotycz\u0105cych u\u017cytkowania dokonanych przez u\u017cytkownik\u00f3w us\u0142ugi.<\/li><li><b>Reklamowe pliki cookie:<\/b> Umo\u017cliwiaj\u0105 one zarz\u0105dzanie, w mo\u017cliwie najbardziej efektywny spos\u00f3b, powierzchniami reklamowymi, kt\u00f3re, w stosownych przypadkach, wydawca umie\u015bci\u0142 na stronie internetowej, aplikacji lub platformie, z kt\u00f3rej \u015bwiadczona jest \u017c\u0105dana us\u0142uga, w oparciu o kryteria takie jak edytowana tre\u015b\u0107 lub cz\u0119stotliwo\u015b\u0107 wy\u015bwietlania reklam.<\/li><li><b>Pliki cookie reklam behawioralnych:<\/b> Umo\u017cliwiaj\u0105 one zarz\u0105dzanie, w mo\u017cliwie najbardziej efektywny spos\u00f3b, powierzchniami reklamowymi, kt\u00f3re, w stosownych przypadkach, wydawca umie\u015bci\u0142 na stronie internetowej, w aplikacji lub na platformie, z kt\u00f3rej \u015bwiadczona jest \u017c\u0105dana us\u0142uga. Te pliki cookie przechowuj\u0105 informacje o zachowaniu u\u017cytkownika uzyskane poprzez ci\u0105g\u0142\u0105 obserwacj\u0119 jego nawyk\u00f3w przegl\u0105dania, umo\u017cliwiaj\u0105c opracowanie konkretnego profilu w celu wy\u015bwietlania reklam na jego podstawie.<\/li><\/ul><h3>Jak wy\u0142\u0105czy\u0107 pliki cookie w g\u0142\u00f3wnych przegl\u0105darkach internetowych<\/h3><p>Aby skonfigurowa\u0107 korzystanie z plik\u00f3w cookie, nale\u017cy post\u0119powa\u0107 zgodnie z instrukcjami przegl\u0105darki lub zapozna\u0107 si\u0119 z jej pomoc\u0105:<\/p><ul><li>Safari<\/li><li>Firefox<\/li><li>Chrom<\/li><li>Opera<\/li><li>Internet Explorer<\/li><li>Kraw\u0119d\u017a<\/li><\/ul><h3>Co si\u0119 stanie, je\u015bli pliki cookie nie zostan\u0105 zaakceptowane?<\/h3><p>Odrzucenie plik\u00f3w cookie mo\u017ce uniemo\u017cliwi\u0107 dost\u0119p do spersonalizowanych tre\u015bci i us\u0142ug.<\/p><h3>Aktualizacje i zmiany polityki dotycz\u0105cej plik\u00f3w cookie<\/h3><p>Goenvio mo\u017ce modyfikowa\u0107 niniejsz\u0105 polityk\u0119 plik\u00f3w cookie w oparciu o wymogi prawne, regulacyjne lub w celu dostosowania polityki do instrukcji wydanych przez Hiszpa\u0144sk\u0105 Agencj\u0119 Ochrony Danych, z przyczyn technicznych lub reorganizacji strony internetowej; dlatego zalecamy okresowe odwiedzanie tej strony.<\/p><h3>Kontakt<\/h3><p>W celu uzyskania odpowiedzi na wszelkie pytania dotycz\u0105ce sposobu korzystania przez nas z plik\u00f3w cookie, prosimy o napisanie do nas na adres e-mail: info@postalfly.com.<\/p>\t\t\t\t\t\t\t\t<\/div>\n\t\t\t\t<\/div>\n\t\t\t\t\t<\/div>\n\t\t<\/div>\n\t\t\t\t\t<\/div>\n\t\t<\/section>\n\t\t\t\t\t<\/div>\n\t\t<\/div>\n\t\t\t\t\t<\/div>\n\t\t<\/section>\n\t\t\t\t<\/div>","protected":false},"excerpt":{"rendered":"<p>This site uses cookies In compliance with Law 34\/2002 of July 11 on Information Society Services and Electronic Commerce (LSSICE), we inform you that this website,<span class=\"excerpt-hellip\"> [\u2026]<\/span><\/p>\n","protected":false},"author":1,"featured_media":0,"parent":0,"menu_order":0,"comment_status":"open","ping_status":"closed","template":"","meta":{"footnotes":""},"class_list":["post-600","page","type-page","status-publish","hentry"],"yoast_head":"<!-- This site is optimized with the Yoast SEO Premium plugin v21.7 (Yoast SEO v27.5) - https:\/\/yoast.com\/product\/yoast-seo-premium-wordpress\/ -->\n<title>Este sitio utiliza cookies - postalfly<\/title>\n<meta name=\"robots\" content=\"index, follow, max-snippet:-1, max-image-preview:large, max-video-preview:-1\" \/>\n<link rel=\"canonical\" href=\"https:\/\/postalfly.com\/pl\/ta-strona-uzywa-plikow-cookie\/\" \/>\n<meta property=\"og:locale\" content=\"pl_PL\" \/>\n<meta property=\"og:type\" content=\"article\" \/>\n<meta property=\"og:title\" content=\"Este sitio utiliza cookies\" \/>\n<meta property=\"og:description\" content=\"This site uses cookies In compliance with Law 34\/2002 of July 11 on Information Society Services and Electronic Commerce (LSSICE), we inform you that this website, [\u2026]\" \/>\n<meta property=\"og:url\" content=\"https:\/\/postalfly.com\/pl\/ta-strona-uzywa-plikow-cookie\/\" \/>\n<meta property=\"og:site_name\" content=\"postalfly\" \/>\n<meta property=\"article:modified_time\" content=\"2024-06-14T10:01:01+00:00\" \/>\n<meta name=\"twitter:card\" content=\"summary_large_image\" \/>\n<meta name=\"twitter:label1\" content=\"Szacowany czas czytania\" \/>\n\t<meta name=\"twitter:data1\" content=\"4 minuty\" \/>\n<script type=\"application\/ld+json\" class=\"yoast-schema-graph\">{\"@context\":\"https:\\\/\\\/schema.org\",\"@graph\":[{\"@type\":\"WebPage\",\"@id\":\"https:\\\/\\\/postalfly.com\\\/cookies-policy\\\/\",\"url\":\"https:\\\/\\\/postalfly.com\\\/cookies-policy\\\/\",\"name\":\"Este sitio utiliza cookies - postalfly\",\"isPartOf\":{\"@id\":\"https:\\\/\\\/postalfly.com\\\/#website\"},\"datePublished\":\"2024-05-11T07:35:45+00:00\",\"dateModified\":\"2024-06-14T10:01:01+00:00\",\"breadcrumb\":{\"@id\":\"https:\\\/\\\/postalfly.com\\\/cookies-policy\\\/#breadcrumb\"},\"inLanguage\":\"pl-PL\",\"potentialAction\":[{\"@type\":\"ReadAction\",\"target\":[\"https:\\\/\\\/postalfly.com\\\/cookies-policy\\\/\"]}]},{\"@type\":\"BreadcrumbList\",\"@id\":\"https:\\\/\\\/postalfly.com\\\/cookies-policy\\\/#breadcrumb\",\"itemListElement\":[{\"@type\":\"ListItem\",\"position\":1,\"name\":\"Home\",\"item\":\"https:\\\/\\\/postalfly.com\\\/\"},{\"@type\":\"ListItem\",\"position\":2,\"name\":\"Este sitio utiliza cookies\"}]},{\"@type\":\"WebSite\",\"@id\":\"https:\\\/\\\/postalfly.com\\\/#website\",\"url\":\"https:\\\/\\\/postalfly.com\\\/\",\"name\":\"PostalFly\",\"description\":\"Lost Items Shipping: Airports - Retrieve Your Belongings\",\"publisher\":{\"@id\":\"https:\\\/\\\/postalfly.com\\\/#organization\"},\"potentialAction\":[{\"@type\":\"SearchAction\",\"target\":{\"@type\":\"EntryPoint\",\"urlTemplate\":\"https:\\\/\\\/postalfly.com\\\/?s={search_term_string}\"},\"query-input\":{\"@type\":\"PropertyValueSpecification\",\"valueRequired\":true,\"valueName\":\"search_term_string\"}}],\"inLanguage\":\"pl-PL\"},{\"@type\":\"Organization\",\"@id\":\"https:\\\/\\\/postalfly.com\\\/#organization\",\"name\":\"PostalFly\",\"url\":\"https:\\\/\\\/postalfly.com\\\/\",\"logo\":{\"@type\":\"ImageObject\",\"inLanguage\":\"pl-PL\",\"@id\":\"https:\\\/\\\/postalfly.com\\\/#\\\/schema\\\/logo\\\/image\\\/\",\"url\":\"\",\"contentUrl\":\"\",\"caption\":\"PostalFly\"},\"image\":{\"@id\":\"https:\\\/\\\/postalfly.com\\\/#\\\/schema\\\/logo\\\/image\\\/\"}}]}<\/script>\n<!-- \/ Yoast SEO Premium plugin. -->","yoast_head_json":{"title":"Ta strona wykorzystuje pliki cookie - postalfly","robots":{"index":"index","follow":"follow","max-snippet":"max-snippet:-1","max-image-preview":"max-image-preview:large","max-video-preview":"max-video-preview:-1"},"canonical":"https:\/\/postalfly.com\/pl\/ta-strona-uzywa-plikow-cookie\/","og_locale":"pl_PL","og_type":"article","og_title":"Este sitio utiliza cookies","og_description":"This site uses cookies In compliance with Law 34\/2002 of July 11 on Information Society Services and Electronic Commerce (LSSICE), we inform you that this website, [\u2026]","og_url":"https:\/\/postalfly.com\/pl\/ta-strona-uzywa-plikow-cookie\/","og_site_name":"postalfly","article_modified_time":"2024-06-14T10:01:01+00:00","twitter_card":"summary_large_image","twitter_misc":{"Szacowany czas czytania":"4 minuty"},"schema":{"@context":"https:\/\/schema.org","@graph":[{"@type":"WebPage","@id":"https:\/\/postalfly.com\/cookies-policy\/","url":"https:\/\/postalfly.com\/cookies-policy\/","name":"Ta strona wykorzystuje pliki cookie - postalfly","isPartOf":{"@id":"https:\/\/postalfly.com\/#website"},"datePublished":"2024-05-11T07:35:45+00:00","dateModified":"2024-06-14T10:01:01+00:00","breadcrumb":{"@id":"https:\/\/postalfly.com\/cookies-policy\/#breadcrumb"},"inLanguage":"pl-PL","potentialAction":[{"@type":"ReadAction","target":["https:\/\/postalfly.com\/cookies-policy\/"]}]},{"@type":"BreadcrumbList","@id":"https:\/\/postalfly.com\/cookies-policy\/#breadcrumb","itemListElement":[{"@type":"ListItem","position":1,"name":"Home","item":"https:\/\/postalfly.com\/"},{"@type":"ListItem","position":2,"name":"Este sitio utiliza cookies"}]},{"@type":"WebSite","@id":"https:\/\/postalfly.com\/#website","url":"https:\/\/postalfly.com\/","name":"PostalFly","description":"Wysy\u0142ka zagubionych przedmiot\u00f3w: Lotniska - Odzyskaj swoje rzeczy","publisher":{"@id":"https:\/\/postalfly.com\/#organization"},"potentialAction":[{"@type":"SearchAction","target":{"@type":"EntryPoint","urlTemplate":"https:\/\/postalfly.com\/?s={search_term_string}"},"query-input":{"@type":"PropertyValueSpecification","valueRequired":true,"valueName":"search_term_string"}}],"inLanguage":"pl-PL"},{"@type":"Organization","@id":"https:\/\/postalfly.com\/#organization","name":"PostalFly","url":"https:\/\/postalfly.com\/","logo":{"@type":"ImageObject","inLanguage":"pl-PL","@id":"https:\/\/postalfly.com\/#\/schema\/logo\/image\/","url":"","contentUrl":"","caption":"PostalFly"},"image":{"@id":"https:\/\/postalfly.com\/#\/schema\/logo\/image\/"}}]}},"_links":{"self":[{"href":"https:\/\/postalfly.com\/pl\/wp-json\/wp\/v2\/pages\/600","targetHints":{"allow":["GET"]}}],"collection":[{"href":"https:\/\/postalfly.com\/pl\/wp-json\/wp\/v2\/pages"}],"about":[{"href":"https:\/\/postalfly.com\/pl\/wp-json\/wp\/v2\/types\/page"}],"author":[{"embeddable":true,"href":"https:\/\/postalfly.com\/pl\/wp-json\/wp\/v2\/users\/1"}],"replies":[{"embeddable":true,"href":"https:\/\/postalfly.com\/pl\/wp-json\/wp\/v2\/comments?post=600"}],"version-history":[{"count":0,"href":"https:\/\/postalfly.com\/pl\/wp-json\/wp\/v2\/pages\/600\/revisions"}],"wp:attachment":[{"href":"https:\/\/postalfly.com\/pl\/wp-json\/wp\/v2\/media?parent=600"}],"curies":[{"name":"wp","href":"https:\/\/api.w.org\/{rel}","templated":true}]}}