{"id":13,"date":"2022-10-18T10:54:12","date_gmt":"2022-10-18T10:54:12","guid":{"rendered":"https:\/\/postalfly.com\/?page_id=13"},"modified":"2024-06-07T09:21:23","modified_gmt":"2024-06-07T09:21:23","slug":"he-complete-guide-to-lost-and-found-what-to-do-and-how-to-recover-them","status":"publish","type":"page","link":"https:\/\/postalfly.com\/pt\/recupere-os-seus-bens-perdidos-nos-aeroportos-com-a-goenvio\/","title":{"rendered":"O guia completo dos perdidos e achados: O que fazer e como os recuperar"},"content":{"rendered":"<div data-elementor-type=\"wp-page\" data-elementor-id=\"13\" class=\"elementor elementor-13\" data-elementor-post-type=\"page\">\n\t\t\t\t\t\t<section class=\"has_ae_slider elementor-section elementor-top-section elementor-element elementor-element-d676a70 elementor-section-full_width elementor-section-stretched elementor-section-height-default elementor-section-height-default ae-bg-gallery-type-default\" data-id=\"d676a70\" data-element_type=\"section\" data-settings=\"{&quot;stretch_section&quot;:&quot;section-stretched&quot;}\">\n\t\t\t\t\t\t<div class=\"elementor-container elementor-column-gap-wider\">\n\t\t\t\t\t<div class=\"has_ae_slider elementor-column elementor-col-100 elementor-top-column elementor-element elementor-element-d57ed04 ae-bg-gallery-type-default\" data-id=\"d57ed04\" data-element_type=\"column\" data-settings=\"{&quot;background_background&quot;:&quot;classic&quot;}\">\n\t\t\t<div class=\"elementor-widget-wrap elementor-element-populated\">\n\t\t\t\t\t\t<section class=\"has_ae_slider elementor-section elementor-inner-section elementor-element elementor-element-d3a90e6 elementor-section-boxed elementor-section-height-default elementor-section-height-default ae-bg-gallery-type-default\" data-id=\"d3a90e6\" data-element_type=\"section\">\n\t\t\t\t\t\t<div class=\"elementor-container elementor-column-gap-default\">\n\t\t\t\t\t<div class=\"has_ae_slider elementor-column elementor-col-100 elementor-inner-column elementor-element elementor-element-bd5e915 ae-bg-gallery-type-default\" data-id=\"bd5e915\" data-element_type=\"column\">\n\t\t\t<div class=\"elementor-widget-wrap elementor-element-populated\">\n\t\t\t\t\t\t<section class=\"has_ae_slider elementor-section elementor-inner-section elementor-element elementor-element-c100ef7 elementor-section-boxed elementor-section-height-default elementor-section-height-default ae-bg-gallery-type-default\" data-id=\"c100ef7\" data-element_type=\"section\">\n\t\t\t\t\t\t<div class=\"elementor-container elementor-column-gap-default\">\n\t\t\t\t\t<div class=\"has_ae_slider elementor-column elementor-col-25 elementor-inner-column elementor-element elementor-element-8cbaae0 ae-bg-gallery-type-default\" data-id=\"8cbaae0\" data-element_type=\"column\">\n\t\t\t<div class=\"elementor-widget-wrap\">\n\t\t\t\t\t\t\t<\/div>\n\t\t<\/div>\n\t\t\t\t<div class=\"has_ae_slider elementor-column elementor-col-50 elementor-inner-column elementor-element elementor-element-f71378a ae-bg-gallery-type-default\" data-id=\"f71378a\" data-element_type=\"column\">\n\t\t\t<div class=\"elementor-widget-wrap elementor-element-populated\">\n\t\t\t\t\t\t<div class=\"elementor-element elementor-element-598cb93 elementor-widget elementor-widget-heading\" data-id=\"598cb93\" data-element_type=\"widget\" data-widget_type=\"heading.default\">\n\t\t\t\t<div class=\"elementor-widget-container\">\n\t\t\t\t\t<h3 class=\"elementor-heading-title elementor-size-default\">O guia completo dos perdidos e achados: O que fazer e como recuper\u00e1-los<\/h3>\t\t\t\t<\/div>\n\t\t\t\t<\/div>\n\t\t\t\t<div class=\"elementor-element elementor-element-563c703 elementor-widget-tablet__width-initial elementor-widget elementor-widget-heading\" data-id=\"563c703\" data-element_type=\"widget\" data-widget_type=\"heading.default\">\n\t\t\t\t<div class=\"elementor-widget-container\">\n\t\t\t\t\t<h5 class=\"elementor-heading-title elementor-size-default\">A perda de um objeto pessoal pode ser uma experi\u00eancia frustrante e stressante. Quer tenha perdido as suas chaves, o seu telem\u00f3vel ou algo t\u00e3o importante como a sua carteira, o sentimento de perda pode ser avassalador. No entanto, com as informa\u00e7\u00f5es e estrat\u00e9gias correctas, a recupera\u00e7\u00e3o de objectos perdidos pode ser mais f\u00e1cil do que pensa. Neste artigo, oferecemos-lhe um guia completo sobre o que fazer quando perde um objeto e como aumentar as suas hip\u00f3teses de o recuperar.\n\n\n\n\n\n\n\n\n\n\n\n\n\n\n<\/h5>\t\t\t\t<\/div>\n\t\t\t\t<\/div>\n\t\t\t\t\t<\/div>\n\t\t<\/div>\n\t\t\t\t<div class=\"has_ae_slider elementor-column elementor-col-25 elementor-inner-column elementor-element elementor-element-50c51bc ae-bg-gallery-type-default\" data-id=\"50c51bc\" data-element_type=\"column\">\n\t\t\t<div class=\"elementor-widget-wrap\">\n\t\t\t\t\t\t\t<\/div>\n\t\t<\/div>\n\t\t\t\t\t<\/div>\n\t\t<\/section>\n\t\t\t\t\t<\/div>\n\t\t<\/div>\n\t\t\t\t\t<\/div>\n\t\t<\/section>\n\t\t\t\t\t<\/div>\n\t\t<\/div>\n\t\t\t\t\t<\/div>\n\t\t<\/section>\n\t\t\t\t<section class=\"has_ae_slider elementor-section elementor-top-section elementor-element elementor-element-0d58ce0 elementor-section-full_width elementor-section-stretched elementor-section-height-default elementor-section-height-default ae-bg-gallery-type-default\" data-id=\"0d58ce0\" data-element_type=\"section\" data-settings=\"{&quot;stretch_section&quot;:&quot;section-stretched&quot;,&quot;background_background&quot;:&quot;classic&quot;}\">\n\t\t\t\t\t\t<div class=\"elementor-container elementor-column-gap-default\">\n\t\t\t\t\t<div class=\"has_ae_slider elementor-column elementor-col-100 elementor-top-column elementor-element elementor-element-16d11c8 ae-bg-gallery-type-default\" data-id=\"16d11c8\" data-element_type=\"column\" data-settings=\"{&quot;background_background&quot;:&quot;classic&quot;}\">\n\t\t\t<div class=\"elementor-widget-wrap elementor-element-populated\">\n\t\t\t\t\t\t<section class=\"has_ae_slider elementor-section elementor-inner-section elementor-element elementor-element-4a1e55a elementor-reverse-tablet elementor-reverse-mobile elementor-section-boxed elementor-section-height-default elementor-section-height-default ae-bg-gallery-type-default\" data-id=\"4a1e55a\" data-element_type=\"section\" id=\"dental\">\n\t\t\t\t\t\t<div class=\"elementor-container elementor-column-gap-default\">\n\t\t\t\t\t<div class=\"has_ae_slider elementor-column elementor-col-50 elementor-inner-column elementor-element elementor-element-6a6be8d ae-bg-gallery-type-default\" data-id=\"6a6be8d\" data-element_type=\"column\" data-settings=\"{&quot;background_background&quot;:&quot;classic&quot;}\">\n\t\t\t<div class=\"elementor-widget-wrap elementor-element-populated\">\n\t\t\t\t\t\t<div class=\"elementor-element elementor-element-3774c39 elementor-widget elementor-widget-text-editor\" data-id=\"3774c39\" data-element_type=\"widget\" data-widget_type=\"text-editor.default\">\n\t\t\t\t<div class=\"elementor-widget-container\">\n\t\t\t\t\t\t\t\t\t<h4>O que fazer quando se perde um objeto<\/h4><h5>1. Manter a calma<\/h5><p>A primeira e mais importante coisa a fazer \u00e9 manter a calma. A ansiedade pode perturbar o seu discernimento e dificultar a recupera\u00e7\u00e3o do objeto. Reserve um momento para respirar profundamente e pensar com clareza.<\/p><h5>2. Recordar<\/h5><p>Tente lembrar-se de quando e onde viu o objeto perdido pela \u00faltima vez. O que estava a fazer nesse momento? Com quem estava? Fazer uma lista mental dos \u00faltimos s\u00edtios onde esteve pode ser muito \u00fatil.<\/p><h5>3. Refa\u00e7a os seus passos<\/h5><p>Volte aos locais onde pensa ter perdido o objeto. Verifique cuidadosamente os locais e pergunte \u00e0s pessoas que se encontram nas proximidades se viram o objeto. N\u00e3o hesite em perguntar, pois muitas vezes os objectos perdidos s\u00e3o recolhidos por pessoas honestas que tentam devolv\u00ea-los aos seus donos.<\/p><h5>4. Notificar as autoridades<\/h5><p>Se perdeu algo num local p\u00fablico, como um parque, um centro comercial ou um meio de transporte p\u00fablico, n\u00e3o se esque\u00e7a de avisar as autoridades competentes. Muitas vezes, os objectos perdidos s\u00e3o entregues \u00e0 administra\u00e7\u00e3o do local ou ao gabinete de perdidos e achados.<\/p>\t\t\t\t\t\t\t\t<\/div>\n\t\t\t\t<\/div>\n\t\t\t\t\t<\/div>\n\t\t<\/div>\n\t\t\t\t<div class=\"has_ae_slider elementor-column elementor-col-50 elementor-inner-column elementor-element elementor-element-5eb845c ae-bg-gallery-type-default\" data-id=\"5eb845c\" data-element_type=\"column\" data-settings=\"{&quot;background_background&quot;:&quot;classic&quot;}\">\n\t\t\t<div class=\"elementor-widget-wrap elementor-element-populated\">\n\t\t\t\t\t\t<div class=\"elementor-element elementor-element-fe8aa1c elementor-widget elementor-widget-spacer\" data-id=\"fe8aa1c\" data-element_type=\"widget\" data-widget_type=\"spacer.default\">\n\t\t\t\t<div class=\"elementor-widget-container\">\n\t\t\t\t\t\t\t<div class=\"elementor-spacer\">\n\t\t\t<div class=\"elementor-spacer-inner\"><\/div>\n\t\t<\/div>\n\t\t\t\t\t\t<\/div>\n\t\t\t\t<\/div>\n\t\t\t\t\t<\/div>\n\t\t<\/div>\n\t\t\t\t\t<\/div>\n\t\t<\/section>\n\t\t\t\t<section class=\"has_ae_slider elementor-section elementor-inner-section elementor-element elementor-element-9f13e75 elementor-section-boxed elementor-section-height-default elementor-section-height-default ae-bg-gallery-type-default\" data-id=\"9f13e75\" data-element_type=\"section\" id=\"xray\">\n\t\t\t\t\t\t<div class=\"elementor-container elementor-column-gap-default\">\n\t\t\t\t\t<div class=\"has_ae_slider elementor-column elementor-col-100 elementor-inner-column elementor-element elementor-element-a864368 ae-bg-gallery-type-default\" data-id=\"a864368\" data-element_type=\"column\" data-settings=\"{&quot;background_background&quot;:&quot;classic&quot;}\">\n\t\t\t<div class=\"elementor-widget-wrap elementor-element-populated\">\n\t\t\t\t\t\t<div class=\"elementor-element elementor-element-ac07bb3 elementor-widget elementor-widget-heading\" data-id=\"ac07bb3\" data-element_type=\"widget\" data-widget_type=\"heading.default\">\n\t\t\t\t<div class=\"elementor-widget-container\">\n\t\t\t\t\t<h5 class=\"elementor-heading-title elementor-size-default\">Atualmente, existem muitas aplica\u00e7\u00f5es e dispositivos que podem ajud\u00e1-lo a encontrar os seus objectos perdidos. Aplica\u00e7\u00f5es como a Find My iPhone para dispositivos Apple e localizadores Bluetooth como o Tile podem ser extremamente \u00fateis.<\/h5>\t\t\t\t<\/div>\n\t\t\t\t<\/div>\n\t\t\t\t<div class=\"elementor-element elementor-element-1565d5c elementor-widget elementor-widget-text-editor\" data-id=\"1565d5c\" data-element_type=\"widget\" data-widget_type=\"text-editor.default\">\n\t\t\t\t<div class=\"elementor-widget-container\">\n\t\t\t\t\t\t\t\t\t<h4>Como \u00e9 que o PostalFly funciona?<\/h4>\nA PostalFly opera em todo o mundo, cobrindo uma vasta rede que inclui os principais pontos de tr\u00e1fego a\u00e9reo mundiais. O nosso servi\u00e7o de recolha e entrega trata de todo o processo, desde a localiza\u00e7\u00e3o do seu objeto perdido at\u00e9 \u00e0 sua entrega no endere\u00e7o que indicar, seja em Espanha ou em qualquer outra parte do mundo.\n<h4>Solicitar facilmente o servi\u00e7o<\/h4>\nPara utilizar o nosso servi\u00e7o, basta visitar a seguinte liga\u00e7\u00e3o: <a href=\"https:\/\/postalfly.com\/pt\/estimativa-para-o-envio-de-bens-perdidos\/\" target=\"_new\" rel=\"noreferrer\">Solicitar servi\u00e7o de envio de artigos perdidos<\/a>. A nossa plataforma \u00e9 f\u00e1cil de utilizar e gui\u00e1-lo-\u00e1 ao longo do processo de pedido. Assim que o pedido for recebido, a nossa equipa come\u00e7ar\u00e1 a trabalhar para garantir que o seu artigo perdido \u00e9 recuperado e enviado para si o mais rapidamente poss\u00edvel.\t\t\t\t\t\t\t\t<\/div>\n\t\t\t\t<\/div>\n\t\t\t\t\t<\/div>\n\t\t<\/div>\n\t\t\t\t\t<\/div>\n\t\t<\/section>\n\t\t\t\t\t<\/div>\n\t\t<\/div>\n\t\t\t\t\t<\/div>\n\t\t<\/section>\n\t\t\t\t<section class=\"has_ae_slider elementor-section elementor-top-section elementor-element elementor-element-64e0935 elementor-section-full_width elementor-section-stretched elementor-section-height-default elementor-section-height-default ae-bg-gallery-type-default\" data-id=\"64e0935\" data-element_type=\"section\" data-settings=\"{&quot;stretch_section&quot;:&quot;section-stretched&quot;}\">\n\t\t\t\t\t\t<div class=\"elementor-container elementor-column-gap-wider\">\n\t\t\t\t\t<div class=\"has_ae_slider elementor-column elementor-col-100 elementor-top-column elementor-element elementor-element-3718854 ae-bg-gallery-type-default\" data-id=\"3718854\" data-element_type=\"column\">\n\t\t\t<div class=\"elementor-widget-wrap elementor-element-populated\">\n\t\t\t\t\t\t<section class=\"has_ae_slider elementor-section elementor-inner-section elementor-element elementor-element-6462d46 elementor-section-boxed elementor-section-height-default elementor-section-height-default ae-bg-gallery-type-default\" data-id=\"6462d46\" data-element_type=\"section\" data-settings=\"{&quot;background_background&quot;:&quot;classic&quot;}\">\n\t\t\t\t\t\t<div class=\"elementor-container elementor-column-gap-default\">\n\t\t\t\t\t<div class=\"has_ae_slider elementor-column elementor-col-100 elementor-inner-column elementor-element elementor-element-cac5a93 ae-bg-gallery-type-default\" data-id=\"cac5a93\" data-element_type=\"column\" data-settings=\"{&quot;background_background&quot;:&quot;classic&quot;}\">\n\t\t\t<div class=\"elementor-widget-wrap elementor-element-populated\">\n\t\t\t\t\t\t<div class=\"elementor-element elementor-element-96d16a7 elementor-widget__width-initial elementor-widget elementor-widget-heading\" data-id=\"96d16a7\" data-element_type=\"widget\" data-widget_type=\"heading.default\">\n\t\t\t\t<div class=\"elementor-widget-container\">\n\t\t\t\t\t<h3 class=\"elementor-heading-title elementor-size-default\"><p><span style=\"color: #2b6cf5\">Solicite o seu<\/span> or\u00e7amento sem compromisso<\/p>\n<\/h3>\t\t\t\t<\/div>\n\t\t\t\t<\/div>\n\t\t\t\t<div class=\"elementor-element elementor-element-3f554ac elementor-mobile-align-center elementor-widget-tablet__width-inherit elementor-align-center elementor-widget elementor-widget-button\" data-id=\"3f554ac\" data-element_type=\"widget\" data-widget_type=\"button.default\">\n\t\t\t\t<div class=\"elementor-widget-container\">\n\t\t\t\t\t\t\t\t\t<div class=\"elementor-button-wrapper\">\n\t\t\t\t\t<a class=\"elementor-button elementor-button-link elementor-size-sm\" href=\"https:\/\/postalfly.com\/pt\/estimativa-para-o-envio-de-bens-perdidos\/\">\n\t\t\t\t\t\t<span class=\"elementor-button-content-wrapper\">\n\t\t\t\t\t\t\t\t\t<span class=\"elementor-button-text\">Clique aqui<\/span>\n\t\t\t\t\t<\/span>\n\t\t\t\t\t<\/a>\n\t\t\t\t<\/div>\n\t\t\t\t\t\t\t\t<\/div>\n\t\t\t\t<\/div>\n\t\t\t\t\t<\/div>\n\t\t<\/div>\n\t\t\t\t\t<\/div>\n\t\t<\/section>\n\t\t\t\t\t<\/div>\n\t\t<\/div>\n\t\t\t\t\t<\/div>\n\t\t<\/section>\n\t\t\t\t<\/div>","protected":false},"excerpt":{"rendered":"<p>O guia completo dos perdidos e achados: O que fazer e como recuper\u00e1-los Perder um objeto pessoal pode ser uma experi\u00eancia frustrante e stressante.<span class=\"excerpt-hellip\"> [...]<\/span><\/p>","protected":false},"author":1,"featured_media":0,"parent":0,"menu_order":0,"comment_status":"open","ping_status":"closed","template":"","meta":{"footnotes":""},"class_list":["post-13","page","type-page","status-publish","hentry"],"yoast_head":"<!-- This site is optimized with the Yoast SEO Premium plugin v21.7 (Yoast SEO v26.3) - https:\/\/yoast.com\/wordpress\/plugins\/seo\/ -->\n<title>The complete guide to lost and found: What to do and how to recover them - postalfly<\/title>\n<meta name=\"robots\" content=\"index, follow, max-snippet:-1, max-image-preview:large, max-video-preview:-1\" \/>\n<link rel=\"canonical\" href=\"https:\/\/postalfly.com\/pt\/recupere-os-seus-bens-perdidos-nos-aeroportos-com-a-goenvio\/\" \/>\n<meta property=\"og:locale\" content=\"pt_PT\" \/>\n<meta property=\"og:type\" content=\"article\" \/>\n<meta property=\"og:title\" content=\"The complete guide to lost and found: What to do and how to recover them\" \/>\n<meta property=\"og:description\" content=\"The complete guide to lost an found: What to do and how to recover Them Losing a personal item can be a frustrating and stressful experience. [\u2026]\" \/>\n<meta property=\"og:url\" content=\"https:\/\/postalfly.com\/pt\/recupere-os-seus-bens-perdidos-nos-aeroportos-com-a-goenvio\/\" \/>\n<meta property=\"og:site_name\" content=\"postalfly\" \/>\n<meta property=\"article:modified_time\" content=\"2024-06-07T09:21:23+00:00\" \/>\n<meta name=\"twitter:card\" content=\"summary_large_image\" \/>\n<meta name=\"twitter:label1\" content=\"Tempo estimado de leitura\" \/>\n\t<meta name=\"twitter:data1\" content=\"2 minutos\" \/>\n<script type=\"application\/ld+json\" class=\"yoast-schema-graph\">{\"@context\":\"https:\/\/schema.org\",\"@graph\":[{\"@type\":\"WebPage\",\"@id\":\"https:\/\/postalfly.com\/he-complete-guide-to-lost-and-found-what-to-do-and-how-to-recover-them\/\",\"url\":\"https:\/\/postalfly.com\/he-complete-guide-to-lost-and-found-what-to-do-and-how-to-recover-them\/\",\"name\":\"The complete guide to lost and found: What to do and how to recover them - postalfly\",\"isPartOf\":{\"@id\":\"https:\/\/postalfly.com\/#website\"},\"datePublished\":\"2022-10-18T10:54:12+00:00\",\"dateModified\":\"2024-06-07T09:21:23+00:00\",\"breadcrumb\":{\"@id\":\"https:\/\/postalfly.com\/he-complete-guide-to-lost-and-found-what-to-do-and-how-to-recover-them\/#breadcrumb\"},\"inLanguage\":\"pt-PT\",\"potentialAction\":[{\"@type\":\"ReadAction\",\"target\":[\"https:\/\/postalfly.com\/he-complete-guide-to-lost-and-found-what-to-do-and-how-to-recover-them\/\"]}]},{\"@type\":\"BreadcrumbList\",\"@id\":\"https:\/\/postalfly.com\/he-complete-guide-to-lost-and-found-what-to-do-and-how-to-recover-them\/#breadcrumb\",\"itemListElement\":[{\"@type\":\"ListItem\",\"position\":1,\"name\":\"Home\",\"item\":\"https:\/\/postalfly.com\/\"},{\"@type\":\"ListItem\",\"position\":2,\"name\":\"The complete guide to lost and found: What to do and how to recover them\"}]},{\"@type\":\"WebSite\",\"@id\":\"https:\/\/postalfly.com\/#website\",\"url\":\"https:\/\/postalfly.com\/\",\"name\":\"PostalFly\",\"description\":\"Lost Items Shipping: Airports - Retrieve Your Belongings\",\"publisher\":{\"@id\":\"https:\/\/postalfly.com\/#organization\"},\"potentialAction\":[{\"@type\":\"SearchAction\",\"target\":{\"@type\":\"EntryPoint\",\"urlTemplate\":\"https:\/\/postalfly.com\/?s={search_term_string}\"},\"query-input\":{\"@type\":\"PropertyValueSpecification\",\"valueRequired\":true,\"valueName\":\"search_term_string\"}}],\"inLanguage\":\"pt-PT\"},{\"@type\":\"Organization\",\"@id\":\"https:\/\/postalfly.com\/#organization\",\"name\":\"PostalFly\",\"url\":\"https:\/\/postalfly.com\/\",\"logo\":{\"@type\":\"ImageObject\",\"inLanguage\":\"pt-PT\",\"@id\":\"https:\/\/postalfly.com\/#\/schema\/logo\/image\/\",\"url\":\"\",\"contentUrl\":\"\",\"caption\":\"PostalFly\"},\"image\":{\"@id\":\"https:\/\/postalfly.com\/#\/schema\/logo\/image\/\"}}]}<\/script>\n<!-- \/ Yoast SEO Premium plugin. -->","yoast_head_json":{"title":"O guia completo dos perdidos e achados: O que fazer e como os recuperar - postalfly","robots":{"index":"index","follow":"follow","max-snippet":"max-snippet:-1","max-image-preview":"max-image-preview:large","max-video-preview":"max-video-preview:-1"},"canonical":"https:\/\/postalfly.com\/pt\/recupere-os-seus-bens-perdidos-nos-aeroportos-com-a-goenvio\/","og_locale":"pt_PT","og_type":"article","og_title":"The complete guide to lost and found: What to do and how to recover them","og_description":"The complete guide to lost an found: What to do and how to recover Them Losing a personal item can be a frustrating and stressful experience. [\u2026]","og_url":"https:\/\/postalfly.com\/pt\/recupere-os-seus-bens-perdidos-nos-aeroportos-com-a-goenvio\/","og_site_name":"postalfly","article_modified_time":"2024-06-07T09:21:23+00:00","twitter_card":"summary_large_image","twitter_misc":{"Tempo estimado de leitura":"2 minutos"},"schema":{"@context":"https:\/\/schema.org","@graph":[{"@type":"WebPage","@id":"https:\/\/postalfly.com\/he-complete-guide-to-lost-and-found-what-to-do-and-how-to-recover-them\/","url":"https:\/\/postalfly.com\/he-complete-guide-to-lost-and-found-what-to-do-and-how-to-recover-them\/","name":"O guia completo dos perdidos e achados: O que fazer e como os recuperar - postalfly","isPartOf":{"@id":"https:\/\/postalfly.com\/#website"},"datePublished":"2022-10-18T10:54:12+00:00","dateModified":"2024-06-07T09:21:23+00:00","breadcrumb":{"@id":"https:\/\/postalfly.com\/he-complete-guide-to-lost-and-found-what-to-do-and-how-to-recover-them\/#breadcrumb"},"inLanguage":"pt-PT","potentialAction":[{"@type":"ReadAction","target":["https:\/\/postalfly.com\/he-complete-guide-to-lost-and-found-what-to-do-and-how-to-recover-them\/"]}]},{"@type":"BreadcrumbList","@id":"https:\/\/postalfly.com\/he-complete-guide-to-lost-and-found-what-to-do-and-how-to-recover-them\/#breadcrumb","itemListElement":[{"@type":"ListItem","position":1,"name":"Home","item":"https:\/\/postalfly.com\/"},{"@type":"ListItem","position":2,"name":"The complete guide to lost and found: What to do and how to recover them"}]},{"@type":"WebSite","@id":"https:\/\/postalfly.com\/#website","url":"https:\/\/postalfly.com\/","name":"PostalFly","description":"Envio de objectos perdidos: Aeroportos - Recuperar os seus pertences","publisher":{"@id":"https:\/\/postalfly.com\/#organization"},"potentialAction":[{"@type":"SearchAction","target":{"@type":"EntryPoint","urlTemplate":"https:\/\/postalfly.com\/?s={search_term_string}"},"query-input":{"@type":"PropertyValueSpecification","valueRequired":true,"valueName":"search_term_string"}}],"inLanguage":"pt-PT"},{"@type":"Organization","@id":"https:\/\/postalfly.com\/#organization","name":"PostalFly","url":"https:\/\/postalfly.com\/","logo":{"@type":"ImageObject","inLanguage":"pt-PT","@id":"https:\/\/postalfly.com\/#\/schema\/logo\/image\/","url":"","contentUrl":"","caption":"PostalFly"},"image":{"@id":"https:\/\/postalfly.com\/#\/schema\/logo\/image\/"}}]}},"_links":{"self":[{"href":"https:\/\/postalfly.com\/pt\/wp-json\/wp\/v2\/pages\/13","targetHints":{"allow":["GET"]}}],"collection":[{"href":"https:\/\/postalfly.com\/pt\/wp-json\/wp\/v2\/pages"}],"about":[{"href":"https:\/\/postalfly.com\/pt\/wp-json\/wp\/v2\/types\/page"}],"author":[{"embeddable":true,"href":"https:\/\/postalfly.com\/pt\/wp-json\/wp\/v2\/users\/1"}],"replies":[{"embeddable":true,"href":"https:\/\/postalfly.com\/pt\/wp-json\/wp\/v2\/comments?post=13"}],"version-history":[{"count":0,"href":"https:\/\/postalfly.com\/pt\/wp-json\/wp\/v2\/pages\/13\/revisions"}],"wp:attachment":[{"href":"https:\/\/postalfly.com\/pt\/wp-json\/wp\/v2\/media?parent=13"}],"curies":[{"name":"wp","href":"https:\/\/api.w.org\/{rel}","templated":true}]}}