{"id":600,"date":"2024-05-11T07:35:45","date_gmt":"2024-05-11T07:35:45","guid":{"rendered":"https:\/\/postalfly.com\/?page_id=600"},"modified":"2024-06-14T10:01:01","modified_gmt":"2024-06-14T10:01:01","slug":"cookies-policy","status":"publish","type":"page","link":"https:\/\/postalfly.com\/pt\/este-sitio-utiliza-cookies\/","title":{"rendered":"Este s\u00edtio utiliza cookies"},"content":{"rendered":"<div data-elementor-type=\"wp-page\" data-elementor-id=\"600\" class=\"elementor elementor-600\" data-elementor-post-type=\"page\">\n\t\t\t\t\t\t<section class=\"has_ae_slider elementor-section elementor-top-section elementor-element elementor-element-20c92f7 elementor-section-full_width elementor-section-stretched elementor-section-height-default elementor-section-height-default ae-bg-gallery-type-default\" data-id=\"20c92f7\" data-element_type=\"section\" data-e-type=\"section\" data-settings=\"{&quot;stretch_section&quot;:&quot;section-stretched&quot;}\">\n\t\t\t\t\t\t<div class=\"elementor-container elementor-column-gap-wider\">\n\t\t\t\t\t<div class=\"has_ae_slider elementor-column elementor-col-100 elementor-top-column elementor-element elementor-element-0c45c5b ae-bg-gallery-type-default\" data-id=\"0c45c5b\" data-element_type=\"column\" data-e-type=\"column\">\n\t\t\t<div class=\"elementor-widget-wrap elementor-element-populated\">\n\t\t\t\t\t\t<section class=\"has_ae_slider elementor-section elementor-inner-section elementor-element elementor-element-3868c9a elementor-section-boxed elementor-section-height-default elementor-section-height-default ae-bg-gallery-type-default\" data-id=\"3868c9a\" data-element_type=\"section\" data-e-type=\"section\" data-settings=\"{&quot;background_background&quot;:&quot;classic&quot;}\">\n\t\t\t\t\t\t<div class=\"elementor-container elementor-column-gap-default\">\n\t\t\t\t\t<div class=\"has_ae_slider elementor-column elementor-col-100 elementor-inner-column elementor-element elementor-element-d33c264 ae-bg-gallery-type-default\" data-id=\"d33c264\" data-element_type=\"column\" data-e-type=\"column\" data-settings=\"{&quot;background_background&quot;:&quot;classic&quot;}\">\n\t\t\t<div class=\"elementor-widget-wrap elementor-element-populated\">\n\t\t\t\t\t\t<div class=\"elementor-element elementor-element-dc8a8cd elementor-widget elementor-widget-spacer\" data-id=\"dc8a8cd\" data-element_type=\"widget\" data-e-type=\"widget\" data-widget_type=\"spacer.default\">\n\t\t\t\t<div class=\"elementor-widget-container\">\n\t\t\t\t\t\t\t<div class=\"elementor-spacer\">\n\t\t\t<div class=\"elementor-spacer-inner\"><\/div>\n\t\t<\/div>\n\t\t\t\t\t\t<\/div>\n\t\t\t\t<\/div>\n\t\t\t\t<div class=\"elementor-element elementor-element-a20e3cf elementor-widget elementor-widget-heading\" data-id=\"a20e3cf\" data-element_type=\"widget\" data-e-type=\"widget\" data-widget_type=\"heading.default\">\n\t\t\t\t<div class=\"elementor-widget-container\">\n\t\t\t\t\t<h1 class=\"elementor-heading-title elementor-size-default\">Este s\u00edtio utiliza cookies<\/h1>\t\t\t\t<\/div>\n\t\t\t\t<\/div>\n\t\t\t\t<div class=\"elementor-element elementor-element-70d466d elementor-widget elementor-widget-text-editor\" data-id=\"70d466d\" data-element_type=\"widget\" data-e-type=\"widget\" data-widget_type=\"text-editor.default\">\n\t\t\t\t<div class=\"elementor-widget-container\">\n\t\t\t\t\t\t\t\t\t<p>Em cumprimento da Lei 34\/2002, de 11 de julho, de Servi\u00e7os da Sociedade da Informa\u00e7\u00e3o e Com\u00e9rcio Eletr\u00f3nico (LSSICE), informamos que este site, Goenvio, utiliza cookies.<\/p><p>A LSSICE aplica-se a qualquer tipo de ficheiro ou dispositivo que \u00e9 descarregado para o equipamento terminal de um utilizador para armazenar dados que podem ser actualizados e recuperados pela entidade respons\u00e1vel pela sua instala\u00e7\u00e3o. Um cookie \u00e9 um destes ficheiros muito utilizados que designaremos genericamente por cookies.<\/p><p>Os cookies s\u00e3o pequenos ficheiros de texto enviados a um browser a partir de um servidor Web para registar a atividade de um utilizador num s\u00edtio Web, de modo a que esta informa\u00e7\u00e3o possa ser recuperada mais tarde durante a navega\u00e7\u00e3o atrav\u00e9s de diferentes p\u00e1ginas ligadas ao servidor que os instalou.<\/p><p>Os cookies armazenam normalmente informa\u00e7\u00f5es t\u00e9cnicas, prefer\u00eancias pessoais, personaliza\u00e7\u00e3o de conte\u00fados, estat\u00edsticas de utiliza\u00e7\u00e3o, liga\u00e7\u00f5es a redes sociais, acesso a contas de utilizador, etc.<\/p><h3>Tipos de cookies<\/h3><p>Segue-se uma classifica\u00e7\u00e3o dos cookies com base numa s\u00e9rie de categorias. No entanto, \u00e9 necess\u00e1rio ter em conta que o mesmo cookie pode ser inclu\u00eddo em mais do que uma categoria.<\/p><h4>De acordo com a entidade que os gere<\/h4><ul><li style=\"list-style-type: none;\"><ul><li><b>Bolachas pr\u00f3prias:<\/b> S\u00e3o enviadas para o equipamento terminal do utilizador a partir de um dispositivo ou dom\u00ednio gerido pelo editor e a partir do qual \u00e9 prestado o servi\u00e7o solicitado pelo utilizador.<\/li><li><b>Cookies de terceiros:<\/b> Estes s\u00e3o enviados para o equipamento terminal do utilizador a partir de um dispositivo ou dom\u00ednio n\u00e3o gerido pelo editor, mas por outra entidade que trata os dados obtidos atrav\u00e9s dos cookies.<\/li><\/ul><\/li><\/ul><p>Se os cookies forem instalados a partir de um dispositivo ou dom\u00ednio gerido pelo editor, mas as informa\u00e7\u00f5es recolhidas atrav\u00e9s deles forem geridas por um terceiro, n\u00e3o s\u00e3o considerados cookies pr\u00f3prios.<\/p><h4>De acordo com o tempo que permanecem activos<\/h4><p>Com base no tempo que permanecem activos no equipamento terminal, podemos distinguir:<\/p><ul><li><b>Cookies de sess\u00e3o:<\/b> Um tipo de cookie concebido para recolher e armazenar dados enquanto o utilizador acede a uma p\u00e1gina Web. S\u00e3o normalmente utilizados para armazenar informa\u00e7\u00f5es que s\u00f3 precisam de ser conservadas para fornecer o servi\u00e7o solicitado pelo utilizador numa \u00fanica ocasi\u00e3o (por exemplo, uma lista de produtos comprados).<\/li><li><b>Cookies persistentes:<\/b> Um tipo de cookie em que os dados permanecem armazenados no terminal e podem ser acedidos e processados durante um per\u00edodo definido pelo respons\u00e1vel pelo cookie, que pode ir de alguns minutos a v\u00e1rios anos.<\/li><\/ul><h4>De acordo com o seu objetivo<\/h4><p>Com base na finalidade para a qual os dados obtidos atrav\u00e9s dos cookies s\u00e3o processados, podemos distinguir entre:<\/p><ul><li><b>Cookies t\u00e9cnicos:<\/b> Permitem ao utilizador navegar atrav\u00e9s de uma p\u00e1gina web, plataforma ou aplica\u00e7\u00e3o e utilizar as diferentes op\u00e7\u00f5es ou servi\u00e7os dispon\u00edveis, como controlar o tr\u00e1fego e a comunica\u00e7\u00e3o de dados, identificar a sess\u00e3o, aceder a \u00e1reas restritas, recordar os elementos que comp\u00f5em uma encomenda, realizar o processo de compra de uma encomenda, solicitar a inscri\u00e7\u00e3o ou participa\u00e7\u00e3o num evento, utilizar elementos de seguran\u00e7a durante a navega\u00e7\u00e3o, armazenar conte\u00fados para difus\u00e3o de v\u00eddeo ou som ou partilhar conte\u00fados atrav\u00e9s das redes sociais.<\/li><li><b>Cookies de personaliza\u00e7\u00e3o:<\/b> Permitem que o utilizador aceda ao servi\u00e7o com algumas caracter\u00edsticas gerais predefinidas com base numa s\u00e9rie de crit\u00e9rios no terminal do utilizador, como a l\u00edngua, o tipo de navegador atrav\u00e9s do qual o servi\u00e7o \u00e9 acedido, a configura\u00e7\u00e3o regional a partir da qual o servi\u00e7o \u00e9 acedido, etc.<\/li><li><b>Cookies de an\u00e1lise:<\/b> Estes permitem \u00e0 parte respons\u00e1vel por eles monitorizar e analisar o comportamento dos utilizadores dos s\u00edtios Web a que est\u00e3o ligados. As informa\u00e7\u00f5es recolhidas atrav\u00e9s deste tipo de cookie s\u00e3o utilizadas para medir a atividade dos s\u00edtios, aplica\u00e7\u00f5es ou plataformas e para criar perfis de navega\u00e7\u00e3o dos utilizadores desses s\u00edtios, aplica\u00e7\u00f5es e plataformas, a fim de introduzir melhorias com base na an\u00e1lise dos dados de utiliza\u00e7\u00e3o efectuada pelos utilizadores do servi\u00e7o.<\/li><li><b>Cookies de publicidade:<\/b> Estes permitem gerir, da forma mais eficaz poss\u00edvel, os espa\u00e7os publicit\u00e1rios que, se for caso disso, o editor tenha inclu\u00eddo numa p\u00e1gina Web, aplica\u00e7\u00e3o ou plataforma a partir da qual o servi\u00e7o solicitado \u00e9 prestado, com base em crit\u00e9rios como o conte\u00fado editado ou a frequ\u00eancia com que os an\u00fancios s\u00e3o apresentados.<\/li><li><b>Cookies de publicidade comportamental:<\/b> Permitem a gest\u00e3o, da forma mais eficaz poss\u00edvel, dos espa\u00e7os publicit\u00e1rios que, se for caso disso, o editor tenha inclu\u00eddo numa p\u00e1gina web, aplica\u00e7\u00e3o ou plataforma a partir da qual se presta o servi\u00e7o solicitado. Estes cookies armazenam informa\u00e7\u00f5es sobre o comportamento do utilizador obtidas atrav\u00e9s da observa\u00e7\u00e3o cont\u00ednua dos seus h\u00e1bitos de navega\u00e7\u00e3o, permitindo o desenvolvimento de um perfil espec\u00edfico para apresentar publicidade com base no mesmo.<\/li><\/ul><h3>Como desativar os cookies nos principais navegadores Web<\/h3><p>Para configurar a utiliza\u00e7\u00e3o de cookies, siga as instru\u00e7\u00f5es correspondentes ao seu navegador ou consulte a ajuda do mesmo:<\/p><ul><li>Safari<\/li><li>Firefox<\/li><li>Cromado<\/li><li>\u00d3pera<\/li><li>Internet Explorer<\/li><li>Borda<\/li><\/ul><h3>O que acontece se os cookies n\u00e3o forem aceites<\/h3><p>A rejei\u00e7\u00e3o de cookies pode impedir o acesso a conte\u00fados e servi\u00e7os personalizados.<\/p><h3>Actualiza\u00e7\u00f5es e altera\u00e7\u00f5es \u00e0 Pol\u00edtica de Cookies<\/h3><p>A Goenvio pode modificar esta pol\u00edtica de cookies com base em requisitos legislativos, regulamentares, ou para adaptar a pol\u00edtica \u00e0s instru\u00e7\u00f5es emitidas pela Ag\u00eancia Espanhola de Prote\u00e7\u00e3o de Dados, devido a raz\u00f5es t\u00e9cnicas ou reorganiza\u00e7\u00e3o do website; por isso, aconselhamos que a visite periodicamente.<\/p><h3>Contacto<\/h3><p>Para resolver quaisquer quest\u00f5es sobre a forma como utilizamos os cookies, escreva-nos para o endere\u00e7o de correio eletr\u00f3nico: info@postalfly.com<\/p>\t\t\t\t\t\t\t\t<\/div>\n\t\t\t\t<\/div>\n\t\t\t\t\t<\/div>\n\t\t<\/div>\n\t\t\t\t\t<\/div>\n\t\t<\/section>\n\t\t\t\t\t<\/div>\n\t\t<\/div>\n\t\t\t\t\t<\/div>\n\t\t<\/section>\n\t\t\t\t<\/div>","protected":false},"excerpt":{"rendered":"<p>This site uses cookies In compliance with Law 34\/2002 of July 11 on Information Society Services and Electronic Commerce (LSSICE), we inform you that this website,<span class=\"excerpt-hellip\"> [\u2026]<\/span><\/p>\n","protected":false},"author":1,"featured_media":0,"parent":0,"menu_order":0,"comment_status":"open","ping_status":"closed","template":"","meta":{"footnotes":""},"class_list":["post-600","page","type-page","status-publish","hentry"],"yoast_head":"<!-- This site is optimized with the Yoast SEO Premium plugin v21.7 (Yoast SEO v27.5) - https:\/\/yoast.com\/product\/yoast-seo-premium-wordpress\/ -->\n<title>Este sitio utiliza cookies - postalfly<\/title>\n<meta name=\"robots\" content=\"index, follow, max-snippet:-1, max-image-preview:large, max-video-preview:-1\" \/>\n<link rel=\"canonical\" href=\"https:\/\/postalfly.com\/pt\/este-sitio-utiliza-cookies\/\" \/>\n<meta property=\"og:locale\" content=\"pt_PT\" \/>\n<meta property=\"og:type\" content=\"article\" \/>\n<meta property=\"og:title\" content=\"Este sitio utiliza cookies\" \/>\n<meta property=\"og:description\" content=\"This site uses cookies In compliance with Law 34\/2002 of July 11 on Information Society Services and Electronic Commerce (LSSICE), we inform you that this website, [\u2026]\" \/>\n<meta property=\"og:url\" content=\"https:\/\/postalfly.com\/pt\/este-sitio-utiliza-cookies\/\" \/>\n<meta property=\"og:site_name\" content=\"postalfly\" \/>\n<meta property=\"article:modified_time\" content=\"2024-06-14T10:01:01+00:00\" \/>\n<meta name=\"twitter:card\" content=\"summary_large_image\" \/>\n<meta name=\"twitter:label1\" content=\"Tempo estimado de leitura\" \/>\n\t<meta name=\"twitter:data1\" content=\"4 minutos\" \/>\n<script type=\"application\/ld+json\" class=\"yoast-schema-graph\">{\"@context\":\"https:\\\/\\\/schema.org\",\"@graph\":[{\"@type\":\"WebPage\",\"@id\":\"https:\\\/\\\/postalfly.com\\\/cookies-policy\\\/\",\"url\":\"https:\\\/\\\/postalfly.com\\\/cookies-policy\\\/\",\"name\":\"Este sitio utiliza cookies - postalfly\",\"isPartOf\":{\"@id\":\"https:\\\/\\\/postalfly.com\\\/#website\"},\"datePublished\":\"2024-05-11T07:35:45+00:00\",\"dateModified\":\"2024-06-14T10:01:01+00:00\",\"breadcrumb\":{\"@id\":\"https:\\\/\\\/postalfly.com\\\/cookies-policy\\\/#breadcrumb\"},\"inLanguage\":\"pt-PT\",\"potentialAction\":[{\"@type\":\"ReadAction\",\"target\":[\"https:\\\/\\\/postalfly.com\\\/cookies-policy\\\/\"]}]},{\"@type\":\"BreadcrumbList\",\"@id\":\"https:\\\/\\\/postalfly.com\\\/cookies-policy\\\/#breadcrumb\",\"itemListElement\":[{\"@type\":\"ListItem\",\"position\":1,\"name\":\"Home\",\"item\":\"https:\\\/\\\/postalfly.com\\\/\"},{\"@type\":\"ListItem\",\"position\":2,\"name\":\"Este sitio utiliza cookies\"}]},{\"@type\":\"WebSite\",\"@id\":\"https:\\\/\\\/postalfly.com\\\/#website\",\"url\":\"https:\\\/\\\/postalfly.com\\\/\",\"name\":\"PostalFly\",\"description\":\"Lost Items Shipping: Airports - Retrieve Your Belongings\",\"publisher\":{\"@id\":\"https:\\\/\\\/postalfly.com\\\/#organization\"},\"potentialAction\":[{\"@type\":\"SearchAction\",\"target\":{\"@type\":\"EntryPoint\",\"urlTemplate\":\"https:\\\/\\\/postalfly.com\\\/?s={search_term_string}\"},\"query-input\":{\"@type\":\"PropertyValueSpecification\",\"valueRequired\":true,\"valueName\":\"search_term_string\"}}],\"inLanguage\":\"pt-PT\"},{\"@type\":\"Organization\",\"@id\":\"https:\\\/\\\/postalfly.com\\\/#organization\",\"name\":\"PostalFly\",\"url\":\"https:\\\/\\\/postalfly.com\\\/\",\"logo\":{\"@type\":\"ImageObject\",\"inLanguage\":\"pt-PT\",\"@id\":\"https:\\\/\\\/postalfly.com\\\/#\\\/schema\\\/logo\\\/image\\\/\",\"url\":\"\",\"contentUrl\":\"\",\"caption\":\"PostalFly\"},\"image\":{\"@id\":\"https:\\\/\\\/postalfly.com\\\/#\\\/schema\\\/logo\\\/image\\\/\"}}]}<\/script>\n<!-- \/ Yoast SEO Premium plugin. -->","yoast_head_json":{"title":"Este s\u00edtio utiliza cookies - postalfly","robots":{"index":"index","follow":"follow","max-snippet":"max-snippet:-1","max-image-preview":"max-image-preview:large","max-video-preview":"max-video-preview:-1"},"canonical":"https:\/\/postalfly.com\/pt\/este-sitio-utiliza-cookies\/","og_locale":"pt_PT","og_type":"article","og_title":"Este sitio utiliza cookies","og_description":"This site uses cookies In compliance with Law 34\/2002 of July 11 on Information Society Services and Electronic Commerce (LSSICE), we inform you that this website, [\u2026]","og_url":"https:\/\/postalfly.com\/pt\/este-sitio-utiliza-cookies\/","og_site_name":"postalfly","article_modified_time":"2024-06-14T10:01:01+00:00","twitter_card":"summary_large_image","twitter_misc":{"Tempo estimado de leitura":"4 minutos"},"schema":{"@context":"https:\/\/schema.org","@graph":[{"@type":"WebPage","@id":"https:\/\/postalfly.com\/cookies-policy\/","url":"https:\/\/postalfly.com\/cookies-policy\/","name":"Este s\u00edtio utiliza cookies - postalfly","isPartOf":{"@id":"https:\/\/postalfly.com\/#website"},"datePublished":"2024-05-11T07:35:45+00:00","dateModified":"2024-06-14T10:01:01+00:00","breadcrumb":{"@id":"https:\/\/postalfly.com\/cookies-policy\/#breadcrumb"},"inLanguage":"pt-PT","potentialAction":[{"@type":"ReadAction","target":["https:\/\/postalfly.com\/cookies-policy\/"]}]},{"@type":"BreadcrumbList","@id":"https:\/\/postalfly.com\/cookies-policy\/#breadcrumb","itemListElement":[{"@type":"ListItem","position":1,"name":"Home","item":"https:\/\/postalfly.com\/"},{"@type":"ListItem","position":2,"name":"Este sitio utiliza cookies"}]},{"@type":"WebSite","@id":"https:\/\/postalfly.com\/#website","url":"https:\/\/postalfly.com\/","name":"PostalFly","description":"Envio de objectos perdidos: Aeroportos - Recuperar os seus pertences","publisher":{"@id":"https:\/\/postalfly.com\/#organization"},"potentialAction":[{"@type":"SearchAction","target":{"@type":"EntryPoint","urlTemplate":"https:\/\/postalfly.com\/?s={search_term_string}"},"query-input":{"@type":"PropertyValueSpecification","valueRequired":true,"valueName":"search_term_string"}}],"inLanguage":"pt-PT"},{"@type":"Organization","@id":"https:\/\/postalfly.com\/#organization","name":"PostalFly","url":"https:\/\/postalfly.com\/","logo":{"@type":"ImageObject","inLanguage":"pt-PT","@id":"https:\/\/postalfly.com\/#\/schema\/logo\/image\/","url":"","contentUrl":"","caption":"PostalFly"},"image":{"@id":"https:\/\/postalfly.com\/#\/schema\/logo\/image\/"}}]}},"_links":{"self":[{"href":"https:\/\/postalfly.com\/pt\/wp-json\/wp\/v2\/pages\/600","targetHints":{"allow":["GET"]}}],"collection":[{"href":"https:\/\/postalfly.com\/pt\/wp-json\/wp\/v2\/pages"}],"about":[{"href":"https:\/\/postalfly.com\/pt\/wp-json\/wp\/v2\/types\/page"}],"author":[{"embeddable":true,"href":"https:\/\/postalfly.com\/pt\/wp-json\/wp\/v2\/users\/1"}],"replies":[{"embeddable":true,"href":"https:\/\/postalfly.com\/pt\/wp-json\/wp\/v2\/comments?post=600"}],"version-history":[{"count":0,"href":"https:\/\/postalfly.com\/pt\/wp-json\/wp\/v2\/pages\/600\/revisions"}],"wp:attachment":[{"href":"https:\/\/postalfly.com\/pt\/wp-json\/wp\/v2\/media?parent=600"}],"curies":[{"name":"wp","href":"https:\/\/api.w.org\/{rel}","templated":true}]}}