{"id":13,"date":"2022-10-18T10:54:12","date_gmt":"2022-10-18T10:54:12","guid":{"rendered":"https:\/\/postalfly.com\/?page_id=13"},"modified":"2024-06-07T09:21:23","modified_gmt":"2024-06-07T09:21:23","slug":"he-complete-guide-to-lost-and-found-what-to-do-and-how-to-recover-them","status":"publish","type":"page","link":"https:\/\/postalfly.com\/sv\/hitta-din-forsvunna-egendom-pa-flygplatser-med-goenvio\/","title":{"rendered":"Den kompletta guiden till borttappade och upphittade saker: Vad man ska g\u00f6ra och hur man \u00e5terf\u00e5r dem"},"content":{"rendered":"<div data-elementor-type=\"wp-page\" data-elementor-id=\"13\" class=\"elementor elementor-13\" data-elementor-post-type=\"page\">\n\t\t\t\t\t\t<section class=\"has_ae_slider elementor-section elementor-top-section elementor-element elementor-element-d676a70 elementor-section-full_width elementor-section-stretched elementor-section-height-default elementor-section-height-default ae-bg-gallery-type-default\" data-id=\"d676a70\" data-element_type=\"section\" data-settings=\"{&quot;stretch_section&quot;:&quot;section-stretched&quot;}\">\n\t\t\t\t\t\t<div class=\"elementor-container elementor-column-gap-wider\">\n\t\t\t\t\t<div class=\"has_ae_slider elementor-column elementor-col-100 elementor-top-column elementor-element elementor-element-d57ed04 ae-bg-gallery-type-default\" data-id=\"d57ed04\" data-element_type=\"column\" data-settings=\"{&quot;background_background&quot;:&quot;classic&quot;}\">\n\t\t\t<div class=\"elementor-widget-wrap elementor-element-populated\">\n\t\t\t\t\t\t<section class=\"has_ae_slider elementor-section elementor-inner-section elementor-element elementor-element-d3a90e6 elementor-section-boxed elementor-section-height-default elementor-section-height-default ae-bg-gallery-type-default\" data-id=\"d3a90e6\" data-element_type=\"section\">\n\t\t\t\t\t\t<div class=\"elementor-container elementor-column-gap-default\">\n\t\t\t\t\t<div class=\"has_ae_slider elementor-column elementor-col-100 elementor-inner-column elementor-element elementor-element-bd5e915 ae-bg-gallery-type-default\" data-id=\"bd5e915\" data-element_type=\"column\">\n\t\t\t<div class=\"elementor-widget-wrap elementor-element-populated\">\n\t\t\t\t\t\t<section class=\"has_ae_slider elementor-section elementor-inner-section elementor-element elementor-element-c100ef7 elementor-section-boxed elementor-section-height-default elementor-section-height-default ae-bg-gallery-type-default\" data-id=\"c100ef7\" data-element_type=\"section\">\n\t\t\t\t\t\t<div class=\"elementor-container elementor-column-gap-default\">\n\t\t\t\t\t<div class=\"has_ae_slider elementor-column elementor-col-25 elementor-inner-column elementor-element elementor-element-8cbaae0 ae-bg-gallery-type-default\" data-id=\"8cbaae0\" data-element_type=\"column\">\n\t\t\t<div class=\"elementor-widget-wrap\">\n\t\t\t\t\t\t\t<\/div>\n\t\t<\/div>\n\t\t\t\t<div class=\"has_ae_slider elementor-column elementor-col-50 elementor-inner-column elementor-element elementor-element-f71378a ae-bg-gallery-type-default\" data-id=\"f71378a\" data-element_type=\"column\">\n\t\t\t<div class=\"elementor-widget-wrap elementor-element-populated\">\n\t\t\t\t\t\t<div class=\"elementor-element elementor-element-598cb93 elementor-widget elementor-widget-heading\" data-id=\"598cb93\" data-element_type=\"widget\" data-widget_type=\"heading.default\">\n\t\t\t\t<div class=\"elementor-widget-container\">\n\t\t\t\t\t<h3 class=\"elementor-heading-title elementor-size-default\">Den kompletta guiden till borttappade och upphittade: Vad man ska g\u00f6ra och hur man \u00e5terf\u00e5r Them<\/h3>\t\t\t\t<\/div>\n\t\t\t\t<\/div>\n\t\t\t\t<div class=\"elementor-element elementor-element-563c703 elementor-widget-tablet__width-initial elementor-widget elementor-widget-heading\" data-id=\"563c703\" data-element_type=\"widget\" data-widget_type=\"heading.default\">\n\t\t\t\t<div class=\"elementor-widget-container\">\n\t\t\t\t\t<h5 class=\"elementor-heading-title elementor-size-default\">Att f\u00f6rlora en personlig \u00e4godel kan vara en frustrerande och stressande upplevelse. Oavsett om du har tappat bort dina nycklar, din mobiltelefon eller n\u00e5got s\u00e5 viktigt som din pl\u00e5nbok kan k\u00e4nslan av f\u00f6rlust vara \u00f6verv\u00e4ldigande. Men med r\u00e4tt information och strategier kan det vara l\u00e4ttare \u00e4n du tror att \u00e5terf\u00e5 f\u00f6rlorade f\u00f6rem\u00e5l. I den h\u00e4r artikeln ger vi dig en komplett guide till vad du ska g\u00f6ra n\u00e4r du tappar bort ett f\u00f6rem\u00e5l och hur du \u00f6kar dina chanser att f\u00e5 tillbaka det.\n\n\n\n\n\n\n\n\n\n\n\n\n\n\n<\/h5>\t\t\t\t<\/div>\n\t\t\t\t<\/div>\n\t\t\t\t\t<\/div>\n\t\t<\/div>\n\t\t\t\t<div class=\"has_ae_slider elementor-column elementor-col-25 elementor-inner-column elementor-element elementor-element-50c51bc ae-bg-gallery-type-default\" data-id=\"50c51bc\" data-element_type=\"column\">\n\t\t\t<div class=\"elementor-widget-wrap\">\n\t\t\t\t\t\t\t<\/div>\n\t\t<\/div>\n\t\t\t\t\t<\/div>\n\t\t<\/section>\n\t\t\t\t\t<\/div>\n\t\t<\/div>\n\t\t\t\t\t<\/div>\n\t\t<\/section>\n\t\t\t\t\t<\/div>\n\t\t<\/div>\n\t\t\t\t\t<\/div>\n\t\t<\/section>\n\t\t\t\t<section class=\"has_ae_slider elementor-section elementor-top-section elementor-element elementor-element-0d58ce0 elementor-section-full_width elementor-section-stretched elementor-section-height-default elementor-section-height-default ae-bg-gallery-type-default\" data-id=\"0d58ce0\" data-element_type=\"section\" data-settings=\"{&quot;stretch_section&quot;:&quot;section-stretched&quot;,&quot;background_background&quot;:&quot;classic&quot;}\">\n\t\t\t\t\t\t<div class=\"elementor-container elementor-column-gap-default\">\n\t\t\t\t\t<div class=\"has_ae_slider elementor-column elementor-col-100 elementor-top-column elementor-element elementor-element-16d11c8 ae-bg-gallery-type-default\" data-id=\"16d11c8\" data-element_type=\"column\" data-settings=\"{&quot;background_background&quot;:&quot;classic&quot;}\">\n\t\t\t<div class=\"elementor-widget-wrap elementor-element-populated\">\n\t\t\t\t\t\t<section class=\"has_ae_slider elementor-section elementor-inner-section elementor-element elementor-element-4a1e55a elementor-reverse-tablet elementor-reverse-mobile elementor-section-boxed elementor-section-height-default elementor-section-height-default ae-bg-gallery-type-default\" data-id=\"4a1e55a\" data-element_type=\"section\" id=\"dental\">\n\t\t\t\t\t\t<div class=\"elementor-container elementor-column-gap-default\">\n\t\t\t\t\t<div class=\"has_ae_slider elementor-column elementor-col-50 elementor-inner-column elementor-element elementor-element-6a6be8d ae-bg-gallery-type-default\" data-id=\"6a6be8d\" data-element_type=\"column\" data-settings=\"{&quot;background_background&quot;:&quot;classic&quot;}\">\n\t\t\t<div class=\"elementor-widget-wrap elementor-element-populated\">\n\t\t\t\t\t\t<div class=\"elementor-element elementor-element-3774c39 elementor-widget elementor-widget-text-editor\" data-id=\"3774c39\" data-element_type=\"widget\" data-widget_type=\"text-editor.default\">\n\t\t\t\t<div class=\"elementor-widget-container\">\n\t\t\t\t\t\t\t\t\t<h4>Vad g\u00f6r du n\u00e4r du tappar bort ett f\u00f6rem\u00e5l?<\/h4><h5>1. Beh\u00e5ll lugnet<\/h5><p>Det f\u00f6rsta och viktigaste \u00e4r att h\u00e5lla sig lugn. \u00c5ngest kan f\u00f6rdunkla ditt omd\u00f6me och g\u00f6ra det sv\u00e5rare att \u00e5terf\u00e5 f\u00f6rem\u00e5let. Ta en stund f\u00f6r att andas djupt och t\u00e4nka klart.<\/p><h5>2. \u00c5terkallelse<\/h5><p>F\u00f6rs\u00f6k att minnas n\u00e4r och var du senast s\u00e5g det f\u00f6rsvunna f\u00f6rem\u00e5let. Vad gjorde du vid den tidpunkten? Vem var du tillsammans med? Att g\u00f6ra en mental lista \u00f6ver de senaste platserna du var p\u00e5 kan vara till stor hj\u00e4lp.<\/p><h5>3. G\u00e5 tillbaka till dina steg<\/h5><p>G\u00e5 tillbaka till de platser d\u00e4r du tror att du kan ha tappat bort f\u00f6rem\u00e5let. Kontrollera omr\u00e5det noggrant och fr\u00e5ga m\u00e4nniskor i n\u00e4rheten om de har sett f\u00f6rem\u00e5let. Tveka inte att fr\u00e5ga, f\u00f6r m\u00e5nga g\u00e5nger plockas borttappade f\u00f6rem\u00e5l upp av \u00e4rliga m\u00e4nniskor som f\u00f6rs\u00f6ker \u00e5terl\u00e4mna dem till sina \u00e4gare.<\/p><h5>4. Meddela myndigheter<\/h5><p>Om du har tappat bort n\u00e5got p\u00e5 en allm\u00e4n plats, t.ex. i en park, ett k\u00f6pcentrum eller i kollektivtrafiken, ska du anm\u00e4la det till ber\u00f6rda myndigheter. Ofta l\u00e4mnas borttappade f\u00f6rem\u00e5l in till administrationen p\u00e5 platsen eller till hittegodskontoret.<\/p>\t\t\t\t\t\t\t\t<\/div>\n\t\t\t\t<\/div>\n\t\t\t\t\t<\/div>\n\t\t<\/div>\n\t\t\t\t<div class=\"has_ae_slider elementor-column elementor-col-50 elementor-inner-column elementor-element elementor-element-5eb845c ae-bg-gallery-type-default\" data-id=\"5eb845c\" data-element_type=\"column\" data-settings=\"{&quot;background_background&quot;:&quot;classic&quot;}\">\n\t\t\t<div class=\"elementor-widget-wrap elementor-element-populated\">\n\t\t\t\t\t\t<div class=\"elementor-element elementor-element-fe8aa1c elementor-widget elementor-widget-spacer\" data-id=\"fe8aa1c\" data-element_type=\"widget\" data-widget_type=\"spacer.default\">\n\t\t\t\t<div class=\"elementor-widget-container\">\n\t\t\t\t\t\t\t<div class=\"elementor-spacer\">\n\t\t\t<div class=\"elementor-spacer-inner\"><\/div>\n\t\t<\/div>\n\t\t\t\t\t\t<\/div>\n\t\t\t\t<\/div>\n\t\t\t\t\t<\/div>\n\t\t<\/div>\n\t\t\t\t\t<\/div>\n\t\t<\/section>\n\t\t\t\t<section class=\"has_ae_slider elementor-section elementor-inner-section elementor-element elementor-element-9f13e75 elementor-section-boxed elementor-section-height-default elementor-section-height-default ae-bg-gallery-type-default\" data-id=\"9f13e75\" data-element_type=\"section\" id=\"xray\">\n\t\t\t\t\t\t<div class=\"elementor-container elementor-column-gap-default\">\n\t\t\t\t\t<div class=\"has_ae_slider elementor-column elementor-col-100 elementor-inner-column elementor-element elementor-element-a864368 ae-bg-gallery-type-default\" data-id=\"a864368\" data-element_type=\"column\" data-settings=\"{&quot;background_background&quot;:&quot;classic&quot;}\">\n\t\t\t<div class=\"elementor-widget-wrap elementor-element-populated\">\n\t\t\t\t\t\t<div class=\"elementor-element elementor-element-ac07bb3 elementor-widget elementor-widget-heading\" data-id=\"ac07bb3\" data-element_type=\"widget\" data-widget_type=\"heading.default\">\n\t\t\t\t<div class=\"elementor-widget-container\">\n\t\t\t\t\t<h5 class=\"elementor-heading-title elementor-size-default\">Numera finns det m\u00e5nga appar och enheter som kan hj\u00e4lpa dig att hitta dina f\u00f6rlorade f\u00f6rem\u00e5l. Appar som Find My iPhone f\u00f6r Apple-enheter och Bluetooth-trackers som Tile kan vara mycket anv\u00e4ndbara.<\/h5>\t\t\t\t<\/div>\n\t\t\t\t<\/div>\n\t\t\t\t<div class=\"elementor-element elementor-element-1565d5c elementor-widget elementor-widget-text-editor\" data-id=\"1565d5c\" data-element_type=\"widget\" data-widget_type=\"text-editor.default\">\n\t\t\t\t<div class=\"elementor-widget-container\">\n\t\t\t\t\t\t\t\t\t<h4>Hur fungerar PostalFly?<\/h4>\nPostalFly \u00e4r verksamt \u00f6ver hela v\u00e4rlden och t\u00e4cker ett stort n\u00e4tverk som omfattar de viktigaste globala flygtrafikpunkterna. V\u00e5r upph\u00e4mtnings- och leveransservice hanterar hela processen, fr\u00e5n att lokalisera ditt f\u00f6rsvunna f\u00f6rem\u00e5l till att leverera det till den adress du anger, oavsett om det \u00e4r i Spanien eller n\u00e5gon annanstans i v\u00e4rlden.\n<h4>Beg\u00e4r tj\u00e4nsten p\u00e5 ett enkelt s\u00e4tt<\/h4>\nF\u00f6r att anv\u00e4nda v\u00e5r tj\u00e4nst beh\u00f6ver du bara bes\u00f6ka f\u00f6ljande l\u00e4nk: <a href=\"https:\/\/postalfly.com\/sv\/uppskattning-for-frakt-av-forlorad-egendom\/\" target=\"_new\" rel=\"noreferrer\">Beg\u00e4r frakttj\u00e4nst f\u00f6r borttappat f\u00f6rem\u00e5l<\/a>. V\u00e5r plattform \u00e4r l\u00e4tt att anv\u00e4nda och guidar dig genom ans\u00f6kningsprocessen. N\u00e4r beg\u00e4ran har tagits emot kommer v\u00e5rt team att b\u00f6rja arbeta f\u00f6r att se till att ditt f\u00f6rlorade f\u00f6rem\u00e5l \u00e5tervinns och skickas tillbaka till dig s\u00e5 snart som m\u00f6jligt.\t\t\t\t\t\t\t\t<\/div>\n\t\t\t\t<\/div>\n\t\t\t\t\t<\/div>\n\t\t<\/div>\n\t\t\t\t\t<\/div>\n\t\t<\/section>\n\t\t\t\t\t<\/div>\n\t\t<\/div>\n\t\t\t\t\t<\/div>\n\t\t<\/section>\n\t\t\t\t<section class=\"has_ae_slider elementor-section elementor-top-section elementor-element elementor-element-64e0935 elementor-section-full_width elementor-section-stretched elementor-section-height-default elementor-section-height-default ae-bg-gallery-type-default\" data-id=\"64e0935\" data-element_type=\"section\" data-settings=\"{&quot;stretch_section&quot;:&quot;section-stretched&quot;}\">\n\t\t\t\t\t\t<div class=\"elementor-container elementor-column-gap-wider\">\n\t\t\t\t\t<div class=\"has_ae_slider elementor-column elementor-col-100 elementor-top-column elementor-element elementor-element-3718854 ae-bg-gallery-type-default\" data-id=\"3718854\" data-element_type=\"column\">\n\t\t\t<div class=\"elementor-widget-wrap elementor-element-populated\">\n\t\t\t\t\t\t<section class=\"has_ae_slider elementor-section elementor-inner-section elementor-element elementor-element-6462d46 elementor-section-boxed elementor-section-height-default elementor-section-height-default ae-bg-gallery-type-default\" data-id=\"6462d46\" data-element_type=\"section\" data-settings=\"{&quot;background_background&quot;:&quot;classic&quot;}\">\n\t\t\t\t\t\t<div class=\"elementor-container elementor-column-gap-default\">\n\t\t\t\t\t<div class=\"has_ae_slider elementor-column elementor-col-100 elementor-inner-column elementor-element elementor-element-cac5a93 ae-bg-gallery-type-default\" data-id=\"cac5a93\" data-element_type=\"column\" data-settings=\"{&quot;background_background&quot;:&quot;classic&quot;}\">\n\t\t\t<div class=\"elementor-widget-wrap elementor-element-populated\">\n\t\t\t\t\t\t<div class=\"elementor-element elementor-element-96d16a7 elementor-widget__width-initial elementor-widget elementor-widget-heading\" data-id=\"96d16a7\" data-element_type=\"widget\" data-widget_type=\"heading.default\">\n\t\t\t\t<div class=\"elementor-widget-container\">\n\t\t\t\t\t<h3 class=\"elementor-heading-title elementor-size-default\"><p><span style=\"color: #2b6cf5\">Beg\u00e4r din<\/span> offert utan f\u00f6rpliktelse<\/p>\n<\/h3>\t\t\t\t<\/div>\n\t\t\t\t<\/div>\n\t\t\t\t<div class=\"elementor-element elementor-element-3f554ac elementor-mobile-align-center elementor-widget-tablet__width-inherit elementor-align-center elementor-widget elementor-widget-button\" data-id=\"3f554ac\" data-element_type=\"widget\" data-widget_type=\"button.default\">\n\t\t\t\t<div class=\"elementor-widget-container\">\n\t\t\t\t\t\t\t\t\t<div class=\"elementor-button-wrapper\">\n\t\t\t\t\t<a class=\"elementor-button elementor-button-link elementor-size-sm\" href=\"https:\/\/postalfly.com\/sv\/uppskattning-for-frakt-av-forlorad-egendom\/\">\n\t\t\t\t\t\t<span class=\"elementor-button-content-wrapper\">\n\t\t\t\t\t\t\t\t\t<span class=\"elementor-button-text\">Klicka h\u00e4r<\/span>\n\t\t\t\t\t<\/span>\n\t\t\t\t\t<\/a>\n\t\t\t\t<\/div>\n\t\t\t\t\t\t\t\t<\/div>\n\t\t\t\t<\/div>\n\t\t\t\t\t<\/div>\n\t\t<\/div>\n\t\t\t\t\t<\/div>\n\t\t<\/section>\n\t\t\t\t\t<\/div>\n\t\t<\/div>\n\t\t\t\t\t<\/div>\n\t\t<\/section>\n\t\t\t\t<\/div>","protected":false},"excerpt":{"rendered":"<p>Den kompletta guiden till borttappade och upphittade f\u00f6rem\u00e5l: Vad du ska g\u00f6ra och hur du \u00e5terf\u00e5r dem Att f\u00f6rlora ett personligt f\u00f6rem\u00e5l kan vara en frustrerande och stressande upplevelse.<span class=\"excerpt-hellip\"> [...]<\/span><\/p>","protected":false},"author":1,"featured_media":0,"parent":0,"menu_order":0,"comment_status":"open","ping_status":"closed","template":"","meta":{"footnotes":""},"class_list":["post-13","page","type-page","status-publish","hentry"],"yoast_head":"<!-- This site is optimized with the Yoast SEO Premium plugin v21.7 (Yoast SEO v26.3) - https:\/\/yoast.com\/wordpress\/plugins\/seo\/ -->\n<title>The complete guide to lost and found: What to do and how to recover them - postalfly<\/title>\n<meta name=\"robots\" content=\"index, follow, max-snippet:-1, max-image-preview:large, max-video-preview:-1\" \/>\n<link rel=\"canonical\" href=\"https:\/\/postalfly.com\/sv\/hitta-din-forsvunna-egendom-pa-flygplatser-med-goenvio\/\" \/>\n<meta property=\"og:locale\" content=\"sv_SE\" \/>\n<meta property=\"og:type\" content=\"article\" \/>\n<meta property=\"og:title\" content=\"The complete guide to lost and found: What to do and how to recover them\" \/>\n<meta property=\"og:description\" content=\"The complete guide to lost an found: What to do and how to recover Them Losing a personal item can be a frustrating and stressful experience. [\u2026]\" \/>\n<meta property=\"og:url\" content=\"https:\/\/postalfly.com\/sv\/hitta-din-forsvunna-egendom-pa-flygplatser-med-goenvio\/\" \/>\n<meta property=\"og:site_name\" content=\"postalfly\" \/>\n<meta property=\"article:modified_time\" content=\"2024-06-07T09:21:23+00:00\" \/>\n<meta name=\"twitter:card\" content=\"summary_large_image\" \/>\n<meta name=\"twitter:label1\" content=\"Ber\u00e4knad l\u00e4stid\" \/>\n\t<meta name=\"twitter:data1\" content=\"2 minuter\" \/>\n<script type=\"application\/ld+json\" class=\"yoast-schema-graph\">{\"@context\":\"https:\/\/schema.org\",\"@graph\":[{\"@type\":\"WebPage\",\"@id\":\"https:\/\/postalfly.com\/he-complete-guide-to-lost-and-found-what-to-do-and-how-to-recover-them\/\",\"url\":\"https:\/\/postalfly.com\/he-complete-guide-to-lost-and-found-what-to-do-and-how-to-recover-them\/\",\"name\":\"The complete guide to lost and found: What to do and how to recover them - postalfly\",\"isPartOf\":{\"@id\":\"https:\/\/postalfly.com\/#website\"},\"datePublished\":\"2022-10-18T10:54:12+00:00\",\"dateModified\":\"2024-06-07T09:21:23+00:00\",\"breadcrumb\":{\"@id\":\"https:\/\/postalfly.com\/he-complete-guide-to-lost-and-found-what-to-do-and-how-to-recover-them\/#breadcrumb\"},\"inLanguage\":\"sv-SE\",\"potentialAction\":[{\"@type\":\"ReadAction\",\"target\":[\"https:\/\/postalfly.com\/he-complete-guide-to-lost-and-found-what-to-do-and-how-to-recover-them\/\"]}]},{\"@type\":\"BreadcrumbList\",\"@id\":\"https:\/\/postalfly.com\/he-complete-guide-to-lost-and-found-what-to-do-and-how-to-recover-them\/#breadcrumb\",\"itemListElement\":[{\"@type\":\"ListItem\",\"position\":1,\"name\":\"Home\",\"item\":\"https:\/\/postalfly.com\/\"},{\"@type\":\"ListItem\",\"position\":2,\"name\":\"The complete guide to lost and found: What to do and how to recover them\"}]},{\"@type\":\"WebSite\",\"@id\":\"https:\/\/postalfly.com\/#website\",\"url\":\"https:\/\/postalfly.com\/\",\"name\":\"PostalFly\",\"description\":\"Lost Items Shipping: Airports - Retrieve Your Belongings\",\"publisher\":{\"@id\":\"https:\/\/postalfly.com\/#organization\"},\"potentialAction\":[{\"@type\":\"SearchAction\",\"target\":{\"@type\":\"EntryPoint\",\"urlTemplate\":\"https:\/\/postalfly.com\/?s={search_term_string}\"},\"query-input\":{\"@type\":\"PropertyValueSpecification\",\"valueRequired\":true,\"valueName\":\"search_term_string\"}}],\"inLanguage\":\"sv-SE\"},{\"@type\":\"Organization\",\"@id\":\"https:\/\/postalfly.com\/#organization\",\"name\":\"PostalFly\",\"url\":\"https:\/\/postalfly.com\/\",\"logo\":{\"@type\":\"ImageObject\",\"inLanguage\":\"sv-SE\",\"@id\":\"https:\/\/postalfly.com\/#\/schema\/logo\/image\/\",\"url\":\"\",\"contentUrl\":\"\",\"caption\":\"PostalFly\"},\"image\":{\"@id\":\"https:\/\/postalfly.com\/#\/schema\/logo\/image\/\"}}]}<\/script>\n<!-- \/ Yoast SEO Premium plugin. -->","yoast_head_json":{"title":"Den kompletta guiden till borttappade och upphittade saker: Vad du ska g\u00f6ra och hur du \u00e5terf\u00e5r dem - postalfly","robots":{"index":"index","follow":"follow","max-snippet":"max-snippet:-1","max-image-preview":"max-image-preview:large","max-video-preview":"max-video-preview:-1"},"canonical":"https:\/\/postalfly.com\/sv\/hitta-din-forsvunna-egendom-pa-flygplatser-med-goenvio\/","og_locale":"sv_SE","og_type":"article","og_title":"The complete guide to lost and found: What to do and how to recover them","og_description":"The complete guide to lost an found: What to do and how to recover Them Losing a personal item can be a frustrating and stressful experience. [\u2026]","og_url":"https:\/\/postalfly.com\/sv\/hitta-din-forsvunna-egendom-pa-flygplatser-med-goenvio\/","og_site_name":"postalfly","article_modified_time":"2024-06-07T09:21:23+00:00","twitter_card":"summary_large_image","twitter_misc":{"Ber\u00e4knad l\u00e4stid":"2 minuter"},"schema":{"@context":"https:\/\/schema.org","@graph":[{"@type":"WebPage","@id":"https:\/\/postalfly.com\/he-complete-guide-to-lost-and-found-what-to-do-and-how-to-recover-them\/","url":"https:\/\/postalfly.com\/he-complete-guide-to-lost-and-found-what-to-do-and-how-to-recover-them\/","name":"Den kompletta guiden till borttappade och upphittade saker: Vad du ska g\u00f6ra och hur du \u00e5terf\u00e5r dem - postalfly","isPartOf":{"@id":"https:\/\/postalfly.com\/#website"},"datePublished":"2022-10-18T10:54:12+00:00","dateModified":"2024-06-07T09:21:23+00:00","breadcrumb":{"@id":"https:\/\/postalfly.com\/he-complete-guide-to-lost-and-found-what-to-do-and-how-to-recover-them\/#breadcrumb"},"inLanguage":"sv-SE","potentialAction":[{"@type":"ReadAction","target":["https:\/\/postalfly.com\/he-complete-guide-to-lost-and-found-what-to-do-and-how-to-recover-them\/"]}]},{"@type":"BreadcrumbList","@id":"https:\/\/postalfly.com\/he-complete-guide-to-lost-and-found-what-to-do-and-how-to-recover-them\/#breadcrumb","itemListElement":[{"@type":"ListItem","position":1,"name":"Home","item":"https:\/\/postalfly.com\/"},{"@type":"ListItem","position":2,"name":"The complete guide to lost and found: What to do and how to recover them"}]},{"@type":"WebSite","@id":"https:\/\/postalfly.com\/#website","url":"https:\/\/postalfly.com\/","name":"Postflyg","description":"Frakt av hittegods: Flygplatser - h\u00e4mta dina tillh\u00f6righeter","publisher":{"@id":"https:\/\/postalfly.com\/#organization"},"potentialAction":[{"@type":"SearchAction","target":{"@type":"EntryPoint","urlTemplate":"https:\/\/postalfly.com\/?s={search_term_string}"},"query-input":{"@type":"PropertyValueSpecification","valueRequired":true,"valueName":"search_term_string"}}],"inLanguage":"sv-SE"},{"@type":"Organization","@id":"https:\/\/postalfly.com\/#organization","name":"Postflyg","url":"https:\/\/postalfly.com\/","logo":{"@type":"ImageObject","inLanguage":"sv-SE","@id":"https:\/\/postalfly.com\/#\/schema\/logo\/image\/","url":"","contentUrl":"","caption":"PostalFly"},"image":{"@id":"https:\/\/postalfly.com\/#\/schema\/logo\/image\/"}}]}},"_links":{"self":[{"href":"https:\/\/postalfly.com\/sv\/wp-json\/wp\/v2\/pages\/13","targetHints":{"allow":["GET"]}}],"collection":[{"href":"https:\/\/postalfly.com\/sv\/wp-json\/wp\/v2\/pages"}],"about":[{"href":"https:\/\/postalfly.com\/sv\/wp-json\/wp\/v2\/types\/page"}],"author":[{"embeddable":true,"href":"https:\/\/postalfly.com\/sv\/wp-json\/wp\/v2\/users\/1"}],"replies":[{"embeddable":true,"href":"https:\/\/postalfly.com\/sv\/wp-json\/wp\/v2\/comments?post=13"}],"version-history":[{"count":0,"href":"https:\/\/postalfly.com\/sv\/wp-json\/wp\/v2\/pages\/13\/revisions"}],"wp:attachment":[{"href":"https:\/\/postalfly.com\/sv\/wp-json\/wp\/v2\/media?parent=13"}],"curies":[{"name":"wp","href":"https:\/\/api.w.org\/{rel}","templated":true}]}}