{"id":587,"date":"2024-05-11T07:28:58","date_gmt":"2024-05-11T07:28:58","guid":{"rendered":"https:\/\/postalfly.com\/?page_id=587"},"modified":"2025-02-20T14:42:01","modified_gmt":"2025-02-20T14:42:01","slug":"data-protection","status":"publish","type":"page","link":"https:\/\/postalfly.com\/sv\/dataskydd\/","title":{"rendered":"BEHANDLING AV KUNDDATA"},"content":{"rendered":"<div data-elementor-type=\"wp-page\" data-elementor-id=\"587\" class=\"elementor elementor-587\" data-elementor-post-type=\"page\">\n\t\t\t\t\t\t<section class=\"has_ae_slider elementor-section elementor-top-section elementor-element elementor-element-20c92f7 elementor-section-full_width elementor-section-stretched elementor-section-height-default elementor-section-height-default ae-bg-gallery-type-default\" data-id=\"20c92f7\" data-element_type=\"section\" data-e-type=\"section\" data-settings=\"{&quot;stretch_section&quot;:&quot;section-stretched&quot;}\">\n\t\t\t\t\t\t<div class=\"elementor-container elementor-column-gap-wider\">\n\t\t\t\t\t<div class=\"has_ae_slider elementor-column elementor-col-100 elementor-top-column elementor-element elementor-element-0c45c5b ae-bg-gallery-type-default\" data-id=\"0c45c5b\" data-element_type=\"column\" data-e-type=\"column\">\n\t\t\t<div class=\"elementor-widget-wrap elementor-element-populated\">\n\t\t\t\t\t\t<section class=\"has_ae_slider elementor-section elementor-inner-section elementor-element elementor-element-3868c9a elementor-section-boxed elementor-section-height-default elementor-section-height-default ae-bg-gallery-type-default\" data-id=\"3868c9a\" data-element_type=\"section\" data-e-type=\"section\" data-settings=\"{&quot;background_background&quot;:&quot;classic&quot;}\">\n\t\t\t\t\t\t<div class=\"elementor-container elementor-column-gap-default\">\n\t\t\t\t\t<div class=\"has_ae_slider elementor-column elementor-col-100 elementor-inner-column elementor-element elementor-element-d33c264 ae-bg-gallery-type-default\" data-id=\"d33c264\" data-element_type=\"column\" data-e-type=\"column\" data-settings=\"{&quot;background_background&quot;:&quot;classic&quot;}\">\n\t\t\t<div class=\"elementor-widget-wrap elementor-element-populated\">\n\t\t\t\t\t\t<div class=\"elementor-element elementor-element-dc8a8cd elementor-widget elementor-widget-spacer\" data-id=\"dc8a8cd\" data-element_type=\"widget\" data-e-type=\"widget\" data-widget_type=\"spacer.default\">\n\t\t\t\t<div class=\"elementor-widget-container\">\n\t\t\t\t\t\t\t<div class=\"elementor-spacer\">\n\t\t\t<div class=\"elementor-spacer-inner\"><\/div>\n\t\t<\/div>\n\t\t\t\t\t\t<\/div>\n\t\t\t\t<\/div>\n\t\t\t\t<div class=\"elementor-element elementor-element-a20e3cf elementor-widget elementor-widget-heading\" data-id=\"a20e3cf\" data-element_type=\"widget\" data-e-type=\"widget\" data-widget_type=\"heading.default\">\n\t\t\t\t<div class=\"elementor-widget-container\">\n\t\t\t\t\t<h1 class=\"elementor-heading-title elementor-size-default\">BEHANDLING AV KUNDDATA<\/h1>\t\t\t\t<\/div>\n\t\t\t\t<\/div>\n\t\t\t\t<div class=\"elementor-element elementor-element-70d466d elementor-widget elementor-widget-text-editor\" data-id=\"70d466d\" data-element_type=\"widget\" data-e-type=\"widget\" data-widget_type=\"text-editor.default\">\n\t\t\t\t<div class=\"elementor-widget-container\">\n\t\t\t\t\t\t\t\t\t<p>INFORMATION OM PERSONUPPGIFTSANSVARIG:<\/p><p>Identitet: AEROSAFE SL - NIF: B05417399<\/p><p>Telefon: 654712208 - E-post: info@postalfly.com<\/p><p>\"P\u00e5 AEROSAFE SL behandlar vi den information som du l\u00e4mnar till oss f\u00f6r att kunna tillhandah\u00e5lla den beg\u00e4rda tj\u00e4nsten och genomf\u00f6ra fakturering. De uppgifter som tillhandah\u00e5lls kommer att beh\u00e5llas s\u00e5 l\u00e4nge som den kommersiella relationen uppr\u00e4tth\u00e5lls eller under den tid som kr\u00e4vs f\u00f6r att uppfylla r\u00e4ttsliga skyldigheter och hantera eventuella skulder som kan uppst\u00e5 genom att uppfylla det syfte f\u00f6r vilket uppgifterna samlades in. Uppgifterna kommer inte att \u00f6verf\u00f6ras till tredje part utom i de fall d\u00e4r det finns en r\u00e4ttslig skyldighet. Du har r\u00e4tt att f\u00e5 information om huruvida AEROSAFE SL behandlar dina personuppgifter, s\u00e5 att du kan ut\u00f6va dina r\u00e4ttigheter till tillg\u00e5ng, r\u00e4ttelse, radering och dataportabilitet, samt inv\u00e4ndning och begr\u00e4nsning av behandlingen genom att kontakta AEROSAFE SL, CALLE PRECIADOS, 3 URBANIZACION URLISA II. 03599, ALTEA, ALICANTE, eller via e-post p\u00e5 info@postalfly.com, och bifoga en kopia av din DNI eller motsvarande dokument. Dessutom kan du, s\u00e4rskilt om du anser att du inte har f\u00e5tt full tillfredst\u00e4llelse vid ut\u00f6vandet av dina r\u00e4ttigheter, l\u00e4mna in ett klagom\u00e5l till den nationella kontrollmyndigheten genom att kontakta den spanska dataskyddsmyndigheten, C\/ Jorge Juan, 6 - 28001 Madrid.<\/p><p>Vi beg\u00e4r ocks\u00e5 din till\u00e5telse att erbjuda dig produkter och tj\u00e4nster som \u00e4r relaterade till dessa avtal och att beh\u00e5lla dig som kund.\"<\/p>\t\t\t\t\t\t\t\t<\/div>\n\t\t\t\t<\/div>\n\t\t\t\t\t<\/div>\n\t\t<\/div>\n\t\t\t\t\t<\/div>\n\t\t<\/section>\n\t\t\t\t\t<\/div>\n\t\t<\/div>\n\t\t\t\t\t<\/div>\n\t\t<\/section>\n\t\t\t\t<\/div>","protected":false},"excerpt":{"rendered":"<p>CUSTOMER DATA PROCESSING DATA CONTROLLER INFORMATION: Identity: AEROSAFE SL \u2013 NIF: B05417399 Phone: 654712208 \u2013 Email: info@postalfly.com \u201cAt AEROSAFE SL, we process the information you provide<span class=\"excerpt-hellip\"> [\u2026]<\/span><\/p>\n","protected":false},"author":1,"featured_media":0,"parent":0,"menu_order":0,"comment_status":"open","ping_status":"closed","template":"","meta":{"footnotes":""},"class_list":["post-587","page","type-page","status-publish","hentry"],"yoast_head":"<!-- This site is optimized with the Yoast SEO Premium plugin v21.7 (Yoast SEO v27.5) - https:\/\/yoast.com\/product\/yoast-seo-premium-wordpress\/ -->\n<title>CUSTOMER DATA PROCESSING - postalfly<\/title>\n<meta name=\"robots\" content=\"index, follow, max-snippet:-1, max-image-preview:large, max-video-preview:-1\" \/>\n<link rel=\"canonical\" href=\"https:\/\/postalfly.com\/sv\/dataskydd\/\" \/>\n<meta property=\"og:locale\" content=\"sv_SE\" \/>\n<meta property=\"og:type\" content=\"article\" \/>\n<meta property=\"og:title\" content=\"CUSTOMER DATA PROCESSING\" \/>\n<meta property=\"og:description\" content=\"CUSTOMER DATA PROCESSING DATA CONTROLLER INFORMATION: Identity: AEROSAFE SL \u2013 NIF: B05417399 Phone: 654712208 \u2013 Email: info@postalfly.com \u201cAt AEROSAFE SL, we process the information you provide [\u2026]\" \/>\n<meta property=\"og:url\" content=\"https:\/\/postalfly.com\/sv\/dataskydd\/\" \/>\n<meta property=\"og:site_name\" content=\"postalfly\" \/>\n<meta property=\"article:modified_time\" content=\"2025-02-20T14:42:01+00:00\" \/>\n<meta name=\"twitter:card\" content=\"summary_large_image\" \/>\n<meta name=\"twitter:label1\" content=\"Ber\u00e4knad l\u00e4stid\" \/>\n\t<meta name=\"twitter:data1\" content=\"1 minut\" \/>\n<script type=\"application\/ld+json\" class=\"yoast-schema-graph\">{\"@context\":\"https:\\\/\\\/schema.org\",\"@graph\":[{\"@type\":\"WebPage\",\"@id\":\"https:\\\/\\\/postalfly.com\\\/data-protection\\\/\",\"url\":\"https:\\\/\\\/postalfly.com\\\/data-protection\\\/\",\"name\":\"CUSTOMER DATA PROCESSING - postalfly\",\"isPartOf\":{\"@id\":\"https:\\\/\\\/postalfly.com\\\/#website\"},\"datePublished\":\"2024-05-11T07:28:58+00:00\",\"dateModified\":\"2025-02-20T14:42:01+00:00\",\"breadcrumb\":{\"@id\":\"https:\\\/\\\/postalfly.com\\\/data-protection\\\/#breadcrumb\"},\"inLanguage\":\"sv-SE\",\"potentialAction\":[{\"@type\":\"ReadAction\",\"target\":[\"https:\\\/\\\/postalfly.com\\\/data-protection\\\/\"]}]},{\"@type\":\"BreadcrumbList\",\"@id\":\"https:\\\/\\\/postalfly.com\\\/data-protection\\\/#breadcrumb\",\"itemListElement\":[{\"@type\":\"ListItem\",\"position\":1,\"name\":\"Home\",\"item\":\"https:\\\/\\\/postalfly.com\\\/\"},{\"@type\":\"ListItem\",\"position\":2,\"name\":\"CUSTOMER DATA PROCESSING\"}]},{\"@type\":\"WebSite\",\"@id\":\"https:\\\/\\\/postalfly.com\\\/#website\",\"url\":\"https:\\\/\\\/postalfly.com\\\/\",\"name\":\"PostalFly\",\"description\":\"Lost Items Shipping: Airports - Retrieve Your Belongings\",\"publisher\":{\"@id\":\"https:\\\/\\\/postalfly.com\\\/#organization\"},\"potentialAction\":[{\"@type\":\"SearchAction\",\"target\":{\"@type\":\"EntryPoint\",\"urlTemplate\":\"https:\\\/\\\/postalfly.com\\\/?s={search_term_string}\"},\"query-input\":{\"@type\":\"PropertyValueSpecification\",\"valueRequired\":true,\"valueName\":\"search_term_string\"}}],\"inLanguage\":\"sv-SE\"},{\"@type\":\"Organization\",\"@id\":\"https:\\\/\\\/postalfly.com\\\/#organization\",\"name\":\"PostalFly\",\"url\":\"https:\\\/\\\/postalfly.com\\\/\",\"logo\":{\"@type\":\"ImageObject\",\"inLanguage\":\"sv-SE\",\"@id\":\"https:\\\/\\\/postalfly.com\\\/#\\\/schema\\\/logo\\\/image\\\/\",\"url\":\"\",\"contentUrl\":\"\",\"caption\":\"PostalFly\"},\"image\":{\"@id\":\"https:\\\/\\\/postalfly.com\\\/#\\\/schema\\\/logo\\\/image\\\/\"}}]}<\/script>\n<!-- \/ Yoast SEO Premium plugin. -->","yoast_head_json":{"title":"Bearbetning av kunddata - postgiro","robots":{"index":"index","follow":"follow","max-snippet":"max-snippet:-1","max-image-preview":"max-image-preview:large","max-video-preview":"max-video-preview:-1"},"canonical":"https:\/\/postalfly.com\/sv\/dataskydd\/","og_locale":"sv_SE","og_type":"article","og_title":"CUSTOMER DATA PROCESSING","og_description":"CUSTOMER DATA PROCESSING DATA CONTROLLER INFORMATION: Identity: AEROSAFE SL \u2013 NIF: B05417399 Phone: 654712208 \u2013 Email: info@postalfly.com \u201cAt AEROSAFE SL, we process the information you provide [\u2026]","og_url":"https:\/\/postalfly.com\/sv\/dataskydd\/","og_site_name":"postalfly","article_modified_time":"2025-02-20T14:42:01+00:00","twitter_card":"summary_large_image","twitter_misc":{"Ber\u00e4knad l\u00e4stid":"1 minut"},"schema":{"@context":"https:\/\/schema.org","@graph":[{"@type":"WebPage","@id":"https:\/\/postalfly.com\/data-protection\/","url":"https:\/\/postalfly.com\/data-protection\/","name":"Bearbetning av kunddata - postgiro","isPartOf":{"@id":"https:\/\/postalfly.com\/#website"},"datePublished":"2024-05-11T07:28:58+00:00","dateModified":"2025-02-20T14:42:01+00:00","breadcrumb":{"@id":"https:\/\/postalfly.com\/data-protection\/#breadcrumb"},"inLanguage":"sv-SE","potentialAction":[{"@type":"ReadAction","target":["https:\/\/postalfly.com\/data-protection\/"]}]},{"@type":"BreadcrumbList","@id":"https:\/\/postalfly.com\/data-protection\/#breadcrumb","itemListElement":[{"@type":"ListItem","position":1,"name":"Home","item":"https:\/\/postalfly.com\/"},{"@type":"ListItem","position":2,"name":"CUSTOMER DATA PROCESSING"}]},{"@type":"WebSite","@id":"https:\/\/postalfly.com\/#website","url":"https:\/\/postalfly.com\/","name":"Postflyg","description":"Frakt av hittegods: Flygplatser - h\u00e4mta dina tillh\u00f6righeter","publisher":{"@id":"https:\/\/postalfly.com\/#organization"},"potentialAction":[{"@type":"SearchAction","target":{"@type":"EntryPoint","urlTemplate":"https:\/\/postalfly.com\/?s={search_term_string}"},"query-input":{"@type":"PropertyValueSpecification","valueRequired":true,"valueName":"search_term_string"}}],"inLanguage":"sv-SE"},{"@type":"Organization","@id":"https:\/\/postalfly.com\/#organization","name":"Postflyg","url":"https:\/\/postalfly.com\/","logo":{"@type":"ImageObject","inLanguage":"sv-SE","@id":"https:\/\/postalfly.com\/#\/schema\/logo\/image\/","url":"","contentUrl":"","caption":"PostalFly"},"image":{"@id":"https:\/\/postalfly.com\/#\/schema\/logo\/image\/"}}]}},"_links":{"self":[{"href":"https:\/\/postalfly.com\/sv\/wp-json\/wp\/v2\/pages\/587","targetHints":{"allow":["GET"]}}],"collection":[{"href":"https:\/\/postalfly.com\/sv\/wp-json\/wp\/v2\/pages"}],"about":[{"href":"https:\/\/postalfly.com\/sv\/wp-json\/wp\/v2\/types\/page"}],"author":[{"embeddable":true,"href":"https:\/\/postalfly.com\/sv\/wp-json\/wp\/v2\/users\/1"}],"replies":[{"embeddable":true,"href":"https:\/\/postalfly.com\/sv\/wp-json\/wp\/v2\/comments?post=587"}],"version-history":[{"count":0,"href":"https:\/\/postalfly.com\/sv\/wp-json\/wp\/v2\/pages\/587\/revisions"}],"wp:attachment":[{"href":"https:\/\/postalfly.com\/sv\/wp-json\/wp\/v2\/media?parent=587"}],"curies":[{"name":"wp","href":"https:\/\/api.w.org\/{rel}","templated":true}]}}